{"id":954,"date":"2025-07-17T22:33:47","date_gmt":"2025-07-17T20:33:47","guid":{"rendered":"https:\/\/knowyn.se\/artikler\/"},"modified":"2025-10-29T14:39:23","modified_gmt":"2025-10-29T12:39:23","slug":"artikler","status":"publish","type":"page","link":"https:\/\/knowyn.se\/no\/artikler\/","title":{"rendered":"Artikler"},"content":{"rendered":"<p>[et_pb_section fb_built=&raquo;1&#8243; custom_padding_last_edited=&raquo;on|phone&raquo; _builder_version=&raquo;4.27.4&#8243; _module_preset=&raquo;default&raquo; background_color=&raquo;#F4F1E1&#8243; background_image=&raquo;https:\/\/knowyndev.hemsida.eu\/wp-content\/uploads\/2025\/07\/knowyn-landning-art-img.webp&raquo; custom_padding=&raquo;120px||120px||false|false&raquo; custom_padding_tablet=&raquo;120px||120px||false|false&raquo; custom_padding_phone=&raquo;80px||80px||false|false&raquo; locked=&raquo;off&raquo; global_colors_info=&raquo;{}&raquo;][et_pb_row _builder_version=&raquo;4.27.4&#8243; _module_preset=&raquo;default&raquo; global_colors_info=&raquo;{}&raquo;][et_pb_column type=&raquo;4_4&#8243; _builder_version=&raquo;4.27.4&#8243; _module_preset=&raquo;default&raquo; global_colors_info=&raquo;{}&raquo;][et_pb_text _builder_version=&raquo;4.27.4&#8243; _module_preset=&raquo;default&raquo; text_font=&raquo;|300||on|||||&raquo; text_text_color=&raquo;#FFFFFF&raquo; text_orientation=&raquo;center&raquo; custom_margin=&raquo;||||false|false&raquo; global_colors_info=&raquo;{}&raquo;]<\/p>\n<p>Historien bak Knowyn<\/p>\n<p>[\/et_pb_text][et_pb_text _builder_version=&raquo;4.27.4&#8243; _module_preset=&raquo;default&raquo; header_font=&raquo;|700|||||||&raquo; header_text_align=&raquo;center&raquo; header_text_color=&raquo;#FFFFFF&raquo; header_font_size=&raquo;40px&raquo; max_width=&raquo;550px&raquo; module_alignment=&raquo;center&raquo; custom_margin=&raquo;||0px||false|false&raquo; custom_padding=&raquo;||||false|false&raquo; header_font_size_tablet=&raquo;40px&raquo; header_font_size_phone=&raquo;32px&raquo; header_font_size_last_edited=&raquo;on|phone&raquo; global_colors_info=&raquo;{}&raquo;]<\/p>\n<h1>Her kan du lese mer om v\u00e5re siste nyheter, webinarer og bransjenyheter<\/h1>\n<p>[\/et_pb_text][\/et_pb_column][\/et_pb_row][\/et_pb_section][et_pb_section fb_built=&raquo;1&#8243; custom_padding_last_edited=&raquo;on|phone&raquo; admin_label=&raquo;About&raquo; _builder_version=&raquo;4.27.4&#8243; _module_preset=&raquo;default&raquo; custom_padding=&raquo;40px||120px||false|false&raquo; custom_padding_tablet=&raquo;40px||120px||false|false&raquo; custom_padding_phone=&raquo;40px||80px||false|false&raquo; locked=&raquo;off&raquo; collapsed=&raquo;off&raquo; global_colors_info=&raquo;{}&raquo;][et_pb_row _builder_version=&raquo;4.27.4&#8243; _module_preset=&raquo;_initial&raquo; width=&raquo;100%&raquo; max_width=&raquo;2580px&raquo; custom_padding=&raquo;0px||||false|false&raquo; global_colors_info=&raquo;{}&raquo;][et_pb_column type=&raquo;4_4&#8243; _builder_version=&raquo;4.27.3&#8243; _module_preset=&raquo;default&raquo; global_colors_info=&raquo;{}&raquo;][dipi_blog_slider posts_number=&raquo;3&#8243; use_thumbnail_height=&raquo;on&raquo; thumbnail_height=&raquo;350px&raquo; show_more=&raquo;on&raquo; show_more_text=&raquo;Les mer&raquo; show_author=&raquo;off&raquo; show_date=&raquo;off&raquo; columns=&raquo;3&#8243; space_between=&raquo;31&#8243; speed=&raquo;901&#8243; loop=&raquo;on&raquo; autoplay=&raquo;on&raquo; autoplay_speed=&raquo;7001&#8243; pagination=&raquo;on&raquo; centered=&raquo;on&raquo; navigation_color=&raquo;#5D529F&raquo; pagination_color=&raquo;#5D529F&raquo; pagination_active_color=&raquo;#5D529F&raquo; image_animation=&raquo;zoomin&raquo; item_bg_color=&raquo;#F4F1E1&#8243; thumbnail_height_tablet=&raquo;350px&raquo; thumbnail_height_phone=&raquo;200px&raquo; thumbnail_height_last_edited=&raquo;on|tablet&raquo; columns_tablet=&raquo;1&#8243; columns_phone=&raquo;1&#8243; columns_last_edited=&raquo;on|phone&raquo; space_between_tablet=&raquo;5&#8243; space_between_phone=&raquo;5&#8243; space_between_last_edited=&raquo;on|tablet&raquo; module_class=&raquo;blogslidersettings&raquo; _builder_version=&raquo;4.27.4&#8243; _module_preset=&raquo;_initial&raquo; header_font=&raquo;|700|||||||&raquo; header_text_color=&raquo;#000000&#8243; body_font=&raquo;|300|||||||&raquo; body_text_color=&raquo;#000000&#8243; body_font_size=&raquo;16px&raquo; cat_font=&raquo;|700||on|||||&raquo; cat_font_size=&raquo;12px&raquo; background_enable_color=&raquo;off&raquo; custom_button=&raquo;on&raquo; button_text_color=&raquo;#F4F1E1&#8243; button_bg_color=&raquo;#5D529F&raquo; button_font=&raquo;|700||on|||||&raquo; button_use_icon=&raquo;off&raquo; button_alignment=&raquo;left&raquo; button_custom_padding=&raquo;5px|20px|5px|20px|true|true&raquo; header_font_size_tablet=&raquo;&raquo; header_font_size_phone=&raquo;26px&raquo; header_font_size_last_edited=&raquo;on|phone&raquo; button_border_color_last_edited=&raquo;off|desktop&raquo; custom_css_post_read_mopre=&raquo;margin-top: 20px;&raquo; custom_css_not_active_slides=&raquo;opacity: 0.2!important;&raquo; border_width_all_item=&raquo;25px&raquo; border_color_all_item=&raquo;#F4F1E1&#8243; border_width_all_item_tablet=&raquo;30px&raquo; border_width_all_item_phone=&raquo;20px&raquo; border_width_all_item_last_edited=&raquo;on|desktop&raquo; global_colors_info=&raquo;{}&raquo; button_text_color__hover=&raquo;#5D529F&raquo; button_text_color__hover_enabled=&raquo;on|hover&raquo; button_bg_color__hover=&raquo;#F4F1E1&#8243; button_bg_color__hover_enabled=&raquo;on|hover&raquo; button_bg_enable_color__hover=&raquo;on&raquo; button_border_color__hover_enabled=&raquo;off|desktop&raquo; custom_css_post_read_mopre_last_edited=&raquo;off|phone&raquo;][\/dipi_blog_slider][\/et_pb_column][\/et_pb_row][\/et_pb_section][et_pb_section fb_built=&raquo;1&#8243; custom_padding_last_edited=&raquo;on|phone&raquo; admin_label=&raquo;Gallery&raquo; _builder_version=&raquo;4.27.4&#8243; _module_preset=&raquo;default&raquo; background_color=&raquo;#E9E9F0&#8243; custom_margin=&raquo;||||false|false&raquo; custom_padding=&raquo;200px|||||&raquo; custom_padding_tablet=&raquo;150px||||false|false&raquo; custom_padding_phone=&raquo;100px||||false|false&raquo; top_divider_style=&raquo;curve&raquo; top_divider_color=&raquo;#ffffff&raquo; top_divider_flip=&raquo;vertical&raquo; top_divider_height_tablet=&raquo;&raquo; top_divider_height_phone=&raquo;50px&raquo; top_divider_height_last_edited=&raquo;on|tablet&raquo; saved_tabs=&raquo;all&raquo; locked=&raquo;off&raquo; collapsed=&raquo;off&raquo; global_colors_info=&raquo;{}&raquo;][et_pb_row _builder_version=&raquo;4.27.3&#8243; _module_preset=&raquo;_initial&raquo; width=&raquo;90%&raquo; global_colors_info=&raquo;{}&raquo;][et_pb_column type=&raquo;4_4&#8243; _builder_version=&raquo;4.27.3&#8243; _module_preset=&raquo;default&raquo; global_colors_info=&raquo;{}&raquo;][et_pb_text _builder_version=&raquo;4.27.4&#8243; _module_preset=&raquo;_initial&raquo; text_line_height=&raquo;1.4em&raquo; header_2_font_size=&raquo;3vw&raquo; header_3_font=&raquo;|700|||||||&raquo; header_3_text_align=&raquo;center&raquo; header_3_text_color=&raquo;#000000&#8243; header_3_font_size=&raquo;34px&raquo; max_width=&raquo;800px&raquo; module_alignment=&raquo;center&raquo; header_3_font_size_tablet=&raquo;32px&raquo; header_3_font_size_phone=&raquo;26px&raquo; header_3_font_size_last_edited=&raquo;on|phone&raquo; global_colors_info=&raquo;{}&raquo;]<\/p>\n<h3>Flere artikler<\/h3>\n<p>[\/et_pb_text][et_pb_text _builder_version=&raquo;4.27.4&#8243; _module_preset=&raquo;_initial&raquo; text_orientation=&raquo;center&raquo; max_width=&raquo;800px&raquo; module_alignment=&raquo;center&raquo; global_colors_info=&raquo;{}&raquo;]<\/p>\n<p>Her samler vi alle nyheter om v\u00e5rt arbeid hos Knowyn. Les gjerne mer om samarbeid med v\u00e5re kunder, webinarer, kongresser og kurs. Vi brenner for \u00e5 endre tannlegebransjen ved \u00e5 skape en l\u00f8sning som reduserer stress i hverdagen, forenkler administrasjonen og samtidig fyller stolene.  <\/p>\n<p>[\/et_pb_text][\/et_pb_column][\/et_pb_row][et_pb_row make_equal=&raquo;on&raquo; _builder_version=&raquo;4.27.3&#8243; _module_preset=&raquo;_initial&raquo; width=&raquo;90%&raquo; global_colors_info=&raquo;{}&raquo;][et_pb_column type=&raquo;4_4&#8243; _builder_version=&raquo;4.27.3&#8243; _module_preset=&raquo;default&raquo; global_colors_info=&raquo;{}&raquo;][et_pb_blog posts_number=&raquo;6&#8243; meta_date=&raquo;m\/j Y&raquo; excerpt_length=&raquo;265&#8243; show_author=&raquo;off&raquo; module_class=&raquo;dipi-styled-blog&raquo; _builder_version=&raquo;4.27.4&#8243; _module_preset=&raquo;default&raquo; header_font=&raquo;&#8211;et_global_heading_font|700|||||||&raquo; header_text_color=&raquo;#000000&#8243; header_font_size=&raquo;22px&raquo; body_font=&raquo;|300|||||||&raquo; body_text_color=&raquo;#000000&#8243; meta_font=&raquo;|||on|||||&raquo; meta_text_color=&raquo;#5D529F&raquo; meta_font_size=&raquo;12px&raquo; read_more_font=&raquo;|||on|||||&raquo; read_more_text_color=&raquo;#FFFFFF&raquo; pagination_font_size=&raquo;14px&raquo; background_enable_color=&raquo;off&raquo; hover_enabled=&raquo;0&#8243; custom_css_title=&raquo;margin-bottom: 15px;&raquo; border_width_all=&raquo;0px&raquo; global_colors_info=&raquo;{}&raquo; show_more=&raquo;on&raquo; sticky_enabled=&raquo;0&#8243;][\/et_pb_blog][\/et_pb_column][\/et_pb_row][\/et_pb_section]<\/p>\n","protected":false},"excerpt":{"rendered":"<p>Historien bak KnowynHer kan du lese mer om v\u00e5re siste nyheter, webinarer og bransjenyheter<div class=\"et_pb_module dipi_blog_slider dipi_blog_slider_0 &raquo;blogslidersettings&raquo;\">\n\t\t\t\t\n\t\t\t\t\n\t\t\t\t\n\t\t\t\t\n\t\t\t\t\n\t\t\t\t\n\t\t\t\t<div class=\"et_pb_module_inner\">\n\t\t\t\t\t\n\t\t    <div class=\"dipi-blog-slider-main preloading\" \n\t\t    data-columnsphone=\"&raquo;1&#8243;\"\n\t\t    data-columnstablet=\"&raquo;1&#8243;\"\n\t\t    data-columnsdesktop=\"&raquo;3&#8243;\"\n\t\t    data-spacebetween=\"&raquo;31&#8243;\"\n\t\t    data-loop=\"&raquo;on&raquo;\"\n\t\t    data-speed=\"&raquo;901&#8243;\"\n\t\t    data-navigation=\"off\"\n\t\t    data-pagination=\"&raquo;on&raquo;\"\n\t\t    data-autoplay=\"&raquo;on&raquo;\"\n\t\t    data-autoplayspeed=\"&raquo;7001&#8243;\"\n\t\t    data-pauseonhover=\"on\"\n\t\t    data-effect=\"slide\"\n\t\t    data-rotate=\"50\"\n\t\t    data-dynamicbullets=\"on\"\n\t\t    data-ordernumber=\"0\"\n\t\t    data-centered=\"&raquo;on&raquo;\"\n\t\t    data-spacebetween_tablet=\"&raquo;5&#8243;\"\n\t\t    data-spacebetween_phone=\"&raquo;5&#8243;\"\n\t\t    data-shadow=\"true\">\n\t\t        <div class=\"swiper-container\">\n\t\t            <div class=\"dipi-blog-slider-wrapper\">\n\t\t                <div class=\"dipi-blog-post clearfix category-uncategorized-no\">\n<div class=\"dipi-entry-featured-image-url dipi-&raquo;zoomin&raquo;\">\n\n\t\t<a    \n        class=\"dipi-blog-post-overlay-link\"\n        href=\"https:\/\/knowyn.se\/no\/nordic-dental-summit-2025\/\"\n        target=\"\"\n        aria-label=\"Nordic Dental Summit 2025!\"\n    ><\/a>\n\t\n    <div class=\"dipi-blog-post-overlay\">\n            <\/div>\n\n    <img\n                decoding=\"async\"\n                loading=\"lazy\"\n                class=\"wp-post-image\"\n                src=\"https:\/\/knowyn.se\/wp-content\/uploads\/2025\/10\/Nordic-Dental-QR.png\"\n                alt=\"\"\n                srcset=\"https:\/\/knowyn.se\/wp-content\/uploads\/2025\/10\/Nordic-Dental-QR.png 768w, https:\/\/knowyn.se\/wp-content\/uploads\/2025\/10\/Nordic-Dental-QR.png 980w, https:\/\/knowyn.se\/wp-content\/uploads\/2025\/10\/Nordic-Dental-QR.png 1024w\"\n                sizes=\"(max-width: 768px) 768px, (max-width: 980px) 980px, 1024px\"\n            \/>\n            \n<\/div><div class=\"dipi-post-content\">\n    <div class=\"dipi-categories\">\n        <a href=\"https:\/\/knowyn.se\/no\/category\/uncategorized-no\/\" rel=\"tag\">Uncategorized @no<\/a>    <\/div>\n    <h2 class=\"dipi-entry-title\">\n        <a href=\"https:\/\/knowyn.se\/no\/nordic-dental-summit-2025\/\" \n        target=\"\"\n        aria-label=\"Nordic Dental Summit 2025!\"\n    >\n            Nordic Dental Summit 2025!        <\/a>\n    <\/h2>    <div class=\"dipi-post-text\">\nVil du ha sjansen til \u00e5 vinne en plass til \u00e5rets arrangement innen tannhelse? I l\u00f8pet av to dager, 28-29\/11, starter en helt ny plattform for utdanning innen tannhelse,...<\/div>\n    <\/div><!-- dipi-post-content --><\/div><!-- dipi-blog-post -->\n\n\t\t            <\/div>\n\t\t        <\/div>\n\t\t        \n\t\t        <div class=\"swiper-container-horizontal\">\n\t\t            \n\t\t        <\/div>\n\t\t    <\/div>\n\t\t\t\t<\/div>\n\t\t\t<\/div><\/p>\n","protected":false},"author":2,"featured_media":955,"parent":0,"menu_order":0,"comment_status":"closed","ping_status":"closed","template":"","meta":{"_et_pb_use_builder":"on","_et_pb_old_content":"","_et_gb_content_width":"","footnotes":""},"dipi_cpt_category":[],"class_list":["post-954","page","type-page","status-publish","has-post-thumbnail","hentry"],"_links":{"self":[{"href":"https:\/\/knowyn.se\/no\/wp-json\/wp\/v2\/pages\/954","targetHints":{"allow":["GET"]}}],"collection":[{"href":"https:\/\/knowyn.se\/no\/wp-json\/wp\/v2\/pages"}],"about":[{"href":"https:\/\/knowyn.se\/no\/wp-json\/wp\/v2\/types\/page"}],"author":[{"embeddable":true,"href":"https:\/\/knowyn.se\/no\/wp-json\/wp\/v2\/users\/2"}],"replies":[{"embeddable":true,"href":"https:\/\/knowyn.se\/no\/wp-json\/wp\/v2\/comments?post=954"}],"version-history":[{"count":2,"href":"https:\/\/knowyn.se\/no\/wp-json\/wp\/v2\/pages\/954\/revisions"}],"predecessor-version":[{"id":957,"href":"https:\/\/knowyn.se\/no\/wp-json\/wp\/v2\/pages\/954\/revisions\/957"}],"wp:featuredmedia":[{"embeddable":true,"href":"https:\/\/knowyn.se\/no\/wp-json\/wp\/v2\/media\/955"}],"wp:attachment":[{"href":"https:\/\/knowyn.se\/no\/wp-json\/wp\/v2\/media?parent=954"}],"wp:term":[{"taxonomy":"dipi_cpt_category","embeddable":true,"href":"https:\/\/knowyn.se\/no\/wp-json\/wp\/v2\/dipi_cpt_category?post=954"}],"curies":[{"name":"wp","href":"https:\/\/api.w.org\/{rel}","templated":true}]}}