{"id":1242,"date":"2025-07-19T22:19:16","date_gmt":"2025-07-19T20:19:16","guid":{"rendered":"https:\/\/knowyn.se\/kontakt\/"},"modified":"2026-02-12T15:30:40","modified_gmt":"2026-02-12T13:30:40","slug":"kontakt","status":"publish","type":"page","link":"https:\/\/knowyn.se\/no\/kontakt\/","title":{"rendered":"Kontakt"},"content":{"rendered":"<p>[et_pb_section fb_built=&raquo;1&#8243; custom_padding_last_edited=&raquo;on|phone&raquo; _builder_version=&raquo;4.27.4&#8243; _module_preset=&raquo;default&raquo; use_background_color_gradient=&raquo;on&raquo; background_color_gradient_direction=&raquo;90deg&raquo; background_color_gradient_stops=&raquo;rgba(93,82,159,0.8) 0%|rgba(244,241,225,0.55) 100%&raquo; background_color_gradient_overlays_image=&raquo;on&raquo; background_image=&raquo;https:\/\/knowyn.se\/wp-content\/uploads\/2025\/07\/knowyn-hogre-patientnojdhet-img.webp&raquo; custom_padding=&raquo;120px||120px||false|false&raquo; custom_padding_tablet=&raquo;120px||120px||false|false&raquo; custom_padding_phone=&raquo;80px||80px||false|false&raquo; global_colors_info=&raquo;{}&raquo;][et_pb_row column_structure=&raquo;1_2,1_2&#8243; _builder_version=&raquo;4.27.4&#8243; _module_preset=&raquo;default&raquo; global_colors_info=&raquo;{}&raquo;][et_pb_column type=&raquo;1_2&#8243; _builder_version=&raquo;4.27.4&#8243; _module_preset=&raquo;default&raquo; global_colors_info=&raquo;{}&raquo;][et_pb_text _builder_version=&raquo;4.27.4&#8243; _module_preset=&raquo;default&raquo; header_font=&raquo;|700|||||||&raquo; header_text_color=&raquo;#F4F1E1&#8243; header_font_size=&raquo;40px&raquo; max_width=&raquo;380px&raquo; custom_margin=&raquo;||0px||false|false&raquo; custom_padding=&raquo;||||false|false&raquo; header_font_size_tablet=&raquo;40px&raquo; header_font_size_phone=&raquo;32px&raquo; header_font_size_last_edited=&raquo;on|phone&raquo; global_colors_info=&raquo;{}&raquo;]<\/p>\n<h1>Kom i kontakt med oss<\/h1>\n<p>[\/et_pb_text][et_pb_text _builder_version=&raquo;4.27.4&#8243; _module_preset=&raquo;default&raquo; text_font=&raquo;|700|||||||&raquo; text_text_color=&raquo;#F4F1E1&#8243; link_text_color=&raquo;#F4F1E1&#8243; global_colors_info=&raquo;{}&raquo; link_text_color__hover_enabled=&raquo;on|hover&raquo; link_text_color__hover=&raquo;#E3DCB5&#8243;]<\/p>\n<p><a href=\"https:\/\/calendar.google.com\/calendar\/embed?src=magnus%40knowyn.se&amp;ctz=Europe%2FStockholm\">Bestill demo<\/a><\/p>\n<p>[\/et_pb_text][et_pb_text _builder_version=&raquo;4.27.4&#8243; _module_preset=&raquo;default&raquo; text_text_color=&raquo;#FFFFFF&raquo; custom_margin=&raquo;||40px|||&raquo; global_colors_info=&raquo;{}&raquo;]<\/p>\n<p>Knowyn tilbyr profesjonell st\u00f8tte for klinikker som \u00f8nsker \u00e5<br \/>effektivisere driften, styrke lederskapet og skape<br \/>b\u00e6rekraftig vekst. Med b\u00e5de menneskelig ekspertise og digitale<br \/>verkt\u00f8y hjelper vi dere med \u00e5 utvikle virksomheten, fra<br \/>strategi til hverdag. <\/p>\n<p>[\/et_pb_text][dipi_button_grid flex_direction=&raquo;row&raquo; justify_content=&raquo;flex-start&raquo; _builder_version=&raquo;4.27.5&#8243; _module_preset=&raquo;default&raquo; custom_button_grid=&raquo;on&raquo; custom_margin=&raquo;||||false|false&raquo; custom_padding=&raquo;||||false|false&raquo; hover_enabled=&raquo;0&#8243; global_colors_info=&raquo;{}&raquo; sticky_enabled=&raquo;0&#8243;][dipi_button_grid_child button_id=&raquo;bd&raquo; button_type=&raquo;dp_button&raquo; button_text=&raquo;Bestill demo&raquo; button_link=&raquo;https:\/\/knowyn.se\/no\/kontakt\/#boka-demo&raquo; _builder_version=&raquo;4.27.5&#8243; _module_preset=&raquo;default&raquo; custom_button=&raquo;on&raquo; button_text_color=&raquo;#FFFFFF&raquo; button_bg_color=&raquo;#5D529F&raquo; button_border_width=&raquo;2px&raquo; button_border_color=&raquo;#5D529F&raquo; button_font=&raquo;|700||on|||||&raquo; button_use_icon=&raquo;off&raquo; custom_margin=&raquo;|||0px|false|false&raquo; hover_enabled=&raquo;0&#8243; global_colors_info=&raquo;{}&raquo; button_text_color__hover_enabled=&raquo;on|hover&raquo; button_text_color__hover=&raquo;#5D529F&raquo; button_bg_color__hover_enabled=&raquo;on|desktop&raquo; button_bg_color__hover=&raquo;#FFFFFF&raquo; button_bg_enable_color__hover=&raquo;on&raquo; button_border_color__hover_enabled=&raquo;on|hover&raquo; button_border_color__hover=&raquo;#FFFFFF&raquo; sticky_enabled=&raquo;0&#8243;][\/dipi_button_grid_child][dipi_button_grid_child button_id=&raquo;bk&raquo; button_type=&raquo;dp_button&raquo; button_text=&raquo;bli kunde&raquo; button_link=&raquo;https:\/\/knowyn.online\/checkout\/no&raquo; _builder_version=&raquo;4.27.5&#8243; _module_preset=&raquo;default&raquo; custom_button=&raquo;on&raquo; button_text_color=&raquo;#FFFFFF&raquo; button_bg_color=&raquo;RGBA(255,255,255,0)&raquo; button_border_width=&raquo;2px&raquo; button_border_color=&raquo;#FFFFFF&raquo; button_font=&raquo;|700||on|||||&raquo; hover_enabled=&raquo;0&#8243; global_colors_info=&raquo;{}&raquo; button_text_color__hover_enabled=&raquo;on|hover&raquo; button_text_color__hover=&raquo;#5D529F&raquo; button_bg_color__hover_enabled=&raquo;on|desktop&raquo; button_bg_color__hover=&raquo;#FFFFFF&raquo; button_bg_enable_color__hover=&raquo;on&raquo; button_border_color__hover_enabled=&raquo;on|hover&raquo; button_border_color__hover=&raquo;#FFFFFF&raquo; sticky_enabled=&raquo;0&#8243;][\/dipi_button_grid_child][\/dipi_button_grid][\/et_pb_column][et_pb_column type=&raquo;1_2&#8243; _builder_version=&raquo;4.27.4&#8243; _module_preset=&raquo;default&raquo; global_colors_info=&raquo;{}&raquo;][\/et_pb_column][\/et_pb_row][\/et_pb_section][et_pb_section fb_built=&raquo;1&#8243; custom_padding_last_edited=&raquo;on|phone&raquo; _builder_version=&raquo;4.27.4&#8243; _module_preset=&raquo;default&raquo; custom_padding_tablet=&raquo;&raquo; custom_padding_phone=&raquo;||20px||false|false&raquo; global_colors_info=&raquo;{}&raquo;][et_pb_row _builder_version=&raquo;4.27.4&#8243; _module_preset=&raquo;default&raquo; global_colors_info=&raquo;{}&raquo;][et_pb_column type=&raquo;4_4&#8243; _builder_version=&raquo;4.27.4&#8243; _module_preset=&raquo;default&raquo; global_colors_info=&raquo;{}&raquo;][et_pb_text _builder_version=&raquo;4.27.4&#8243; _module_preset=&raquo;default&raquo; text_font=&raquo;|700|||||||&raquo; header_font=&raquo;|700|||||||&raquo; header_3_font=&raquo;|700|||||||&raquo; header_3_text_align=&raquo;center&raquo; header_3_font_size=&raquo;26px&raquo; global_colors_info=&raquo;{}&raquo;]<\/p>\n<h3>Kontaktinformasjon &amp; bestilling av demo<\/h3>\n<p>[\/et_pb_text][\/et_pb_column][\/et_pb_row][et_pb_row column_structure=&raquo;1_3,1_3,1_3&#8243; make_equal=&raquo;on&raquo; module_id=&raquo;boka-demo&raquo; _builder_version=&raquo;4.27.4&#8243; _module_preset=&raquo;default&raquo; global_colors_info=&raquo;{}&raquo;][et_pb_column type=&raquo;1_3&#8243; _builder_version=&raquo;4.27.4&#8243; _module_preset=&raquo;default&raquo; background_color=&raquo;#5D529F&raquo; custom_padding=&raquo;80px|20px|80px|20px|true|true&raquo; border_radii=&raquo;on|20px|20px|20px|20px&raquo; global_colors_info=&raquo;{}&raquo;][et_pb_text _builder_version=&raquo;4.27.4&#8243; _module_preset=&raquo;default&raquo; text_text_color=&raquo;#FFFFFF&raquo; link_text_color=&raquo;#FFFFFF&raquo; header_4_font=&raquo;|700|||||||&raquo; header_4_text_align=&raquo;center&raquo; header_4_text_color=&raquo;#F4F1E1&#8243; text_orientation=&raquo;center&raquo; global_colors_info=&raquo;{}&raquo; link_text_color__hover_enabled=&raquo;on|hover&raquo; link_text_color__hover=&raquo;#F4F1E1&#8243;]<\/p>\n<h4>Magnus Rosell<\/h4>\n<p><a href=\"mailto:magnus@knowyn.se\">magnus@knowyn.se<\/a><\/p>\n<p>Bestill en demo med meg.<\/p>\n<p>[\/et_pb_text][et_pb_button button_url=&raquo;https:\/\/calendar.app.google\/N1MhRHsKuftZ6QNj6&#8243; button_text=&raquo;Demo Magnus&raquo; button_alignment=&raquo;center&raquo; _builder_version=&raquo;4.27.4&#8243; _module_preset=&raquo;default&raquo; button_text_color=&raquo;#FFFFFF&raquo; button_bg_color=&raquo;RGBA(255,255,255,0)&raquo; button_border_color=&raquo;#FFFFFF&raquo; custom_margin=&raquo;35px||||false|false&raquo; button_bg_color_last_edited=&raquo;off|desktop&raquo; global_colors_info=&raquo;{}&raquo; button_bg_color__hover_enabled=&raquo;on|hover&raquo; button_bg_color__hover=&raquo;#FFFFFF&raquo; button_bg_enable_color__hover=&raquo;on&raquo; button_text_color__hover_enabled=&raquo;on|desktop&raquo; button_text_color__hover=&raquo;#5D529F&raquo; button_border_width__hover_enabled=&raquo;off|desktop&raquo; button_border_color__hover_enabled=&raquo;on|hover&raquo; button_border_color__hover=&raquo;#FFFFFF&raquo;][\/et_pb_button][\/et_pb_column][et_pb_column type=&raquo;1_3&#8243; _builder_version=&raquo;4.27.4&#8243; _module_preset=&raquo;default&raquo; background_color=&raquo;#5D529F&raquo; custom_padding=&raquo;80px|20px|80px|20px|true|true&raquo; border_radii=&raquo;on|20px|20px|20px|20px&raquo; global_colors_info=&raquo;{}&raquo;][et_pb_text _builder_version=&raquo;4.27.4&#8243; _module_preset=&raquo;default&raquo; text_text_color=&raquo;#FFFFFF&raquo; link_text_color=&raquo;#FFFFFF&raquo; header_4_font=&raquo;|700|||||||&raquo; header_4_text_align=&raquo;center&raquo; header_4_text_color=&raquo;#F4F1E1&#8243; text_orientation=&raquo;center&raquo; global_colors_info=&raquo;{}&raquo; link_text_color__hover_enabled=&raquo;on|hover&raquo; link_text_color__hover=&raquo;#F4F1E1&#8243;]<\/p>\n<h4>Marcus Dagnelid<\/h4>\n<p><a href=\"mailto:marcus@knowyn.se\">marcus@knowyn.se<\/a><\/p>\n<p>Bestill en demo med meg.<\/p>\n<p>[\/et_pb_text][et_pb_button button_url=&raquo;https:\/\/calendar.app.google\/RdE9pkVGY4GdFbbU6&#8243; button_text=&raquo;Demo Marcus&raquo; button_alignment=&raquo;center&raquo; _builder_version=&raquo;4.27.4&#8243; _module_preset=&raquo;default&raquo; button_text_color=&raquo;#FFFFFF&raquo; button_bg_color=&raquo;RGBA(255,255,255,0)&raquo; button_border_color=&raquo;#FFFFFF&raquo; custom_margin=&raquo;35px||||false|false&raquo; button_bg_color_last_edited=&raquo;off|desktop&raquo; global_colors_info=&raquo;{}&raquo; button_bg_color__hover_enabled=&raquo;on|hover&raquo; button_bg_color__hover=&raquo;#FFFFFF&raquo; button_bg_enable_color__hover=&raquo;on&raquo; button_text_color__hover_enabled=&raquo;on|desktop&raquo; button_text_color__hover=&raquo;#5D529F&raquo; button_border_width__hover_enabled=&raquo;off|desktop&raquo; button_border_color__hover_enabled=&raquo;on|hover&raquo; button_border_color__hover=&raquo;#FFFFFF&raquo;][\/et_pb_button][\/et_pb_column][et_pb_column type=&raquo;1_3&#8243; _builder_version=&raquo;4.27.4&#8243; _module_preset=&raquo;default&raquo; background_color=&raquo;#5D529F&raquo; custom_padding=&raquo;80px|20px|80px|20px|true|true&raquo; border_radii=&raquo;on|20px|20px|20px|20px&raquo; global_colors_info=&raquo;{}&raquo;][et_pb_text _builder_version=&raquo;4.27.4&#8243; _module_preset=&raquo;default&raquo; text_text_color=&raquo;#FFFFFF&raquo; link_text_color=&raquo;#FFFFFF&raquo; header_4_font=&raquo;|700|||||||&raquo; header_4_text_align=&raquo;center&raquo; header_4_text_color=&raquo;#F4F1E1&#8243; text_orientation=&raquo;center&raquo; global_colors_info=&raquo;{}&raquo; link_text_color__hover_enabled=&raquo;on|hover&raquo; link_text_color__hover=&raquo;#F4F1E1&#8243;]<\/p>\n<h4>Tekniske sp\u00f8rsm\u00e5l\/support<\/h4>\n<p><a href=\"mailto:support@knowyn.se\">support@knowyn.se<\/a><\/p>\n<p>[\/et_pb_text][et_pb_icon font_icon=&raquo;&#xf509;||fa||900&#8243; icon_color=&raquo;#FFFFFF&raquo; icon_width=&raquo;78px&raquo; _builder_version=&raquo;4.27.4&#8243; _module_preset=&raquo;default&raquo; custom_margin=&raquo;35px||||false|false&raquo; global_colors_info=&raquo;{}&raquo;][\/et_pb_icon][\/et_pb_column][\/et_pb_row][\/et_pb_section][et_pb_section fb_built=&raquo;1&#8243; custom_padding_last_edited=&raquo;on|phone&raquo; _builder_version=&raquo;4.27.4&#8243; _module_preset=&raquo;default&raquo; custom_padding=&raquo;80px||0px||false|false&raquo; custom_padding_tablet=&raquo;80px||0px||false|false&raquo; custom_padding_phone=&raquo;20px||0px||false|false&raquo; global_colors_info=&raquo;{}&raquo;][et_pb_row _builder_version=&raquo;4.27.4&#8243; _module_preset=&raquo;default&raquo; z_index=&raquo;152&#8243; custom_margin=&raquo;||-80px||false|false&raquo; custom_margin_tablet=&raquo;||-80px||false|false&raquo; custom_margin_phone=&raquo;||-40px||false|false&raquo; custom_margin_last_edited=&raquo;on|phone&raquo; custom_padding=&raquo;||0px||false|false&raquo; global_colors_info=&raquo;{}&raquo;][et_pb_column type=&raquo;4_4&#8243; _builder_version=&raquo;4.27.4&#8243; _module_preset=&raquo;default&raquo; global_colors_info=&raquo;{}&raquo;][et_pb_image src=&raquo;https:\/\/knowyn.se\/wp-content\/uploads\/2025\/07\/Patienter-Knowyn.webp&raquo; title_text=&raquo;Pasienter Knowyn&raquo; _builder_version=&raquo;4.27.4&#8243; _module_preset=&raquo;default&raquo; position_origin_a=&raquo;bottom_center&raquo; width=&raquo;100%&raquo; animation_style=&raquo;slide&raquo; animation_direction=&raquo;bottom&raquo; border_radii=&raquo;on|15px|15px|15px|15px&raquo; box_shadow_style=&raquo;preset1&#8243; box_shadow_color=&raquo;rgba(0,0,0,0.2)&raquo; global_colors_info=&raquo;{}&raquo;][\/et_pb_image][\/et_pb_column][\/et_pb_row][\/et_pb_section][et_pb_section fb_built=&raquo;1&#8243; _builder_version=&raquo;4.27.4&#8243; _module_preset=&raquo;default&raquo; background_color=&raquo;#5D529F&raquo; z_index=&raquo;488&#8243; custom_margin=&raquo;||||false|false&raquo; global_colors_info=&raquo;{}&raquo;][et_pb_row _builder_version=&raquo;4.27.4&#8243; _module_preset=&raquo;default&raquo; background_enable_color=&raquo;off&raquo; max_width=&raquo;500px&raquo; custom_padding=&raquo;80px||80px||false|false&raquo; global_colors_info=&raquo;{}&raquo;][et_pb_column type=&raquo;4_4&#8243; _builder_version=&raquo;4.27.4&#8243; _module_preset=&raquo;default&raquo; global_colors_info=&raquo;{}&raquo;][et_pb_text _builder_version=&raquo;4.27.4&#8243; _module_preset=&raquo;default&raquo; header_5_font=&raquo;||||||||&raquo; header_5_text_align=&raquo;center&raquo; header_5_text_color=&raquo;#FFFFFF&raquo; header_5_font_size=&raquo;30px&raquo; module_alignment=&raquo;center&raquo; custom_padding=&raquo;||50px||false|false&raquo; header_5_font_size_tablet=&raquo;30px&raquo; header_5_font_size_phone=&raquo;24px&raquo; header_5_font_size_last_edited=&raquo;on|phone&raquo; global_colors_info=&raquo;{}&raquo;]<\/p>\n<h5>For \u00e5 forst\u00e5 den fulle kraften i verkt\u00f8yet anbefales en <strong>personlig demo<\/strong>. Etter det er det umulig \u00e5 v\u00e6re uten! <\/h5>\n<p>[\/et_pb_text][dipi_button_grid flex_direction=&raquo;row&raquo; _builder_version=&raquo;4.27.5&#8243; _module_preset=&raquo;default&raquo; hover_enabled=&raquo;0&#8243; global_colors_info=&raquo;{}&raquo; sticky_enabled=&raquo;0&#8243;][dipi_button_grid_child button_id=&raquo;bd&raquo; button_type=&raquo;dp_button&raquo; button_text=&raquo;Bestill demo&raquo; button_link=&raquo;https:\/\/knowyn.se\/no\/kontakt\/#boka-demo&raquo; _builder_version=&raquo;4.27.5&#8243; _module_preset=&raquo;default&raquo; custom_button=&raquo;on&raquo; button_text_color=&raquo;#5D529F&raquo; button_bg_color=&raquo;#FFFFFF&raquo; button_border_width=&raquo;2px&raquo; button_border_color=&raquo;#FFFFFF&raquo; button_font=&raquo;|700||on|||||&raquo; hover_enabled=&raquo;0&#8243; global_colors_info=&raquo;{}&raquo; button_text_color__hover_enabled=&raquo;on|hover&raquo; button_text_color__hover=&raquo;#FFFFFF&raquo; button_bg_color__hover_enabled=&raquo;on|hover&raquo; button_bg_color__hover=&raquo;#5D529F&raquo; button_bg_enable_color__hover=&raquo;on&raquo; sticky_enabled=&raquo;0&#8243;][\/dipi_button_grid_child][dipi_button_grid_child button_id=&raquo;bk&raquo; button_type=&raquo;dp_button&raquo; button_text=&raquo;bli kunde&raquo; button_link=&raquo;https:\/\/knowyn.online\/checkout\/no&raquo; _builder_version=&raquo;4.27.5&#8243; _module_preset=&raquo;default&raquo; custom_button=&raquo;on&raquo; button_text_color=&raquo;#FFFFFF&raquo; button_bg_color=&raquo;#5D529F&raquo; button_border_width=&raquo;2px&raquo; button_border_color=&raquo;#FFFFFF&raquo; button_font=&raquo;|700||on|||||&raquo; hover_enabled=&raquo;0&#8243; global_colors_info=&raquo;{}&raquo; button_text_color__hover_enabled=&raquo;on|hover&raquo; button_text_color__hover=&raquo;#5D529F&raquo; button_bg_color__hover_enabled=&raquo;on|hover&raquo; button_bg_color__hover=&raquo;#FFFFFF&raquo; button_bg_enable_color__hover=&raquo;on&raquo; sticky_enabled=&raquo;0&#8243;][\/dipi_button_grid_child][\/dipi_button_grid][\/et_pb_column][\/et_pb_row][\/et_pb_section]<\/p>\n","protected":false},"excerpt":{"rendered":"<p>Kom i kontakt med ossBestill demoKnowyn tilbyr profesjonell st\u00f8tte for klinikker som \u00f8nsker \u00e5effektivisere driften, styrke lederskapet og skapeb\u00e6rekraftig vekst. Med b\u00e5de menneskelig ekspertise og digitaleverkt\u00f8y hjelper vi dere med \u00e5 utvikle virksomheten, frastrategi til hverdag. <div class=\"et_pb_module dipi_button_grid dipi_button_grid_0\">\n\t\t\t\t\n\t\t\t\t\n\t\t\t\t\n\t\t\t\t\n\t\t\t\t\n\t\t\t\t\n\t\t\t\t<div class=\"et_pb_module_inner\">\n\t\t\t\t\t<div class=\"dipi-button-grid-container\">\n                \n            <\/div>\n\t\t\t\t<\/div>\n\t\t\t<\/div><div class=\"et_pb_module dipi_button_grid_child dipi_button_grid_child_0\">\n\t\t\t\t\n\t\t\t\t\n\t\t\t\t\n\t\t\t\t\n\t\t\t\t\n\t\t\t\t\n\t\t\t\t<div class=\"et_pb_module_inner\">\n\t\t\t\t\t<div class=\"dipi-text-grid dipi-text-wrap\"><\/div>\n\t\t\t\t<\/div>\n\t\t\t<\/div><\/p>\n","protected":false},"author":2,"featured_media":982,"parent":0,"menu_order":0,"comment_status":"closed","ping_status":"closed","template":"","meta":{"_et_pb_use_builder":"on","_et_pb_old_content":"","_et_gb_content_width":"","footnotes":""},"dipi_cpt_category":[],"class_list":["post-1242","page","type-page","status-publish","has-post-thumbnail","hentry"],"_links":{"self":[{"href":"https:\/\/knowyn.se\/no\/wp-json\/wp\/v2\/pages\/1242","targetHints":{"allow":["GET"]}}],"collection":[{"href":"https:\/\/knowyn.se\/no\/wp-json\/wp\/v2\/pages"}],"about":[{"href":"https:\/\/knowyn.se\/no\/wp-json\/wp\/v2\/types\/page"}],"author":[{"embeddable":true,"href":"https:\/\/knowyn.se\/no\/wp-json\/wp\/v2\/users\/2"}],"replies":[{"embeddable":true,"href":"https:\/\/knowyn.se\/no\/wp-json\/wp\/v2\/comments?post=1242"}],"version-history":[{"count":4,"href":"https:\/\/knowyn.se\/no\/wp-json\/wp\/v2\/pages\/1242\/revisions"}],"predecessor-version":[{"id":1624,"href":"https:\/\/knowyn.se\/no\/wp-json\/wp\/v2\/pages\/1242\/revisions\/1624"}],"wp:featuredmedia":[{"embeddable":true,"href":"https:\/\/knowyn.se\/no\/wp-json\/wp\/v2\/media\/982"}],"wp:attachment":[{"href":"https:\/\/knowyn.se\/no\/wp-json\/wp\/v2\/media?parent=1242"}],"wp:term":[{"taxonomy":"dipi_cpt_category","embeddable":true,"href":"https:\/\/knowyn.se\/no\/wp-json\/wp\/v2\/dipi_cpt_category?post=1242"}],"curies":[{"name":"wp","href":"https:\/\/api.w.org\/{rel}","templated":true}]}}