{"id":1233,"date":"2025-07-17T15:25:21","date_gmt":"2025-07-17T13:25:21","guid":{"rendered":"https:\/\/knowyn.se\/konsulent\/"},"modified":"2026-02-12T15:26:36","modified_gmt":"2026-02-12T13:26:36","slug":"konsulent","status":"publish","type":"page","link":"https:\/\/knowyn.se\/no\/konsulent\/","title":{"rendered":"Konsulent"},"content":{"rendered":"<p>[et_pb_section fb_built=&raquo;1&#8243; custom_padding_last_edited=&raquo;on|phone&raquo; _builder_version=&raquo;4.27.4&#8243; _module_preset=&raquo;default&raquo; background_image=&raquo;https:\/\/knowyn.se\/wp-content\/uploads\/2025\/07\/knowyn-konsultstod-for-smartare-klinik-img.webp&raquo; custom_padding=&raquo;120px||120px||false|false&raquo; custom_padding_tablet=&raquo;120px||120px||false|false&raquo; custom_padding_phone=&raquo;80px||80px||false|false&raquo; global_colors_info=&raquo;{}&raquo;][et_pb_row column_structure=&raquo;1_2,1_2&#8243; _builder_version=&raquo;4.27.4&#8243; _module_preset=&raquo;default&raquo; global_colors_info=&raquo;{}&raquo;][et_pb_column type=&raquo;1_2&#8243; _builder_version=&raquo;4.27.4&#8243; _module_preset=&raquo;default&raquo; global_colors_info=&raquo;{}&raquo;][et_pb_text _builder_version=&raquo;4.27.4&#8243; _module_preset=&raquo;default&raquo; header_font=&raquo;|700|||||||&raquo; header_text_color=&raquo;#F4F1E1&#8243; header_font_size=&raquo;40px&raquo; custom_margin=&raquo;||0px||false|false&raquo; custom_padding=&raquo;||||false|false&raquo; header_font_size_tablet=&raquo;40px&raquo; header_font_size_phone=&raquo;32px&raquo; header_font_size_last_edited=&raquo;on|phone&raquo; global_colors_info=&raquo;{}&raquo;]<\/p>\n<h1>Konsulentst\u00f8tte for en smartere klinikk<\/h1>\n<p>[\/et_pb_text][et_pb_text _builder_version=&raquo;4.27.4&#8243; _module_preset=&raquo;default&raquo; text_font=&raquo;|700|||||||&raquo; text_text_color=&raquo;#F4F1E1&#8243; global_colors_info=&raquo;{}&raquo;]<\/p>\n<p>I dag og i fremtiden<\/p>\n<p>[\/et_pb_text][et_pb_text _builder_version=&raquo;4.27.4&#8243; _module_preset=&raquo;default&raquo; text_text_color=&raquo;#FFFFFF&raquo; custom_margin=&raquo;||40px|||&raquo; global_colors_info=&raquo;{}&raquo;]<\/p>\n<p>Knowyn tilbyr profesjonell st\u00f8tte for klinikker som \u00f8nsker \u00e5 effektivisere driften, styrke lederskapet og skape b\u00e6rekraftig vekst. Med b\u00e5de menneskelig ekspertise og digitale verkt\u00f8y hjelper vi dere med \u00e5 utvikle virksomheten, fra strategi til hverdag. <\/p>\n<p>[\/et_pb_text][et_pb_button button_url=&raquo;https:\/\/knowyn.online\/checkout\/no&raquo; button_text=&raquo;Bli kunde&raquo; _builder_version=&raquo;4.27.5&#8243; _module_preset=&raquo;default&raquo; button_text_color=&raquo;#F4F1E1&#8243; button_bg_color=&raquo;RGBA(255,255,255,0)&raquo; button_border_color=&raquo;#F4F1E1&#8243; hover_enabled=&raquo;0&#8243; global_colors_info=&raquo;{}&raquo; button_text_color__hover_enabled=&raquo;on|desktop&raquo; button_text_color__hover=&raquo;#5D529F&raquo; button_bg_color__hover_enabled=&raquo;on|hover&raquo; button_bg_color__hover=&raquo;#F4F1E1&#8243; button_bg_enable_color__hover=&raquo;on&raquo; sticky_enabled=&raquo;0&#8243;][\/et_pb_button][\/et_pb_column][et_pb_column type=&raquo;1_2&#8243; _builder_version=&raquo;4.27.4&#8243; _module_preset=&raquo;default&raquo; global_colors_info=&raquo;{}&raquo;][\/et_pb_column][\/et_pb_row][\/et_pb_section][et_pb_section fb_built=&raquo;1&#8243; _builder_version=&raquo;4.27.4&#8243; _module_preset=&raquo;default&raquo; background_color=&raquo;#F4F1E1&#8243; custom_padding=&raquo;||0px||false|false&raquo; global_colors_info=&raquo;{}&raquo;][et_pb_row _builder_version=&raquo;4.27.4&#8243; _module_preset=&raquo;default&raquo; global_colors_info=&raquo;{}&raquo;][et_pb_column type=&raquo;4_4&#8243; _builder_version=&raquo;4.27.4&#8243; _module_preset=&raquo;default&raquo; global_colors_info=&raquo;{}&raquo;][et_pb_text _builder_version=&raquo;4.27.4&#8243; _module_preset=&raquo;default&raquo; text_font_size=&raquo;32px&raquo; text_line_height=&raquo;1.3em&raquo; text_orientation=&raquo;center&raquo; max_width=&raquo;630px&raquo; module_alignment=&raquo;center&raquo; text_font_size_tablet=&raquo;32px&raquo; text_font_size_phone=&raquo;28px&raquo; text_font_size_last_edited=&raquo;on|phone&raquo; global_colors_info=&raquo;{}&raquo;]Mindre stress, ingen hull i timeplanen og <b style=\"color: #5d529f; font-weight: 700;\">h\u00f8yere pasienttilfredshet.<\/b>[\/et_pb_text][\/et_pb_column][\/et_pb_row][\/et_pb_section][et_pb_section fb_built=&raquo;1&#8243; custom_padding_last_edited=&raquo;on|phone&raquo; module_class=&raquo;pa-custom-background-mask-4&#8243; _builder_version=&raquo;4.27.4&#8243; _module_preset=&raquo;default&raquo; background_color=&raquo;#F4F1E1&#8243; custom_padding=&raquo;||||false|false&raquo; custom_padding_tablet=&raquo;||0px||false|false&raquo; custom_padding_phone=&raquo;0px||||false|false&raquo; global_colors_info=&raquo;{}&raquo;][et_pb_row column_structure=&raquo;1_2,1_2&#8243; make_equal=&raquo;on&raquo; custom_padding_last_edited=&raquo;on|tablet&raquo; _builder_version=&raquo;4.27.4&#8243; _module_preset=&raquo;default&raquo; z_index=&raquo;170&#8243; min_height=&raquo;400px&raquo; min_height_tablet=&raquo;420px&raquo; min_height_phone=&raquo;420px&raquo; min_height_last_edited=&raquo;on|tablet&raquo; custom_padding=&raquo;0px||0px||false|false&raquo; custom_padding_tablet=&raquo;||60px||false|false&raquo; custom_padding_phone=&raquo;||60px||false|false&raquo; global_colors_info=&raquo;{}&raquo;][et_pb_column type=&raquo;1_2&#8243; disabled_on=&raquo;on|on|off&raquo; _builder_version=&raquo;4.27.4&#8243; _module_preset=&raquo;default&raquo; background_enable_image=&raquo;off&raquo; global_colors_info=&raquo;{}&raquo;][et_pb_divider show_divider=&raquo;off&raquo; _builder_version=&raquo;4.27.4&#8243; _module_preset=&raquo;default&raquo; global_colors_info=&raquo;{}&raquo;][\/et_pb_divider][\/et_pb_column][et_pb_column type=&raquo;1_2&#8243; _builder_version=&raquo;4.27.4&#8243; _module_preset=&raquo;default&raquo; global_colors_info=&raquo;{}&raquo;][et_pb_text _builder_version=&raquo;4.27.4&#8243; _module_preset=&raquo;default&raquo; max_width=&raquo;550px&raquo; custom_margin=&raquo;||60px||false|false&raquo; custom_margin_tablet=&raquo;||80px|||&raquo; custom_margin_phone=&raquo;||40px||false|false&raquo; custom_margin_last_edited=&raquo;off|desktop&raquo; global_colors_info=&raquo;{}&raquo;]<\/p>\n<p>Med lang erfaring i \u00e5 drive og effektivisere alt fra mindre klinikker til st\u00f8rre helseenheter hjelper vi dere med \u00e5 styrke lederskapet, forbedre arbeidsflyt og heve kvaliteten i helsetjenesten.<\/p>\n<p>I tillegg til den menneskelige st\u00f8tten f\u00e5r dere ogs\u00e5 tilgang til Knowyns digitale plattform, et kraftig verkt\u00f8y som samler relevant data for oppf\u00f8lging, n\u00f8kkeltall og virksomhetsstyring. Dette gj\u00f8r det enklere \u00e5 ta velfunderte beslutninger, f\u00f8lge opp resultater og drive utviklingen fremover, b\u00e5de daglig og strategisk. <\/p>\n<p>[\/et_pb_text][et_pb_button button_url=&raquo;https:\/\/knowyn.se\/no\/kontakt\/#boka-demo&raquo; button_text=&raquo;Bestill demo&raquo; _builder_version=&raquo;4.27.5&#8243; _module_preset=&raquo;default&raquo; custom_margin=&raquo;||||false|false&raquo; hover_enabled=&raquo;0&#8243; global_colors_info=&raquo;{}&raquo; sticky_enabled=&raquo;0&#8243;][\/et_pb_button][\/et_pb_column][\/et_pb_row][et_pb_row column_structure=&raquo;1_2,1_2&#8243; use_custom_gutter=&raquo;on&raquo; custom_padding_last_edited=&raquo;on|phone&raquo; _builder_version=&raquo;4.27.4&#8243; _module_preset=&raquo;default&raquo; positioning=&raquo;absolute&raquo; position_origin_a=&raquo;center_left&raquo; z_index=&raquo;17&#8243; position_origin_a_tablet=&raquo;center_right&raquo; position_origin_a_phone=&raquo;center_right&raquo; position_origin_a_last_edited=&raquo;on|tablet&raquo; position_origin_f_tablet=&raquo;&raquo; position_origin_f_phone=&raquo;&raquo; position_origin_f_last_edited=&raquo;on|tablet&raquo; position_origin_r_tablet=&raquo;&raquo; position_origin_r_phone=&raquo;&raquo; position_origin_r_last_edited=&raquo;on|tablet&raquo; width=&raquo;100%&raquo; width_tablet=&raquo;100%&raquo; width_phone=&raquo;100%&raquo; width_last_edited=&raquo;on|tablet&raquo; max_width=&raquo;none&raquo; custom_padding=&raquo;||||false|false&raquo; custom_padding_tablet=&raquo;0px||||false|false&raquo; custom_padding_phone=&raquo;0px||||false|false&raquo; positioning_tablet=&raquo;none&raquo; positioning_phone=&raquo;none&raquo; positioning_last_edited=&raquo;on|desktop&raquo; global_colors_info=&raquo;{}&raquo;][et_pb_column type=&raquo;1_2&#8243; _builder_version=&raquo;4.27.4&#8243; _module_preset=&raquo;default&raquo; background_image=&raquo;https:\/\/knowyn.se\/wp-content\/uploads\/2025\/07\/knowyn-hogre-patientnojdhet-img.webp&raquo; global_colors_info=&raquo;{}&raquo;][et_pb_divider show_divider=&raquo;off&raquo; _builder_version=&raquo;4.27.4&#8243; _module_preset=&raquo;default&raquo; min_height=&raquo;420px&raquo; global_colors_info=&raquo;{}&raquo;][\/et_pb_divider][\/et_pb_column][et_pb_column type=&raquo;1_2&#8243; disabled_on=&raquo;on|on|off&raquo; _builder_version=&raquo;4.27.4&#8243; _module_preset=&raquo;default&raquo; global_colors_info=&raquo;{}&raquo;][\/et_pb_column][\/et_pb_row][\/et_pb_section][et_pb_section fb_built=&raquo;1&#8243; custom_padding_last_edited=&raquo;on|phone&raquo; _builder_version=&raquo;4.27.4&#8243; _module_preset=&raquo;default&raquo; overflow-x=&raquo;hidden&raquo; overflow-y=&raquo;hidden&raquo; custom_padding=&raquo;80px||0px||false|false&raquo; custom_padding_tablet=&raquo;80px||0px||false|false&raquo; custom_padding_phone=&raquo;40px||0px||false|false&raquo; locked=&raquo;off&raquo; global_colors_info=&raquo;{}&raquo;][et_pb_row column_structure=&raquo;1_5,3_5,1_5&#8243; make_equal=&raquo;on&raquo; _builder_version=&raquo;4.27.4&#8243; _module_preset=&raquo;default&raquo; width=&raquo;100%&raquo; max_width=&raquo;2560px&raquo; custom_padding=&raquo;||35px||false|false&raquo; global_colors_info=&raquo;{}&raquo;][et_pb_column type=&raquo;1_5&#8243; disabled_on=&raquo;on|on|off&raquo; _builder_version=&raquo;4.27.4&#8243; _module_preset=&raquo;default&raquo; background_color=&raquo;#F4F1E1&#8243; background_enable_image=&raquo;off&raquo; background_position=&raquo;center_left&raquo; border_radii=&raquo;off||500px|500px|&raquo; global_colors_info=&raquo;{}&raquo;][et_pb_divider show_divider=&raquo;off&raquo; _builder_version=&raquo;4.27.4&#8243; _module_preset=&raquo;default&raquo; background_enable_image=&raquo;off&raquo; global_colors_info=&raquo;{}&raquo;][\/et_pb_divider][\/et_pb_column][et_pb_column type=&raquo;3_5&#8243; _builder_version=&raquo;4.27.4&#8243; _module_preset=&raquo;default&raquo; global_colors_info=&raquo;{}&raquo;][et_pb_icon font_icon=&raquo;&#x7b;||divi||400&#8243; icon_width=&raquo;80px&raquo; _builder_version=&raquo;4.27.4&#8243; _module_preset=&raquo;default&raquo; positioning=&raquo;absolute&raquo; position_origin_a=&raquo;top_center&raquo; vertical_offset=&raquo;-46px&raquo; z_index=&raquo;353&#8243; custom_margin=&raquo;0px||-40px||false|false&raquo; custom_padding=&raquo;||||false|false&raquo; global_colors_info=&raquo;{}&raquo;][\/et_pb_icon][dipi_testimonial total_testimonial=&raquo;12&#8243; use_hide_rating=&raquo;on&raquo; review_length=&raquo;25&#8243; readmore_text=&raquo;Les mer&raquo; testimonial_suppress_filters=&raquo;off&raquo; use_show_popup_rating=&raquo;off&raquo; rating_color=&raquo;#5D529F&raquo; empty_rating_color=&raquo;#E9E9F0&#8243; columns=&raquo;1&#8243; container_padding=&raquo;0px|0px|0px|0px|false|false&raquo; speed=&raquo;3701&#8243; loop=&raquo;on&raquo; autoplay=&raquo;on&raquo; pagination=&raquo;on&raquo; pagi_color=&raquo;#000000&#8243; pagi_active_color=&raquo;#E3DCB5&#8243; img_width=&raquo;90px&raquo; item_padding=&raquo;40px|20px|40px|20px|true|true&raquo; item_bg_color=&raquo;#F4F1E1&#8243; _builder_version=&raquo;4.27.4&#8243; _module_preset=&raquo;default&raquo; testimonial_text_font_size=&raquo;20px&raquo; testimonial_text_line_height=&raquo;1.3em&raquo; readmore_font_size=&raquo;16px&raquo; max_width_tablet=&raquo;80%&raquo; max_width_phone=&raquo;90%&raquo; max_width_last_edited=&raquo;on|tablet&raquo; module_alignment=&raquo;center&raquo; custom_padding=&raquo;||||false|false&raquo; testimonial_text_font_size_tablet=&raquo;16px&raquo; testimonial_text_font_size_phone=&raquo;15px&raquo; testimonial_text_font_size_last_edited=&raquo;on|phone&raquo; readmore_font_size_tablet=&raquo;16px&raquo; readmore_font_size_phone=&raquo;15px&raquo; readmore_font_size_last_edited=&raquo;on|phone&raquo; custom_css_testimonial_text=&raquo;padding-left: 40px;||padding-right: 40px;||&raquo; border_radii=&raquo;on|250px|250px|250px|250px&raquo; border_radii_profile_image=&raquo;on|50px|50px|50px|50px&raquo; global_colors_info=&raquo;{}&raquo;][\/dipi_testimonial][\/et_pb_column][et_pb_column type=&raquo;1_5&#8243; disabled_on=&raquo;on|on|off&raquo; _builder_version=&raquo;4.27.4&#8243; _module_preset=&raquo;default&raquo; background_color=&raquo;#F4F1E1&#8243; background_enable_image=&raquo;off&raquo; background_position=&raquo;center_left&raquo; border_radii=&raquo;off|500px|||500px&raquo; global_colors_info=&raquo;{}&raquo;][et_pb_divider show_divider=&raquo;off&raquo; _builder_version=&raquo;4.27.4&#8243; _module_preset=&raquo;default&raquo; background_enable_image=&raquo;off&raquo; global_colors_info=&raquo;{}&raquo;][\/et_pb_divider][\/et_pb_column][\/et_pb_row][\/et_pb_section][et_pb_section fb_built=&raquo;1&#8243; custom_padding_last_edited=&raquo;on|phone&raquo; _builder_version=&raquo;4.27.4&#8243; _module_preset=&raquo;default&raquo; custom_padding=&raquo;80px||0px||false|false&raquo; custom_padding_tablet=&raquo;80px||0px||false|false&raquo; custom_padding_phone=&raquo;40px||0px||false|false&raquo; global_colors_info=&raquo;{}&raquo;][et_pb_row _builder_version=&raquo;4.27.4&#8243; _module_preset=&raquo;default&raquo; z_index=&raquo;152&#8243; custom_margin=&raquo;||-100px||false|false&raquo; custom_margin_tablet=&raquo;||-80px||false|false&raquo; custom_margin_phone=&raquo;||-28px||false|false&raquo; custom_margin_last_edited=&raquo;on|phone&raquo; custom_padding=&raquo;||0px||false|false&raquo; global_colors_info=&raquo;{}&raquo;][et_pb_column type=&raquo;4_4&#8243; _builder_version=&raquo;4.27.4&#8243; _module_preset=&raquo;default&raquo; global_colors_info=&raquo;{}&raquo;][et_pb_image src=&raquo;https:\/\/knowyn.se\/wp-content\/uploads\/2025\/07\/Ekonomisk_uppf-Knowyn-proimg.webp&raquo; title_text=&raquo;Ekonomisk_uppf Knowyn proimg&raquo; _builder_version=&raquo;4.27.4&#8243; _module_preset=&raquo;default&raquo; position_origin_a=&raquo;bottom_center&raquo; width=&raquo;100%&raquo; animation_style=&raquo;slide&raquo; animation_direction=&raquo;bottom&raquo; border_radii=&raquo;on|15px|15px|15px|15px&raquo; box_shadow_style=&raquo;preset1&#8243; box_shadow_color=&raquo;rgba(0,0,0,0.2)&raquo; global_colors_info=&raquo;{}&raquo;][\/et_pb_image][\/et_pb_column][\/et_pb_row][\/et_pb_section][et_pb_section fb_built=&raquo;1&#8243; _builder_version=&raquo;4.27.4&#8243; _module_preset=&raquo;default&raquo; background_color=&raquo;#5D529F&raquo; z_index=&raquo;488&#8243; custom_margin=&raquo;||||false|false&raquo; global_colors_info=&raquo;{}&raquo;][et_pb_row _builder_version=&raquo;4.27.4&#8243; _module_preset=&raquo;default&raquo; background_enable_color=&raquo;off&raquo; custom_padding=&raquo;80px|5%|80px|5%|false|true&raquo; global_colors_info=&raquo;{}&raquo;][et_pb_column type=&raquo;4_4&#8243; _builder_version=&raquo;4.27.4&#8243; _module_preset=&raquo;default&raquo; global_colors_info=&raquo;{}&raquo;][et_pb_text _builder_version=&raquo;4.27.4&#8243; _module_preset=&raquo;default&raquo; header_5_font=&raquo;|700|||||||&raquo; header_5_text_align=&raquo;center&raquo; header_5_text_color=&raquo;#FFFFFF&raquo; header_5_font_size=&raquo;30px&raquo; max_width=&raquo;500px&raquo; module_alignment=&raquo;center&raquo; header_5_font_size_tablet=&raquo;30px&raquo; header_5_font_size_phone=&raquo;24px&raquo; header_5_font_size_last_edited=&raquo;on|phone&raquo; global_colors_info=&raquo;{}&raquo;]<\/p>\n<h5>Finn pasienter som venter p\u00e5 \u00e5 bli booket<\/h5>\n<p>[\/et_pb_text][et_pb_text _builder_version=&raquo;4.27.4&#8243; _module_preset=&raquo;default&raquo; text_text_color=&raquo;#FFFFFF&raquo; text_orientation=&raquo;center&raquo; max_width=&raquo;630px&raquo; module_alignment=&raquo;center&raquo; global_colors_info=&raquo;{}&raquo;]<\/p>\n<p>Kunder opplever bedre kontroll, flere bookede bes\u00f8k, \u00f8kt omsetning og bedre resultater. <strong>Alt dette for kun 229 kr\/behandler per m\u00e5ned<\/strong><\/p>\n<p>[\/et_pb_text][et_pb_button button_url=&raquo;https:\/\/knowyn.online\/checkout\/no&raquo; button_text=&raquo;BLI KUNDE I DAG&raquo; button_alignment=&raquo;center&raquo; _builder_version=&raquo;4.27.5&#8243; _module_preset=&raquo;default&raquo; button_text_color=&raquo;#FFFFFF&raquo; button_border_color=&raquo;#FFFFFF&raquo; custom_margin=&raquo;40px||||false|false&raquo; hover_enabled=&raquo;0&#8243; global_colors_info=&raquo;{}&raquo; button_text_color__hover_enabled=&raquo;on|hover&raquo; button_border_color__hover_enabled=&raquo;on|hover&raquo; button_border_color__hover=&raquo;#FFFFFF&raquo; button_bg_color__hover_enabled=&raquo;on|desktop&raquo; button_bg_color__hover=&raquo;#FFFFFF&raquo; button_bg_enable_color__hover=&raquo;on&raquo; button_text_color__hover=&raquo;#5D529F&raquo; sticky_enabled=&raquo;0&#8243;][\/et_pb_button][\/et_pb_column][\/et_pb_row][\/et_pb_section]<\/p>\n","protected":false},"excerpt":{"rendered":"<p>Konsulentst\u00f8tte for en smartere klinikkI dag og i fremtidenKnowyn tilbyr profesjonell st\u00f8tte for klinikker som \u00f8nsker \u00e5 effektivisere driften, styrke lederskapet og skape b\u00e6rekraftig vekst. Med b\u00e5de menneskelig ekspertise og digitale verkt\u00f8y hjelper vi dere med \u00e5 utvikle virksomheten, fra strategi til hverdag. Mindre stress, ingen hull i timeplanen og h\u00f8yere pasienttilfredshet.Med lang erfaring i [&hellip;]<\/p>\n","protected":false},"author":2,"featured_media":976,"parent":0,"menu_order":0,"comment_status":"closed","ping_status":"closed","template":"","meta":{"_et_pb_use_builder":"on","_et_pb_old_content":"","_et_gb_content_width":"","footnotes":""},"dipi_cpt_category":[],"class_list":["post-1233","page","type-page","status-publish","has-post-thumbnail","hentry"],"_links":{"self":[{"href":"https:\/\/knowyn.se\/no\/wp-json\/wp\/v2\/pages\/1233","targetHints":{"allow":["GET"]}}],"collection":[{"href":"https:\/\/knowyn.se\/no\/wp-json\/wp\/v2\/pages"}],"about":[{"href":"https:\/\/knowyn.se\/no\/wp-json\/wp\/v2\/types\/page"}],"author":[{"embeddable":true,"href":"https:\/\/knowyn.se\/no\/wp-json\/wp\/v2\/users\/2"}],"replies":[{"embeddable":true,"href":"https:\/\/knowyn.se\/no\/wp-json\/wp\/v2\/comments?post=1233"}],"version-history":[{"count":4,"href":"https:\/\/knowyn.se\/no\/wp-json\/wp\/v2\/pages\/1233\/revisions"}],"predecessor-version":[{"id":1620,"href":"https:\/\/knowyn.se\/no\/wp-json\/wp\/v2\/pages\/1233\/revisions\/1620"}],"wp:featuredmedia":[{"embeddable":true,"href":"https:\/\/knowyn.se\/no\/wp-json\/wp\/v2\/media\/976"}],"wp:attachment":[{"href":"https:\/\/knowyn.se\/no\/wp-json\/wp\/v2\/media?parent=1233"}],"wp:term":[{"taxonomy":"dipi_cpt_category","embeddable":true,"href":"https:\/\/knowyn.se\/no\/wp-json\/wp\/v2\/dipi_cpt_category?post=1233"}],"curies":[{"name":"wp","href":"https:\/\/api.w.org\/{rel}","templated":true}]}}