{"id":1224,"date":"2025-09-04T09:16:19","date_gmt":"2025-09-04T07:16:19","guid":{"rendered":"https:\/\/knowyn.se\/personvernpolicy\/"},"modified":"2025-10-29T17:09:28","modified_gmt":"2025-10-29T15:09:28","slug":"personvernpolicy","status":"publish","type":"page","link":"https:\/\/knowyn.se\/no\/personvernpolicy\/","title":{"rendered":"Personvernpolicy"},"content":{"rendered":"<p>[et_pb_section fb_built=&raquo;1&#8243; custom_padding_last_edited=&raquo;on|phone&raquo; _builder_version=&raquo;4.27.4&#8243; _module_preset=&raquo;default&raquo; background_color=&raquo;#F4F1E1&#8243; background_enable_image=&raquo;off&raquo; background_size=&raquo;custom&raquo; background_position=&raquo;bottom_right&raquo; background_horizontal_offset=&raquo;-170px&raquo; background_vertical_offset=&raquo;-420px&raquo; custom_padding=&raquo;120px||120px||false|false&raquo; custom_padding_tablet=&raquo;120px||120px||false|false&raquo; custom_padding_phone=&raquo;80px||80px||false|false&raquo; locked=&raquo;off&raquo; global_colors_info=&raquo;{}&raquo;][et_pb_row _builder_version=&raquo;4.27.4&#8243; _module_preset=&raquo;default&raquo; global_colors_info=&raquo;{}&raquo;][et_pb_column type=&raquo;4_4&#8243; _builder_version=&raquo;4.27.4&#8243; _module_preset=&raquo;default&raquo; global_colors_info=&raquo;{}&raquo;][et_pb_text _builder_version=&raquo;4.27.4&#8243; _module_preset=&raquo;default&raquo; text_font=&raquo;|300||on|||||&raquo; text_orientation=&raquo;center&raquo; custom_margin=&raquo;||||false|false&raquo; global_colors_info=&raquo;{}&raquo;]<\/p>\n<p>KNOWYN<\/p>\n<p>[\/et_pb_text][et_pb_text _builder_version=&raquo;4.27.4&#8243; _module_preset=&raquo;default&raquo; header_font=&raquo;|700|||||||&raquo; header_text_align=&raquo;center&raquo; header_text_color=&raquo;#5D529F&raquo; header_font_size=&raquo;40px&raquo; max_width=&raquo;550px&raquo; module_alignment=&raquo;center&raquo; custom_margin=&raquo;||40px||false|false&raquo; custom_padding=&raquo;||||false|false&raquo; header_font_size_tablet=&raquo;40px&raquo; header_font_size_phone=&raquo;32px&raquo; header_font_size_last_edited=&raquo;on|phone&raquo; global_colors_info=&raquo;{}&raquo;]<\/p>\n<h1>Personvernpolicy<\/h1>\n<p>[\/et_pb_text][et_pb_icon font_icon=&raquo;&#x7e;||divi||400&#8243; icon_width_tablet=&raquo;70px&raquo; icon_width_phone=&raquo;70px&raquo; icon_width_last_edited=&raquo;on|phone&raquo; _builder_version=&raquo;4.27.4&#8243; _module_preset=&raquo;default&raquo; global_colors_info=&raquo;{}&raquo;][\/et_pb_icon][\/et_pb_column][\/et_pb_row][\/et_pb_section][et_pb_section fb_built=&raquo;1&#8243; custom_padding_last_edited=&raquo;on|phone&raquo; module_class=&raquo;pa-custom-background-mask-4&#8243; _builder_version=&raquo;4.27.4&#8243; _module_preset=&raquo;default&raquo; background_color=&raquo;#FFFFFF&raquo; custom_padding=&raquo;80px||80px||false|false&raquo; custom_padding_tablet=&raquo;||||false|false&raquo; custom_padding_phone=&raquo;||||false|false&raquo; global_colors_info=&raquo;{}&raquo;][et_pb_row make_equal=&raquo;on&raquo; _builder_version=&raquo;4.27.4&#8243; _module_preset=&raquo;default&raquo; z_index=&raquo;170&#8243; min_height_tablet=&raquo;420px&raquo; min_height_phone=&raquo;420px&raquo; min_height_last_edited=&raquo;off|desktop&raquo; custom_padding=&raquo;0px||0px||false|false&raquo; global_colors_info=&raquo;{}&raquo;][et_pb_column type=&raquo;4_4&#8243; _builder_version=&raquo;4.27.4&#8243; _module_preset=&raquo;default&raquo; global_colors_info=&raquo;{}&raquo;][et_pb_text _builder_version=&raquo;4.27.4&#8243; _module_preset=&raquo;default&raquo; text_font=&raquo;|700|||||||&raquo; text_font_size=&raquo;28px&raquo; max_width_tablet=&raquo;100%&raquo; max_width_phone=&raquo;100%&raquo; max_width_last_edited=&raquo;on|tablet&raquo; module_alignment=&raquo;center&raquo; custom_margin=&raquo;||60px||false|false&raquo; custom_margin_tablet=&raquo;||80px|||&raquo; custom_margin_phone=&raquo;||40px||false|false&raquo; custom_margin_last_edited=&raquo;off|desktop&raquo; global_colors_info=&raquo;{}&raquo;]<\/p>\n<p>V\u00e5r personvernpolicy<\/p>\n<p>[\/et_pb_text][et_pb_text _builder_version=&raquo;4.27.4&#8243; _module_preset=&raquo;default&raquo; max_width_tablet=&raquo;100%&raquo; max_width_phone=&raquo;100%&raquo; max_width_last_edited=&raquo;off|desktop&raquo; module_alignment=&raquo;center&raquo; custom_margin=&raquo;||60px||false|false&raquo; custom_margin_tablet=&raquo;||80px|||&raquo; custom_margin_phone=&raquo;||40px||false|false&raquo; custom_margin_last_edited=&raquo;off|desktop&raquo; hover_enabled=&raquo;0&#8243; global_colors_info=&raquo;{}&raquo; sticky_enabled=&raquo;0&#8243;]<\/p>\n<p>Sist oppdatert: 03-sep-2025<br \/>Gyldig fra: 03-sep-2025<\/p>\n<p>Denne personvernpolicyen beskriver retningslinjene for Knowyn AB, Viktoriav\u00e4gen 11, 434 93 Vallda, Sverige, e-post: <a href=\"mailto:info@knowyn.se\">info@knowyn.se<\/a>, telefon: <a href=\"tel:070-2324822\">070-2324822<\/a>, ang\u00e5ende innsamling, bruk og utlevering av informasjon som vi samler inn n\u00e5r du bruker nettsiden v\u00e5r (<a href=\"https:\/\/knowyn.se\/no\/\">https:\/\/knowyn.se\/<\/a>) (&laquo;Tjenesten&raquo;). Ved \u00e5 f\u00e5 tilgang til eller bruke Tjenesten samtykker du til innsamling, bruk og utlevering av informasjonen din i samsvar med denne personvernpolicyen. Hvis du ikke samtykker til dette, ber vi deg om ikke \u00e5 f\u00e5 tilgang til eller bruke Tjenesten.  <\/p>\n<p>Vi kan endre denne personvernpolicyen n\u00e5r som helst uten forh\u00e5ndsvarsel til deg og vil publisere den reviderte policyen p\u00e5 Tjenesten. Den reviderte policyen trer i kraft 180 dager etter at den er publisert p\u00e5 Tjenesten, og din fortsatte tilgang til eller bruk av Tjenesten etter dette tidspunktet utgj\u00f8r din godkjenning av den reviderte policyen. Vi anbefaler derfor at du regelmessig gjennomg\u00e5r denne siden.  <\/p>\n<h3>Informasjon vi samler inn<\/h3>\n<p>Vi kan komme til \u00e5 samle inn og behandle f\u00f8lgende personopplysninger om deg:<\/p>\n<ul>\n<li>Navn<\/li>\n<li>E-postadresse<\/li>\n<li>Mobilnummer<\/li>\n<li>F\u00f8dselsdato<\/li>\n<li>Adresse<\/li>\n<li>Arbeidsadresse<\/li>\n<li>Betalingsinformasjon<\/li>\n<\/ul>\n<h3>Hvordan vi bruker informasjonen din<\/h3>\n<p>Vi bruker informasjonen vi samler inn om deg til f\u00f8lgende form\u00e5l:<\/p>\n<ul>\n<li>Markedsf\u00f8ring \/ Promotering<\/li>\n<li>Opprette brukerkonto<\/li>\n<li>Referanser \/ Testimonials<\/li>\n<li>Innsamling av kundetilbakemeldinger<\/li>\n<li>Anvendelse av vilk\u00e5r<\/li>\n<li>H\u00e5ndtering av betalinger<\/li>\n<li>Support<\/li>\n<li>Administrativ informasjon<\/li>\n<li>M\u00e5lrettet annonsering<\/li>\n<li>Tvistel\u00f8sning<\/li>\n<\/ul>\n<p>Om vi \u00f8nsker \u00e5 bruke informasjonen din til andre form\u00e5l, vil vi be om ditt samtykke og kun bruke informasjonen din etter at vi har f\u00e5tt ditt samtykke og da kun for det\/de form\u00e5l du har samtykket til, med mindre vi er p\u00e5lagt noe annet ved lov.<\/p>\n<h3>Hvordan vi deler informasjonen din<\/h3>\n<p>Vi vil ikke overf\u00f8re dine personopplysninger til tredjepart uten \u00e5 innhente ditt samtykke, bortsett fra i begrensede tilfeller som nevnt nedenfor:<\/p>\n<ul>\n<li>Annonsenettverk<\/li>\n<li>Markedsf\u00f8ringsbyr\u00e5er<\/li>\n<li>Juridiske enheter<\/li>\n<li>Analysetjenester<\/li>\n<li>Betalingsh\u00e5ndtering \/ innkreving<\/li>\n<li>Datainnsamling &amp; -behandling<\/li>\n<\/ul>\n<p>Vi krever at slike tredjeparter kun bruker personopplysningene vi overf\u00f8rer til dem for det form\u00e5let de ble overf\u00f8rt for, og ikke beholder dem lenger enn n\u00f8dvendig for \u00e5 oppfylle form\u00e5let.<\/p>\n<p>Vi kan ogs\u00e5 utlevere dine personopplysninger i f\u00f8lgende situasjoner:<\/p>\n<ul>\n<li>For \u00e5 oppfylle gjeldende lov, forskrift, rettsavgj\u00f8relse eller annen rettslig prosess.<\/li>\n<li>For \u00e5 h\u00e5ndheve v\u00e5re avtaler med deg, inkludert denne personvernpolicyen.<\/li>\n<li>For \u00e5 svare p\u00e5 p\u00e5stander om at din bruk av Tjenesten krenker tredjeparts rettigheter.<\/li>\n<\/ul>\n<p>Hvis Tjenesten eller v\u00e5rt selskap fusjonerer med eller blir kj\u00f8pt opp av et annet selskap, vil informasjonen din v\u00e6re en av eiendelene som overf\u00f8res til den nye eieren.<\/p>\n<h3>Lagring av informasjonen din<\/h3>\n<p>Vi beholder dine personopplysninger i 90 dager til 2 \u00e5r etter at brukerkontoen er avsluttet, eller s\u00e5 lenge vi trenger opplysningene for \u00e5 oppfylle form\u00e5lene som er angitt i denne personvernpolicyen. Vi kan m\u00e5tte beholde visse opplysninger lenger for f.eks. bokf\u00f8ring, rapportering i henhold til gjeldende lov, eller for andre legitime grunner som opprettholdelse av juridiske rettigheter og forebygging av svindel. Gjenv\u00e6rende anonymisert informasjon eller aggregert informasjon, som ikke identifiserer deg (verken direkte eller indirekte), kan lagres p\u00e5 ubestemt tid.   <\/p>\n<h3>Dine rettigheter<\/h3>\n<p>Avhengig av hvilken lov som gjelder, kan du ha rett til \u00e5 f\u00e5 tilgang til, korrigere eller slette dine personopplysninger, f\u00e5 en kopi av dine personopplysninger, begrense eller protestere mot behandling av dine opplysninger, be oss overf\u00f8re (portere) opplysningene dine til en annen part, trekke tilbake samtykke du har gitt til behandling, samt rett til \u00e5 klage til tilsynsmyndigheten. For \u00e5 ut\u00f8ve disse rettighetene kan du kontakte oss via info@knowyn.se<br \/>. Vi vil svare p\u00e5 din foresp\u00f8rsel i henhold til gjeldende lov.  <\/p>\n<p>Du kan n\u00e5r som helst reservere deg mot direkte markedsf\u00f8ring eller profilering vi utf\u00f8rer for markedsf\u00f8ringsform\u00e5l ved \u00e5 skrive til oss p\u00e5 <a href=\"mailto:info@knowyn.se\">info@knowyn.se<\/a>.<\/p>\n<p>V\u00e6r oppmerksom p\u00e5 at hvis du ikke tillater oss \u00e5 samle inn eller behandle n\u00f8dvendig informasjon, eller trekker tilbake samtykke til slik behandling, kan du ikke f\u00e5 tilgang til eller bruke tjenestene som informasjonen var n\u00f8dvendig for.<\/p>\n<h3>Cookies m.m.<\/h3>\n<p>For \u00e5 lese mer om hvordan vi bruker cookies og dine valgmuligheter i forbindelse med disse teknologiene, se v\u00e5r cookiepolicy.<\/p>\n<h3>Sikkerhet<\/h3>\n<p>Sikkerheten for informasjonen din er viktig for oss, og vi bruker rimelige sikkerhetstiltak for \u00e5 beskytte mot tap, misbruk eller uautorisert tilgang til, endring av eller utlevering av dine opplysninger. Med tanke p\u00e5 de iboende risikoene kan vi imidlertid ikke garantere absolutt sikkerhet. Derfor kan vi ikke sikre eller garantere sikkerheten for informasjon du overf\u00f8rer til oss, og du gj\u00f8r dette p\u00e5 egen risiko.  <\/p>\n<h3>Lenker til tredjepart &amp; bruk av din informasjon<\/h3>\n<p>Tjenesten kan inneholde lenker til andre nettsteder som ikke drives av oss. Denne personvernpolicyen omfatter ikke disse tredjeparters praksis. Vi anbefaler sterkt at du gjennomg\u00e5r personvernpolicyen for hvert nettsted du bes\u00f8ker. Vi har ingen kontroll over og tar ikke ansvar for innhold, personvernpolicyer eller praksis hos tredjeparts nettsteder eller tjenester.   <\/p>\n<h3>Personvernombud \/ Kontaktperson<\/h3>\n<p>Hvis du har sp\u00f8rsm\u00e5l eller synspunkter ang\u00e5ende v\u00e5r behandling av dine opplysninger, kan du kontakte v\u00e5rt personvernombud p\u00e5:<br \/>Knowyn AB, Viktoriav\u00e4gen 11, 434 93 Vallda, Sverige<br \/>E-post: <a href=\"mailto:info@knowyn.se\">info@knowyn.se<\/a><\/p>\n<p>Vi vil behandle dine synspunkter i henhold til gjeldende lov.<\/p>\n<p>[\/et_pb_text][et_pb_button button_text=&raquo;Til startsiden&raquo; button_alignment=&raquo;left&raquo; _builder_version=&raquo;4.27.4&#8243; _module_preset=&raquo;default&raquo; custom_margin=&raquo;|15px|||false|false&raquo; locked=&raquo;off&raquo; global_colors_info=&raquo;{}&raquo;][\/et_pb_button][\/et_pb_column][\/et_pb_row][\/et_pb_section][et_pb_section fb_built=&raquo;1&#8243; custom_padding_last_edited=&raquo;on|phone&raquo; _builder_version=&raquo;4.27.4&#8243; _module_preset=&raquo;default&raquo; custom_padding=&raquo;80px||0px||false|false&raquo; custom_padding_tablet=&raquo;80px||0px||false|false&raquo; custom_padding_phone=&raquo;40px||0px||false|false&raquo; global_colors_info=&raquo;{}&raquo;][et_pb_row _builder_version=&raquo;4.27.4&#8243; _module_preset=&raquo;default&raquo; z_index=&raquo;152&#8243; custom_margin=&raquo;||-120px||false|false&raquo; custom_margin_tablet=&raquo;||-80px||false|false&raquo; custom_margin_phone=&raquo;||-40px||false|false&raquo; custom_margin_last_edited=&raquo;on|tablet&raquo; custom_padding=&raquo;||0px||false|false&raquo; global_colors_info=&raquo;{}&raquo;][et_pb_column type=&raquo;4_4&#8243; _builder_version=&raquo;4.27.4&#8243; _module_preset=&raquo;default&raquo; global_colors_info=&raquo;{}&raquo;][et_pb_image src=&raquo;https:\/\/knowyndev.hemsida.eu\/wp-content\/uploads\/2025\/07\/Patienter-Knowyn.webp&raquo; title_text=&raquo;Pasienter Knowyn&raquo; _builder_version=&raquo;4.27.4&#8243; _module_preset=&raquo;default&raquo; position_origin_a=&raquo;bottom_center&raquo; width=&raquo;100%&raquo; animation_style=&raquo;slide&raquo; animation_direction=&raquo;bottom&raquo; border_radii=&raquo;on|15px|15px|15px|15px&raquo; box_shadow_style=&raquo;preset1&#8243; box_shadow_color=&raquo;rgba(0,0,0,0.2)&raquo; global_colors_info=&raquo;{}&raquo;][\/et_pb_image][\/et_pb_column][\/et_pb_row][\/et_pb_section][et_pb_section fb_built=&raquo;1&#8243; _builder_version=&raquo;4.27.4&#8243; _module_preset=&raquo;default&raquo; background_color=&raquo;#5D529F&raquo; z_index=&raquo;488&#8243; custom_margin=&raquo;||||false|false&raquo; global_colors_info=&raquo;{}&raquo;][et_pb_row _builder_version=&raquo;4.27.4&#8243; _module_preset=&raquo;default&raquo; background_enable_color=&raquo;off&raquo; custom_padding=&raquo;80px|5%|80px|5%|false|true&raquo; global_colors_info=&raquo;{}&raquo;][et_pb_column type=&raquo;4_4&#8243; _builder_version=&raquo;4.27.4&#8243; _module_preset=&raquo;default&raquo; global_colors_info=&raquo;{}&raquo;][et_pb_text _builder_version=&raquo;4.27.4&#8243; _module_preset=&raquo;default&raquo; header_5_font=&raquo;|700|||||||&raquo; header_5_text_align=&raquo;center&raquo; header_5_text_color=&raquo;#FFFFFF&raquo; header_5_font_size=&raquo;30px&raquo; max_width=&raquo;500px&raquo; module_alignment=&raquo;center&raquo; header_5_font_size_tablet=&raquo;30px&raquo; header_5_font_size_phone=&raquo;24px&raquo; header_5_font_size_last_edited=&raquo;on|phone&raquo; global_colors_info=&raquo;{}&raquo;]<\/p>\n<h5>Finn pasienter som venter p\u00e5 \u00e5 bli booket<\/h5>\n<p>[\/et_pb_text][et_pb_text _builder_version=&raquo;4.27.4&#8243; _module_preset=&raquo;default&raquo; text_text_color=&raquo;#FFFFFF&raquo; text_orientation=&raquo;center&raquo; max_width=&raquo;630px&raquo; module_alignment=&raquo;center&raquo; global_colors_info=&raquo;{}&raquo;]<\/p>\n<p>Kunder opplever bedre kontroll, flere bookede bes\u00f8k, \u00f8kt omsetning og bedre resultater. <strong>Alt dette for kun 229 kr\/behandler per m\u00e5ned<\/strong><\/p>\n<p>[\/et_pb_text][et_pb_button button_text=&raquo;BLI KUNDE I DAG&raquo; button_alignment=&raquo;center&raquo; _builder_version=&raquo;4.27.4&#8243; _module_preset=&raquo;default&raquo; button_text_color=&raquo;#FFFFFF&raquo; button_border_color=&raquo;#FFFFFF&raquo; custom_margin=&raquo;40px||||false|false&raquo; hover_enabled=&raquo;0&#8243; global_colors_info=&raquo;{}&raquo; button_text_color__hover_enabled=&raquo;on|hover&raquo; button_border_color__hover_enabled=&raquo;on|hover&raquo; button_border_color__hover=&raquo;#FFFFFF&raquo; button_bg_color__hover_enabled=&raquo;on|desktop&raquo; button_bg_color__hover=&raquo;#FFFFFF&raquo; button_bg_enable_color__hover=&raquo;on&raquo; button_text_color__hover=&raquo;#5D529F&raquo; button_url=&raquo;https:\/\/knowyn.online\/checkout\/&raquo; sticky_enabled=&raquo;0&#8243;][\/et_pb_button][\/et_pb_column][\/et_pb_row][\/et_pb_section]<\/p>\n","protected":false},"excerpt":{"rendered":"<p>KNOWYNPersonvernpolicyV\u00e5r personvernpolicySist oppdatert: 03-sep-2025Gyldig fra: 03-sep-2025 Denne personvernpolicyen beskriver retningslinjene for Knowyn AB, Viktoriav\u00e4gen 11, 434 93 Vallda, Sverige, e-post: info@knowyn.se, telefon: 070-2324822, ang\u00e5ende innsamling, bruk og utlevering av informasjon som vi samler inn n\u00e5r du bruker nettsiden v\u00e5r (https:\/\/knowyn.se\/) (&laquo;Tjenesten&raquo;). Ved \u00e5 f\u00e5 tilgang til eller bruke Tjenesten samtykker du til innsamling, bruk og [&hellip;]<\/p>\n","protected":false},"author":2,"featured_media":0,"parent":0,"menu_order":0,"comment_status":"closed","ping_status":"closed","template":"","meta":{"_et_pb_use_builder":"on","_et_pb_old_content":"","_et_gb_content_width":"","footnotes":""},"dipi_cpt_category":[],"class_list":["post-1224","page","type-page","status-publish","hentry"],"_links":{"self":[{"href":"https:\/\/knowyn.se\/no\/wp-json\/wp\/v2\/pages\/1224","targetHints":{"allow":["GET"]}}],"collection":[{"href":"https:\/\/knowyn.se\/no\/wp-json\/wp\/v2\/pages"}],"about":[{"href":"https:\/\/knowyn.se\/no\/wp-json\/wp\/v2\/types\/page"}],"author":[{"embeddable":true,"href":"https:\/\/knowyn.se\/no\/wp-json\/wp\/v2\/users\/2"}],"replies":[{"embeddable":true,"href":"https:\/\/knowyn.se\/no\/wp-json\/wp\/v2\/comments?post=1224"}],"version-history":[{"count":2,"href":"https:\/\/knowyn.se\/no\/wp-json\/wp\/v2\/pages\/1224\/revisions"}],"predecessor-version":[{"id":1226,"href":"https:\/\/knowyn.se\/no\/wp-json\/wp\/v2\/pages\/1224\/revisions\/1226"}],"wp:attachment":[{"href":"https:\/\/knowyn.se\/no\/wp-json\/wp\/v2\/media?parent=1224"}],"wp:term":[{"taxonomy":"dipi_cpt_category","embeddable":true,"href":"https:\/\/knowyn.se\/no\/wp-json\/wp\/v2\/dipi_cpt_category?post=1224"}],"curies":[{"name":"wp","href":"https:\/\/api.w.org\/{rel}","templated":true}]}}