{"id":1215,"date":"2025-09-03T17:44:37","date_gmt":"2025-09-03T15:44:37","guid":{"rendered":"https:\/\/knowyn.se\/cookie-policy\/"},"modified":"2025-10-29T16:59:49","modified_gmt":"2025-10-29T14:59:49","slug":"cookie-policy","status":"publish","type":"page","link":"https:\/\/knowyn.se\/no\/cookie-policy\/","title":{"rendered":"Cookie policy"},"content":{"rendered":"<p>[et_pb_section fb_built=&raquo;1&#8243; custom_padding_last_edited=&raquo;on|phone&raquo; _builder_version=&raquo;4.27.4&#8243; _module_preset=&raquo;default&raquo; background_color=&raquo;#F4F1E1&#8243; background_enable_image=&raquo;off&raquo; background_size=&raquo;custom&raquo; background_position=&raquo;bottom_right&raquo; background_horizontal_offset=&raquo;-170px&raquo; background_vertical_offset=&raquo;-420px&raquo; custom_padding=&raquo;120px||120px||false|false&raquo; custom_padding_tablet=&raquo;120px||120px||false|false&raquo; custom_padding_phone=&raquo;80px||80px||false|false&raquo; locked=&raquo;off&raquo; global_colors_info=&raquo;{}&raquo;][et_pb_row _builder_version=&raquo;4.27.4&#8243; _module_preset=&raquo;default&raquo; global_colors_info=&raquo;{}&raquo;][et_pb_column type=&raquo;4_4&#8243; _builder_version=&raquo;4.27.4&#8243; _module_preset=&raquo;default&raquo; global_colors_info=&raquo;{}&raquo;][et_pb_text _builder_version=&raquo;4.27.4&#8243; _module_preset=&raquo;default&raquo; text_font=&raquo;|300||on|||||&raquo; text_orientation=&raquo;center&raquo; custom_margin=&raquo;||||false|false&raquo; global_colors_info=&raquo;{}&raquo;]<\/p>\n<p>KNOWYN<\/p>\n<p>[\/et_pb_text][et_pb_text _builder_version=&raquo;4.27.4&#8243; _module_preset=&raquo;default&raquo; header_font=&raquo;|700|||||||&raquo; header_text_align=&raquo;center&raquo; header_text_color=&raquo;#5D529F&raquo; header_font_size=&raquo;40px&raquo; max_width=&raquo;550px&raquo; module_alignment=&raquo;center&raquo; custom_margin=&raquo;||40px||false|false&raquo; custom_padding=&raquo;||||false|false&raquo; header_font_size_tablet=&raquo;40px&raquo; header_font_size_phone=&raquo;32px&raquo; header_font_size_last_edited=&raquo;on|phone&raquo; global_colors_info=&raquo;{}&raquo;]<\/p>\n<h1>Cookie policy<\/h1>\n<p>[\/et_pb_text][et_pb_icon font_icon=&raquo;&#xf564;||fa||900&#8243; icon_width_tablet=&raquo;70px&raquo; icon_width_phone=&raquo;70px&raquo; icon_width_last_edited=&raquo;on|phone&raquo; _builder_version=&raquo;4.27.4&#8243; _module_preset=&raquo;default&raquo; global_colors_info=&raquo;{}&raquo;][\/et_pb_icon][\/et_pb_column][\/et_pb_row][\/et_pb_section][et_pb_section fb_built=&raquo;1&#8243; custom_padding_last_edited=&raquo;on|phone&raquo; module_class=&raquo;pa-custom-background-mask-4&#8243; _builder_version=&raquo;4.27.4&#8243; _module_preset=&raquo;default&raquo; background_color=&raquo;#FFFFFF&raquo; custom_padding=&raquo;80px||80px||false|false&raquo; custom_padding_tablet=&raquo;||||false|false&raquo; custom_padding_phone=&raquo;||||false|false&raquo; global_colors_info=&raquo;{}&raquo;][et_pb_row make_equal=&raquo;on&raquo; _builder_version=&raquo;4.27.4&#8243; _module_preset=&raquo;default&raquo; z_index=&raquo;170&#8243; min_height_tablet=&raquo;420px&raquo; min_height_phone=&raquo;420px&raquo; min_height_last_edited=&raquo;off|desktop&raquo; custom_padding=&raquo;0px||0px||false|false&raquo; global_colors_info=&raquo;{}&raquo;][et_pb_column type=&raquo;4_4&#8243; _builder_version=&raquo;4.27.4&#8243; _module_preset=&raquo;default&raquo; global_colors_info=&raquo;{}&raquo;][et_pb_text _builder_version=&raquo;4.27.4&#8243; _module_preset=&raquo;default&raquo; text_font=&raquo;|700|||||||&raquo; text_font_size=&raquo;28px&raquo; max_width_tablet=&raquo;100%&raquo; max_width_phone=&raquo;100%&raquo; max_width_last_edited=&raquo;on|tablet&raquo; module_alignment=&raquo;center&raquo; custom_margin=&raquo;||60px||false|false&raquo; custom_margin_tablet=&raquo;||80px|||&raquo; custom_margin_phone=&raquo;||40px||false|false&raquo; custom_margin_last_edited=&raquo;off|desktop&raquo; global_colors_info=&raquo;{}&raquo;]<\/p>\n<p>V\u00e5r cookie policy<\/p>\n<p>[\/et_pb_text][et_pb_text _builder_version=&raquo;4.27.4&#8243; _module_preset=&raquo;default&raquo; max_width_tablet=&raquo;100%&raquo; max_width_phone=&raquo;100%&raquo; max_width_last_edited=&raquo;off|desktop&raquo; module_alignment=&raquo;center&raquo; custom_margin=&raquo;||40px||false|false&raquo; custom_margin_tablet=&raquo;||80px|||&raquo; custom_margin_phone=&raquo;||40px||false|false&raquo; custom_margin_last_edited=&raquo;off|desktop&raquo; global_colors_info=&raquo;{}&raquo;]<\/p>\n<h3>Hva er cookies?<\/h3>\n<p>Denne cookie-policyen forklarer hva cookies er og hvordan vi bruker dem, hvilke typer cookies vi bruker, dvs. informasjonen vi samler inn ved hjelp av cookies og hvordan denne informasjonen brukes, og hvordan du h\u00e5ndterer cookie-innstillingene. Cookies er sm\u00e5 tekstfiler som brukes til \u00e5 lagre sm\u00e5 biter av informasjon. De lagres p\u00e5 enheten din n\u00e5r nettstedet lastes i nettleseren din. Disse cookiene hjelper oss med \u00e5 f\u00e5 nettstedet til \u00e5 fungere riktig, gj\u00f8re det sikrere, tilby en bedre brukeropplevelse og forst\u00e5 hvordan nettstedet presterer og analysere hva som fungerer og hvor det trengs forbedringer.    <\/p>\n<p>&nbsp;<\/p>\n<h3>Hvordan bruker vi cookies?<\/h3>\n<p>Akkurat som de fleste nettjenester bruker nettstedet v\u00e5rt f\u00f8rstepartscookies og tredjepartscookies for flere form\u00e5l. F\u00f8rstepartscookies er hovedsakelig n\u00f8dvendige for at nettstedet skal fungere riktig, og de samler ikke inn noen av dine personlig identifiserbare opplysninger. Tredjepartscookiene som brukes p\u00e5 nettstedet v\u00e5rt er hovedsakelig for \u00e5 forst\u00e5 hvordan nettstedet presterer, hvordan du samhandler med nettstedet v\u00e5rt, holde tjenestene v\u00e5re sikre, tilby annonser som er relevante for deg og generelt gi deg en bedre og forbedret brukeropplevelse og hjelpe til med \u00e5 fremskynde dine fremtidige interaksjoner med nettstedet v\u00e5rt.  <\/p>\n<p>[\/et_pb_text][et_pb_code _builder_version=&raquo;4.27.4&#8243; _module_preset=&raquo;default&raquo; custom_margin=&raquo;||45px||false|false&raquo; global_colors_info=&raquo;{}&raquo;]<\/p>\n<style><!-- [et_pb_line_break_holder] -->  a.cky-banner-element {<!-- [et_pb_line_break_holder] -->    padding: 8px 20px;<!-- [et_pb_line_break_holder] -->    background: #5d529f;<!-- [et_pb_line_break_holder] -->    color: #fff;<!-- [et_pb_line_break_holder] -->    border: 1px solid #5d529f;<!-- [et_pb_line_break_holder] -->    box-sizing: border-box;<!-- [et_pb_line_break_holder] -->    border-radius: 50px;<!-- [et_pb_line_break_holder] -->    cursor: pointer;<!-- [et_pb_line_break_holder] -->    text-transform: uppercase;<!-- [et_pb_line_break_holder] -->    font-size: 15px;<!-- [et_pb_line_break_holder] -->      font-weight: 700;<!-- [et_pb_line_break_holder] -->  }<!-- [et_pb_line_break_holder] --><\/style>\n<p><!-- [et_pb_line_break_holder] --><!-- [et_pb_line_break_holder] --><\/p>\n<h3>Cookies som vi bruker<\/h3>\n<p><!-- [et_pb_line_break_holder] --><\/p>\n<div class=\"cky-audit-table-element\"><\/div>\n<h3 style=\"margin-bottom: 30px\">H\u00e5ndter cookie-preferanser<\/h3>\n<p><a class=\"cky-banner-element\">Cookie-innstillinger<\/a>[\/et_pb_code][et_pb_text _builder_version=&raquo;4.27.4&#8243; _module_preset=&raquo;default&raquo; max_width_tablet=&raquo;100%&raquo; max_width_phone=&raquo;100%&raquo; max_width_last_edited=&raquo;off|desktop&raquo; module_alignment=&raquo;center&raquo; custom_margin=&raquo;||60px||false|false&raquo; custom_margin_tablet=&raquo;||80px|||&raquo; custom_margin_phone=&raquo;||40px||false|false&raquo; custom_margin_last_edited=&raquo;off|desktop&raquo; global_colors_info=&raquo;{}&raquo;]<\/p>\n<div>\n<p>Du kan endre cookie-innstillingene dine n\u00e5r som helst ved \u00e5 klikke p\u00e5 knappen ovenfor. Dette lar deg g\u00e5 tilbake til cookie-samtykkesbanneret og endre innstillingene dine eller trekke tilbake samtykket ditt umiddelbart. <\/p>\n<p>I tillegg til dette tilbyr ulike nettlesere forskjellige metoder for \u00e5 blokkere og slette cookies som brukes av nettsteder. Du kan endre innstillingene i nettleseren din for \u00e5 blokkere\/slette cookies. Her er lenker til st\u00f8ttedokumenter for hvordan du h\u00e5ndterer og fjerner cookies fra de store nettleserne.<br \/>Chrome:  <span> <\/span><a target=\"_blank\" rel=\"noopener noreferrer\" href=\"https:\/\/support.google.com\/accounts\/answer\/32050\">https:\/\/support.google.com\/accounts\/answer\/32050<\/a><br \/>Safari:<span> <\/span><a target=\"_blank\" rel=\"noopener noreferrer\" href=\"https:\/\/support.apple.com\/en-in\/guide\/safari\/sfri11471\/mac\">https:\/\/support.apple.com\/en-in\/guide\/safari\/sfri11471\/mac<\/a><br \/>Firefox:<span> <\/span><a target=\"_blank\" rel=\"noopener noreferrer\" href=\"https:\/\/support.mozilla.org\/en-US\/kb\/clear-cookies-and-site-data-firefox?redirectslug=delete-cookies-remove-info-websites-stored&amp;redirectlocale=en-US\">https:\/\/support.mozilla.org\/en-US\/kb\/clear-cookies-and-site-data-firefox?redirectslug=delete-cookies-remove-info-websites-stored&amp;redirectlocale=en-US<\/a><br \/>Internet Explorer:<span> <\/span><a target=\"_blank\" rel=\"noopener noreferrer\" href=\"https:\/\/support.microsoft.com\/en-us\/topic\/how-to-delete-cookie-files-in-internet-explorer-bca9446f-d873-78de-77ba-d42645fa52fc\">https:\/\/support.microsoft.com\/en-us\/topic\/how-to-delete-cookie-files-in-internet-explorer-bca9446f-d873-78de-77ba-d42645fa52fc<\/a><br \/>Hvis du bruker en annen nettleser, bes\u00f8k nettleserens offisielle st\u00f8ttedokumenter.<\/p>\n<\/div>\n<h3><span> <\/span><\/h3>\n<p class=\"cookie-policy-p\">Cookie Policy Generated By<span> <\/span><a target=\"_blank\" href=\"https:\/\/www.cookieyes.com\/?utm_source=CP&amp;utm_medium=footer&amp;utm_campaign=UW\" rel=\"noopener\">CookieYes &#8211; Cookie Policy Generator<\/a>.<\/p>\n<p>[\/et_pb_text][et_pb_button button_url=&raquo;https:\/\/knowyn.se\/no\/&raquo; button_text=&raquo;Til startsiden&raquo; button_alignment=&raquo;left&raquo; _builder_version=&raquo;4.27.4&#8243; _module_preset=&raquo;default&raquo; custom_margin=&raquo;|15px|||false|false&raquo; hover_enabled=&raquo;0&#8243; locked=&raquo;off&raquo; global_colors_info=&raquo;{}&raquo; sticky_enabled=&raquo;0&#8243;][\/et_pb_button][\/et_pb_column][\/et_pb_row][\/et_pb_section][et_pb_section fb_built=&raquo;1&#8243; custom_padding_last_edited=&raquo;on|phone&raquo; _builder_version=&raquo;4.27.4&#8243; _module_preset=&raquo;default&raquo; custom_padding=&raquo;80px||0px||false|false&raquo; custom_padding_tablet=&raquo;80px||0px||false|false&raquo; custom_padding_phone=&raquo;40px||0px||false|false&raquo; global_colors_info=&raquo;{}&raquo;][et_pb_row _builder_version=&raquo;4.27.4&#8243; _module_preset=&raquo;default&raquo; z_index=&raquo;152&#8243; custom_margin=&raquo;||-120px||false|false&raquo; custom_margin_tablet=&raquo;||-80px||false|false&raquo; custom_margin_phone=&raquo;||-40px||false|false&raquo; custom_margin_last_edited=&raquo;on|tablet&raquo; custom_padding=&raquo;||0px||false|false&raquo; global_colors_info=&raquo;{}&raquo;][et_pb_column type=&raquo;4_4&#8243; _builder_version=&raquo;4.27.4&#8243; _module_preset=&raquo;default&raquo; global_colors_info=&raquo;{}&raquo;][et_pb_image src=&raquo;https:\/\/knowyndev.hemsida.eu\/wp-content\/uploads\/2025\/07\/Patienter-Knowyn.webp&raquo; title_text=&raquo;Pasienter Knowyn&raquo; _builder_version=&raquo;4.27.4&#8243; _module_preset=&raquo;default&raquo; position_origin_a=&raquo;bottom_center&raquo; width=&raquo;100%&raquo; animation_style=&raquo;slide&raquo; animation_direction=&raquo;bottom&raquo; border_radii=&raquo;on|15px|15px|15px|15px&raquo; box_shadow_style=&raquo;preset1&#8243; box_shadow_color=&raquo;rgba(0,0,0,0.2)&raquo; global_colors_info=&raquo;{}&raquo;][\/et_pb_image][\/et_pb_column][\/et_pb_row][\/et_pb_section][et_pb_section fb_built=&raquo;1&#8243; _builder_version=&raquo;4.27.4&#8243; _module_preset=&raquo;default&raquo; background_color=&raquo;#5D529F&raquo; z_index=&raquo;488&#8243; custom_margin=&raquo;||||false|false&raquo; global_colors_info=&raquo;{}&raquo;][et_pb_row _builder_version=&raquo;4.27.4&#8243; _module_preset=&raquo;default&raquo; background_enable_color=&raquo;off&raquo; custom_padding=&raquo;80px|5%|80px|5%|false|true&raquo; global_colors_info=&raquo;{}&raquo;][et_pb_column type=&raquo;4_4&#8243; _builder_version=&raquo;4.27.4&#8243; _module_preset=&raquo;default&raquo; global_colors_info=&raquo;{}&raquo;][et_pb_text _builder_version=&raquo;4.27.4&#8243; _module_preset=&raquo;default&raquo; header_5_font=&raquo;|700|||||||&raquo; header_5_text_align=&raquo;center&raquo; header_5_text_color=&raquo;#FFFFFF&raquo; header_5_font_size=&raquo;30px&raquo; max_width=&raquo;500px&raquo; module_alignment=&raquo;center&raquo; header_5_font_size_tablet=&raquo;30px&raquo; header_5_font_size_phone=&raquo;24px&raquo; header_5_font_size_last_edited=&raquo;on|phone&raquo; global_colors_info=&raquo;{}&raquo;]<\/p>\n<h5>Finn pasienter som venter p\u00e5 \u00e5 bli booket<\/h5>\n<p>[\/et_pb_text][et_pb_text _builder_version=&raquo;4.27.4&#8243; _module_preset=&raquo;default&raquo; text_text_color=&raquo;#FFFFFF&raquo; text_orientation=&raquo;center&raquo; max_width=&raquo;630px&raquo; module_alignment=&raquo;center&raquo; global_colors_info=&raquo;{}&raquo;]<\/p>\n<p>Kunder opplever bedre kontroll, flere bookede bes\u00f8k, \u00f8kt omsetning og bedre resultater. <strong>Alt dette for kun 229 kr\/behandler per m\u00e5ned<\/strong><\/p>\n<p>[\/et_pb_text][et_pb_button button_text=&raquo;BLI KUNDE I DAG&raquo; button_alignment=&raquo;center&raquo; _builder_version=&raquo;4.27.4&#8243; _module_preset=&raquo;default&raquo; button_text_color=&raquo;#FFFFFF&raquo; button_border_color=&raquo;#FFFFFF&raquo; custom_margin=&raquo;40px||||false|false&raquo; hover_enabled=&raquo;0&#8243; global_colors_info=&raquo;{}&raquo; button_text_color__hover_enabled=&raquo;on|hover&raquo; button_border_color__hover_enabled=&raquo;on|hover&raquo; button_border_color__hover=&raquo;#FFFFFF&raquo; button_bg_color__hover_enabled=&raquo;on|desktop&raquo; button_bg_color__hover=&raquo;#FFFFFF&raquo; button_bg_enable_color__hover=&raquo;on&raquo; button_text_color__hover=&raquo;#5D529F&raquo; button_url=&raquo;https:\/\/knowyn.online\/checkout\/&raquo; sticky_enabled=&raquo;0&#8243;][\/et_pb_button][\/et_pb_column][\/et_pb_row][\/et_pb_section]<\/p>\n","protected":false},"excerpt":{"rendered":"<p>KNOWYNCookie policyV\u00e5r cookie policyHva er cookies? Denne cookie-policyen forklarer hva cookies er og hvordan vi bruker dem, hvilke typer cookies vi bruker, dvs. informasjonen vi samler inn ved hjelp av cookies og hvordan denne informasjonen brukes, og hvordan du h\u00e5ndterer cookie-innstillingene. Cookies er sm\u00e5 tekstfiler som brukes til \u00e5 lagre sm\u00e5 biter av informasjon. De [&hellip;]<\/p>\n","protected":false},"author":2,"featured_media":0,"parent":0,"menu_order":0,"comment_status":"closed","ping_status":"closed","template":"","meta":{"_et_pb_use_builder":"on","_et_pb_old_content":"","_et_gb_content_width":"","footnotes":""},"dipi_cpt_category":[],"class_list":["post-1215","page","type-page","status-publish","hentry"],"_links":{"self":[{"href":"https:\/\/knowyn.se\/no\/wp-json\/wp\/v2\/pages\/1215","targetHints":{"allow":["GET"]}}],"collection":[{"href":"https:\/\/knowyn.se\/no\/wp-json\/wp\/v2\/pages"}],"about":[{"href":"https:\/\/knowyn.se\/no\/wp-json\/wp\/v2\/types\/page"}],"author":[{"embeddable":true,"href":"https:\/\/knowyn.se\/no\/wp-json\/wp\/v2\/users\/2"}],"replies":[{"embeddable":true,"href":"https:\/\/knowyn.se\/no\/wp-json\/wp\/v2\/comments?post=1215"}],"version-history":[{"count":2,"href":"https:\/\/knowyn.se\/no\/wp-json\/wp\/v2\/pages\/1215\/revisions"}],"predecessor-version":[{"id":1217,"href":"https:\/\/knowyn.se\/no\/wp-json\/wp\/v2\/pages\/1215\/revisions\/1217"}],"wp:attachment":[{"href":"https:\/\/knowyn.se\/no\/wp-json\/wp\/v2\/media?parent=1215"}],"wp:term":[{"taxonomy":"dipi_cpt_category","embeddable":true,"href":"https:\/\/knowyn.se\/no\/wp-json\/wp\/v2\/dipi_cpt_category?post=1215"}],"curies":[{"name":"wp","href":"https:\/\/api.w.org\/{rel}","templated":true}]}}