{"id":958,"date":"2025-07-17T22:33:47","date_gmt":"2025-07-17T20:33:47","guid":{"rendered":"https:\/\/knowyn.se\/articulos\/"},"modified":"2025-10-29T14:43:02","modified_gmt":"2025-10-29T12:43:02","slug":"articulos","status":"publish","type":"page","link":"https:\/\/knowyn.se\/es\/articulos\/","title":{"rendered":"Art\u00edculos"},"content":{"rendered":"<p>[et_pb_section fb_built=\u00bb1&#8243; custom_padding_last_edited=\u00bbon|phone\u00bb _builder_version=\u00bb4.27.4&#8243; _module_preset=\u00bbdefault\u00bb background_color=\u00bb#F4F1E1&#8243; background_image=\u00bbhttps:\/\/knowyndev.hemsida.eu\/wp-content\/uploads\/2025\/07\/knowyn-landning-art-img.webp\u00bb custom_padding=\u00bb120px||120px||false|false\u00bb custom_padding_tablet=\u00bb120px||120px||false|false\u00bb custom_padding_phone=\u00bb80px||80px||false|false\u00bb locked=\u00bboff\u00bb global_colors_info=\u00bb{}\u00bb][et_pb_row _builder_version=\u00bb4.27.4&#8243; _module_preset=\u00bbdefault\u00bb global_colors_info=\u00bb{}\u00bb][et_pb_column type=\u00bb4_4&#8243; _builder_version=\u00bb4.27.4&#8243; _module_preset=\u00bbdefault\u00bb global_colors_info=\u00bb{}\u00bb][et_pb_text _builder_version=\u00bb4.27.4&#8243; _module_preset=\u00bbdefault\u00bb text_font=\u00bb|300||on|||||\u00bb text_text_color=\u00bb#FFFFFF\u00bb text_orientation=\u00bbcenter\u00bb custom_margin=\u00bb||||false|false\u00bb global_colors_info=\u00bb{}\u00bb]<\/p>\n<p>La historia detr\u00e1s de Knowyn<\/p>\n<p>[\/et_pb_text][et_pb_text _builder_version=\u00bb4.27.4&#8243; _module_preset=\u00bbdefault\u00bb header_font=\u00bb|700|||||||\u00bb header_text_align=\u00bbcenter\u00bb header_text_color=\u00bb#FFFFFF\u00bb header_font_size=\u00bb40px\u00bb max_width=\u00bb550px\u00bb module_alignment=\u00bbcenter\u00bb custom_margin=\u00bb||0px||false|false\u00bb custom_padding=\u00bb||||false|false\u00bb header_font_size_tablet=\u00bb40px\u00bb header_font_size_phone=\u00bb32px\u00bb header_font_size_last_edited=\u00bbon|phone\u00bb global_colors_info=\u00bb{}\u00bb]<\/p>\n<h1>Aqu\u00ed puede leer m\u00e1s sobre nuestras \u00faltimas noticias, seminarios web y novedades del sector<\/h1>\n<p>[\/et_pb_text][\/et_pb_column][\/et_pb_row][\/et_pb_section][et_pb_section fb_built=\u00bb1&#8243; custom_padding_last_edited=\u00bbon|phone\u00bb admin_label=\u00bbAbout\u00bb _builder_version=\u00bb4.27.4&#8243; _module_preset=\u00bbdefault\u00bb custom_padding=\u00bb40px||120px||false|false\u00bb custom_padding_tablet=\u00bb40px||120px||false|false\u00bb custom_padding_phone=\u00bb40px||80px||false|false\u00bb locked=\u00bboff\u00bb collapsed=\u00bboff\u00bb global_colors_info=\u00bb{}\u00bb][et_pb_row _builder_version=\u00bb4.27.4&#8243; _module_preset=\u00bb_initial\u00bb width=\u00bb100%\u00bb max_width=\u00bb2580px\u00bb custom_padding=\u00bb0px||||false|false\u00bb global_colors_info=\u00bb{}\u00bb][et_pb_column type=\u00bb4_4&#8243; _builder_version=\u00bb4.27.3&#8243; _module_preset=\u00bbdefault\u00bb global_colors_info=\u00bb{}\u00bb][dipi_blog_slider posts_number=\u00bb3&#8243; use_thumbnail_height=\u00bbon\u00bb thumbnail_height=\u00bb350px\u00bb show_more=\u00bbon\u00bb show_more_text=\u00bbLeer m\u00e1s\u00bb show_author=\u00bboff\u00bb show_date=\u00bboff\u00bb columns=\u00bb3&#8243; space_between=\u00bb31&#8243; speed=\u00bb901&#8243; loop=\u00bbon\u00bb autoplay=\u00bbon\u00bb autoplay_speed=\u00bb7001&#8243; pagination=\u00bbon\u00bb centered=\u00bbon\u00bb navigation_color=\u00bb#5D529F\u00bb pagination_color=\u00bb#5D529F\u00bb pagination_active_color=\u00bb#5D529F\u00bb image_animation=\u00bbzoomin\u00bb item_bg_color=\u00bb#F4F1E1&#8243; thumbnail_height_tablet=\u00bb350px\u00bb thumbnail_height_phone=\u00bb200px\u00bb thumbnail_height_last_edited=\u00bbon|tablet\u00bb columns_tablet=\u00bb1&#8243; columns_phone=\u00bb1&#8243; columns_last_edited=\u00bbon|phone\u00bb space_between_tablet=\u00bb5&#8243; space_between_phone=\u00bb5&#8243; space_between_last_edited=\u00bbon|tablet\u00bb module_class=\u00bbblogslidersettings\u00bb _builder_version=\u00bb4.27.4&#8243; _module_preset=\u00bb_initial\u00bb header_font=\u00bb|700|||||||\u00bb header_text_color=\u00bb#000000&#8243; body_font=\u00bb|300|||||||\u00bb body_text_color=\u00bb#000000&#8243; body_font_size=\u00bb16px\u00bb cat_font=\u00bb|700||on|||||\u00bb cat_font_size=\u00bb12px\u00bb background_enable_color=\u00bboff\u00bb custom_button=\u00bbon\u00bb button_text_color=\u00bb#F4F1E1&#8243; button_bg_color=\u00bb#5D529F\u00bb button_font=\u00bb|700||on|||||\u00bb button_use_icon=\u00bboff\u00bb button_alignment=\u00bbleft\u00bb button_custom_padding=\u00bb5px|20px|5px|20px|true|true\u00bb header_font_size_tablet=\u00bb\u00bb header_font_size_phone=\u00bb26px\u00bb header_font_size_last_edited=\u00bbon|phone\u00bb button_border_color_last_edited=\u00bboff|desktop\u00bb custom_css_post_read_mopre=\u00bbmargin-top: 20px;\u00bb custom_css_not_active_slides=\u00bbopacity: 0.2!important;\u00bb border_width_all_item=\u00bb25px\u00bb border_color_all_item=\u00bb#F4F1E1&#8243; border_width_all_item_tablet=\u00bb30px\u00bb border_width_all_item_phone=\u00bb20px\u00bb border_width_all_item_last_edited=\u00bbon|desktop\u00bb global_colors_info=\u00bb{}\u00bb button_text_color__hover=\u00bb#5D529F\u00bb button_text_color__hover_enabled=\u00bbon|hover\u00bb button_bg_color__hover=\u00bb#F4F1E1&#8243; button_bg_color__hover_enabled=\u00bbon|hover\u00bb button_bg_enable_color__hover=\u00bbon\u00bb button_border_color__hover_enabled=\u00bboff|desktop\u00bb custom_css_post_read_mopre_last_edited=\u00bboff|phone\u00bb][\/dipi_blog_slider][\/et_pb_column][\/et_pb_row][\/et_pb_section][et_pb_section fb_built=\u00bb1&#8243; custom_padding_last_edited=\u00bbon|phone\u00bb admin_label=\u00bbGallery\u00bb _builder_version=\u00bb4.27.4&#8243; _module_preset=\u00bbdefault\u00bb background_color=\u00bb#E9E9F0&#8243; custom_margin=\u00bb||||false|false\u00bb custom_padding=\u00bb200px|||||\u00bb custom_padding_tablet=\u00bb150px||||false|false\u00bb custom_padding_phone=\u00bb100px||||false|false\u00bb top_divider_style=\u00bbcurve\u00bb top_divider_color=\u00bb#ffffff\u00bb top_divider_flip=\u00bbvertical\u00bb top_divider_height_tablet=\u00bb\u00bb top_divider_height_phone=\u00bb50px\u00bb top_divider_height_last_edited=\u00bbon|tablet\u00bb saved_tabs=\u00bball\u00bb locked=\u00bboff\u00bb collapsed=\u00bboff\u00bb global_colors_info=\u00bb{}\u00bb][et_pb_row _builder_version=\u00bb4.27.3&#8243; _module_preset=\u00bb_initial\u00bb width=\u00bb90%\u00bb global_colors_info=\u00bb{}\u00bb][et_pb_column type=\u00bb4_4&#8243; _builder_version=\u00bb4.27.3&#8243; _module_preset=\u00bbdefault\u00bb global_colors_info=\u00bb{}\u00bb][et_pb_text _builder_version=\u00bb4.27.4&#8243; _module_preset=\u00bb_initial\u00bb text_line_height=\u00bb1.4em\u00bb header_2_font_size=\u00bb3vw\u00bb header_3_font=\u00bb|700|||||||\u00bb header_3_text_align=\u00bbcenter\u00bb header_3_text_color=\u00bb#000000&#8243; header_3_font_size=\u00bb34px\u00bb max_width=\u00bb800px\u00bb module_alignment=\u00bbcenter\u00bb header_3_font_size_tablet=\u00bb32px\u00bb header_3_font_size_phone=\u00bb26px\u00bb header_3_font_size_last_edited=\u00bbon|phone\u00bb global_colors_info=\u00bb{}\u00bb]<\/p>\n<h3>M\u00e1s art\u00edculos<\/h3>\n<p>[\/et_pb_text][et_pb_text _builder_version=\u00bb4.27.4&#8243; _module_preset=\u00bb_initial\u00bb text_orientation=\u00bbcenter\u00bb max_width=\u00bb800px\u00bb module_alignment=\u00bbcenter\u00bb global_colors_info=\u00bb{}\u00bb]<\/p>\n<p>Aqu\u00ed recopilamos todas las noticias relacionadas con nuestro trabajo en Knowyn. Le invitamos a leer m\u00e1s sobre las colaboraciones con nuestros clientes, seminarios web, congresos y cursos. Nos apasiona transformar el sector de la odontolog\u00eda creando una soluci\u00f3n que reduzca el estr\u00e9s en el d\u00eda a d\u00eda, facilite la administraci\u00f3n y, al mismo tiempo, llene las consultas.  <\/p>\n<p>[\/et_pb_text][\/et_pb_column][\/et_pb_row][et_pb_row make_equal=\u00bbon\u00bb _builder_version=\u00bb4.27.3&#8243; _module_preset=\u00bb_initial\u00bb width=\u00bb90%\u00bb global_colors_info=\u00bb{}\u00bb][et_pb_column type=\u00bb4_4&#8243; _builder_version=\u00bb4.27.3&#8243; _module_preset=\u00bbdefault\u00bb global_colors_info=\u00bb{}\u00bb][et_pb_blog posts_number=\u00bb6&#8243; meta_date=\u00bbm\/j Y\u00bb excerpt_length=\u00bb265&#8243; show_author=\u00bboff\u00bb module_class=\u00bbdipi-styled-blog\u00bb _builder_version=\u00bb4.27.4&#8243; _module_preset=\u00bbdefault\u00bb header_font=\u00bb&#8211;et_global_heading_font|700|||||||\u00bb header_text_color=\u00bb#000000&#8243; header_font_size=\u00bb22px\u00bb body_font=\u00bb|300|||||||\u00bb body_text_color=\u00bb#000000&#8243; meta_font=\u00bb|||on|||||\u00bb meta_text_color=\u00bb#5D529F\u00bb meta_font_size=\u00bb12px\u00bb read_more_font=\u00bb|||on|||||\u00bb read_more_text_color=\u00bb#FFFFFF\u00bb pagination_font_size=\u00bb14px\u00bb background_enable_color=\u00bboff\u00bb hover_enabled=\u00bb0&#8243; custom_css_title=\u00bbmargin-bottom: 15px;\u00bb border_width_all=\u00bb0px\u00bb global_colors_info=\u00bb{}\u00bb show_more=\u00bbon\u00bb sticky_enabled=\u00bb0&#8243;][\/et_pb_blog][\/et_pb_column][\/et_pb_row][\/et_pb_section]<\/p>\n","protected":false},"excerpt":{"rendered":"<p>La historia detr\u00e1s de KnowynAqu\u00ed puede leer m\u00e1s sobre nuestras \u00faltimas noticias, seminarios web y novedades del sector<div class=\"et_pb_module dipi_blog_slider dipi_blog_slider_0 \u00bbblogslidersettings\u00bb\">\n\t\t\t\t\n\t\t\t\t\n\t\t\t\t\n\t\t\t\t\n\t\t\t\t\n\t\t\t\t\n\t\t\t\t<div class=\"et_pb_module_inner\">\n\t\t\t\t\t\n\t\t    <div class=\"dipi-blog-slider-main preloading\" \n\t\t    data-columnsphone=\"\u00bb1&#8243;\"\n\t\t    data-columnstablet=\"\u00bb1&#8243;\"\n\t\t    data-columnsdesktop=\"\u00bb3&#8243;\"\n\t\t    data-spacebetween=\"\u00bb31&#8243;\"\n\t\t    data-loop=\"\u00bbon\u00bb\"\n\t\t    data-speed=\"\u00bb901&#8243;\"\n\t\t    data-navigation=\"off\"\n\t\t    data-pagination=\"\u00bbon\u00bb\"\n\t\t    data-autoplay=\"\u00bbon\u00bb\"\n\t\t    data-autoplayspeed=\"\u00bb7001&#8243;\"\n\t\t    data-pauseonhover=\"on\"\n\t\t    data-effect=\"slide\"\n\t\t    data-rotate=\"50\"\n\t\t    data-dynamicbullets=\"on\"\n\t\t    data-ordernumber=\"0\"\n\t\t    data-centered=\"\u00bbon\u00bb\"\n\t\t    data-spacebetween_tablet=\"\u00bb5&#8243;\"\n\t\t    data-spacebetween_phone=\"\u00bb5&#8243;\"\n\t\t    data-shadow=\"true\">\n\t\t        <div class=\"swiper-container\">\n\t\t            <div class=\"dipi-blog-slider-wrapper\">\n\t\t                <div class=\"dipi-blog-post clearfix category-sin-categoria\">\n<div class=\"dipi-entry-featured-image-url dipi-\u00bbzoomin\u00bb\">\n\n\t\t<a    \n        class=\"dipi-blog-post-overlay-link\"\n        href=\"https:\/\/knowyn.se\/es\/nordic-dental-summit-2025\/\"\n        target=\"\"\n        aria-label=\"\u00a1Nordic Dental Summit 2025!\"\n    ><\/a>\n\t\n    <div class=\"dipi-blog-post-overlay\">\n            <\/div>\n\n    <img\n                decoding=\"async\"\n                loading=\"lazy\"\n                class=\"wp-post-image\"\n                src=\"https:\/\/knowyn.se\/wp-content\/uploads\/2025\/10\/Nordic-Dental-QR.png\"\n                alt=\"\"\n                srcset=\"https:\/\/knowyn.se\/wp-content\/uploads\/2025\/10\/Nordic-Dental-QR.png 768w, https:\/\/knowyn.se\/wp-content\/uploads\/2025\/10\/Nordic-Dental-QR.png 980w, https:\/\/knowyn.se\/wp-content\/uploads\/2025\/10\/Nordic-Dental-QR.png 1024w\"\n                sizes=\"(max-width: 768px) 768px, (max-width: 980px) 980px, 1024px\"\n            \/>\n            \n<\/div><div class=\"dipi-post-content\">\n    <div class=\"dipi-categories\">\n        <a href=\"https:\/\/knowyn.se\/es\/category\/sin-categoria\/\" rel=\"tag\">Sin categor\u00eda<\/a>    <\/div>\n    <h2 class=\"dipi-entry-title\">\n        <a href=\"https:\/\/knowyn.se\/es\/nordic-dental-summit-2025\/\" \n        target=\"\"\n        aria-label=\"\u00a1Nordic Dental Summit 2025!\"\n    >\n            \u00a1Nordic Dental Summit 2025!        <\/a>\n    <\/h2>    <div class=\"dipi-post-text\">\n\u00bfQuieres tener la oportunidad de ganar una plaza para el evento de este a\u00f1o en el sector dental? Durante dos d\u00edas, del 28 al 29 de noviembre, se pondr\u00e1 en marcha una...<\/div>\n    <\/div><!-- dipi-post-content --><\/div><!-- dipi-blog-post -->\n\n\t\t            <\/div>\n\t\t        <\/div>\n\t\t        \n\t\t        <div class=\"swiper-container-horizontal\">\n\t\t            \n\t\t        <\/div>\n\t\t    <\/div>\n\t\t\t\t<\/div>\n\t\t\t<\/div><\/p>\n","protected":false},"author":2,"featured_media":959,"parent":0,"menu_order":0,"comment_status":"closed","ping_status":"closed","template":"","meta":{"_et_pb_use_builder":"on","_et_pb_old_content":"","_et_gb_content_width":"","footnotes":""},"dipi_cpt_category":[],"class_list":["post-958","page","type-page","status-publish","has-post-thumbnail","hentry"],"_links":{"self":[{"href":"https:\/\/knowyn.se\/es\/wp-json\/wp\/v2\/pages\/958","targetHints":{"allow":["GET"]}}],"collection":[{"href":"https:\/\/knowyn.se\/es\/wp-json\/wp\/v2\/pages"}],"about":[{"href":"https:\/\/knowyn.se\/es\/wp-json\/wp\/v2\/types\/page"}],"author":[{"embeddable":true,"href":"https:\/\/knowyn.se\/es\/wp-json\/wp\/v2\/users\/2"}],"replies":[{"embeddable":true,"href":"https:\/\/knowyn.se\/es\/wp-json\/wp\/v2\/comments?post=958"}],"version-history":[{"count":2,"href":"https:\/\/knowyn.se\/es\/wp-json\/wp\/v2\/pages\/958\/revisions"}],"predecessor-version":[{"id":961,"href":"https:\/\/knowyn.se\/es\/wp-json\/wp\/v2\/pages\/958\/revisions\/961"}],"wp:featuredmedia":[{"embeddable":true,"href":"https:\/\/knowyn.se\/es\/wp-json\/wp\/v2\/media\/959"}],"wp:attachment":[{"href":"https:\/\/knowyn.se\/es\/wp-json\/wp\/v2\/media?parent=958"}],"wp:term":[{"taxonomy":"dipi_cpt_category","embeddable":true,"href":"https:\/\/knowyn.se\/es\/wp-json\/wp\/v2\/dipi_cpt_category?post=958"}],"curies":[{"name":"wp","href":"https:\/\/api.w.org\/{rel}","templated":true}]}}