{"id":1236,"date":"2025-07-17T15:25:21","date_gmt":"2025-07-17T13:25:21","guid":{"rendered":"https:\/\/knowyn.se\/consultoria\/"},"modified":"2026-02-12T15:48:30","modified_gmt":"2026-02-12T13:48:30","slug":"consultoria","status":"publish","type":"page","link":"https:\/\/knowyn.se\/es\/consultoria\/","title":{"rendered":"Consultor"},"content":{"rendered":"<p>[et_pb_section fb_built=\u00bb1&#8243; custom_padding_last_edited=\u00bbon|phone\u00bb _builder_version=\u00bb4.27.4&#8243; _module_preset=\u00bbdefault\u00bb background_image=\u00bbhttps:\/\/knowyn.se\/wp-content\/uploads\/2025\/07\/knowyn-konsultstod-for-smartare-klinik-img.webp\u00bb custom_padding=\u00bb120px||120px||false|false\u00bb custom_padding_tablet=\u00bb120px||120px||false|false\u00bb custom_padding_phone=\u00bb80px||80px||false|false\u00bb global_colors_info=\u00bb{}\u00bb][et_pb_row column_structure=\u00bb1_2,1_2&#8243; _builder_version=\u00bb4.27.4&#8243; _module_preset=\u00bbdefault\u00bb global_colors_info=\u00bb{}\u00bb][et_pb_column type=\u00bb1_2&#8243; _builder_version=\u00bb4.27.4&#8243; _module_preset=\u00bbdefault\u00bb global_colors_info=\u00bb{}\u00bb][et_pb_text _builder_version=\u00bb4.27.4&#8243; _module_preset=\u00bbdefault\u00bb header_font=\u00bb|700|||||||\u00bb header_text_color=\u00bb#F4F1E1&#8243; header_font_size=\u00bb40px\u00bb custom_margin=\u00bb||0px||false|false\u00bb custom_padding=\u00bb||||false|false\u00bb header_font_size_tablet=\u00bb40px\u00bb header_font_size_phone=\u00bb32px\u00bb header_font_size_last_edited=\u00bbon|phone\u00bb global_colors_info=\u00bb{}\u00bb]<\/p>\n<h1>Apoyo de consultor\u00eda para una cl\u00ednica m\u00e1s inteligente<\/h1>\n<p>[\/et_pb_text][et_pb_text _builder_version=\u00bb4.27.4&#8243; _module_preset=\u00bbdefault\u00bb text_font=\u00bb|700|||||||\u00bb text_text_color=\u00bb#F4F1E1&#8243; global_colors_info=\u00bb{}\u00bb]<\/p>\n<p>Hoy y en el futuro<\/p>\n<p>[\/et_pb_text][et_pb_text _builder_version=\u00bb4.27.4&#8243; _module_preset=\u00bbdefault\u00bb text_text_color=\u00bb#FFFFFF\u00bb custom_margin=\u00bb||40px|||\u00bb global_colors_info=\u00bb{}\u00bb]<\/p>\n<p>Knowyn ofrece apoyo profesional a cl\u00ednicas que quieren optimizar su operativa, reforzar su liderazgo y crear un crecimiento sostenible. Con experiencia humana y herramientas digitales, os ayudamos a desarrollar el negocio, desde la estrategia hasta el d\u00eda a d\u00eda.   <\/p>\n<p>[\/et_pb_text][et_pb_button button_url=\u00bbhttps:\/\/knowyn.online\/checkout\/en\u00bb button_text=\u00bbHazte cliente\u00bb _builder_version=\u00bb4.27.5&#8243; _module_preset=\u00bbdefault\u00bb button_text_color=\u00bb#F4F1E1&#8243; button_bg_color=\u00bbRGBA(255,255,255,0)\u00bb button_border_color=\u00bb#F4F1E1&#8243; hover_enabled=\u00bb0&#8243; global_colors_info=\u00bb{}\u00bb button_text_color__hover_enabled=\u00bbon|desktop\u00bb button_text_color__hover=\u00bb#5D529F\u00bb button_bg_color__hover_enabled=\u00bbon|hover\u00bb button_bg_color__hover=\u00bb#F4F1E1&#8243; button_bg_enable_color__hover=\u00bbon\u00bb sticky_enabled=\u00bb0&#8243;][\/et_pb_button][\/et_pb_column][et_pb_column type=\u00bb1_2&#8243; _builder_version=\u00bb4.27.4&#8243; _module_preset=\u00bbdefault\u00bb global_colors_info=\u00bb{}\u00bb][\/et_pb_column][\/et_pb_row][\/et_pb_section][et_pb_section fb_built=\u00bb1&#8243; _builder_version=\u00bb4.27.4&#8243; _module_preset=\u00bbdefault\u00bb background_color=\u00bb#F4F1E1&#8243; custom_padding=\u00bb||0px||false|false\u00bb global_colors_info=\u00bb{}\u00bb][et_pb_row _builder_version=\u00bb4.27.4&#8243; _module_preset=\u00bbdefault\u00bb global_colors_info=\u00bb{}\u00bb][et_pb_column type=\u00bb4_4&#8243; _builder_version=\u00bb4.27.4&#8243; _module_preset=\u00bbdefault\u00bb global_colors_info=\u00bb{}\u00bb][et_pb_text _builder_version=\u00bb4.27.4&#8243; _module_preset=\u00bbdefault\u00bb text_font_size=\u00bb32px\u00bb text_line_height=\u00bb1.3em\u00bb text_orientation=\u00bbcenter\u00bb max_width=\u00bb630px\u00bb module_alignment=\u00bbcenter\u00bb text_font_size_tablet=\u00bb32px\u00bb text_font_size_phone=\u00bb28px\u00bb text_font_size_last_edited=\u00bbon|phone\u00bb global_colors_info=\u00bb{}\u00bb]Menos estr\u00e9s, sin huecos en la agenda y <b style=\"color: #5d529f; font-weight: 700;\">mayor satisfacci\u00f3n del paciente.<\/b>[\/et_pb_text][\/et_pb_column][\/et_pb_row][\/et_pb_section][et_pb_section fb_built=\u00bb1&#8243; custom_padding_last_edited=\u00bbon|phone\u00bb module_class=\u00bbpa-custom-background-mask-4&#8243; _builder_version=\u00bb4.27.4&#8243; _module_preset=\u00bbdefault\u00bb background_color=\u00bb#F4F1E1&#8243; custom_padding=\u00bb||||false|false\u00bb custom_padding_tablet=\u00bb||0px||false|false\u00bb custom_padding_phone=\u00bb0px||||false|false\u00bb global_colors_info=\u00bb{}\u00bb][et_pb_row column_structure=\u00bb1_2,1_2&#8243; make_equal=\u00bbon\u00bb custom_padding_last_edited=\u00bbon|tablet\u00bb _builder_version=\u00bb4.27.4&#8243; _module_preset=\u00bbdefault\u00bb z_index=\u00bb170&#8243; min_height=\u00bb400px\u00bb min_height_tablet=\u00bb420px\u00bb min_height_phone=\u00bb420px\u00bb min_height_last_edited=\u00bbon|tablet\u00bb custom_padding=\u00bb0px||0px||false|false\u00bb custom_padding_tablet=\u00bb||60px||false|false\u00bb custom_padding_phone=\u00bb||60px||false|false\u00bb global_colors_info=\u00bb{}\u00bb][et_pb_column type=\u00bb1_2&#8243; disabled_on=\u00bbon|on|off\u00bb _builder_version=\u00bb4.27.4&#8243; _module_preset=\u00bbdefault\u00bb background_enable_image=\u00bboff\u00bb global_colors_info=\u00bb{}\u00bb][et_pb_divider show_divider=\u00bboff\u00bb _builder_version=\u00bb4.27.4&#8243; _module_preset=\u00bbdefault\u00bb global_colors_info=\u00bb{}\u00bb][\/et_pb_divider][\/et_pb_column][et_pb_column type=\u00bb1_2&#8243; _builder_version=\u00bb4.27.4&#8243; _module_preset=\u00bbdefault\u00bb global_colors_info=\u00bb{}\u00bb][et_pb_text _builder_version=\u00bb4.27.4&#8243; _module_preset=\u00bbdefault\u00bb max_width=\u00bb550px\u00bb custom_margin=\u00bb||60px||false|false\u00bb custom_margin_tablet=\u00bb||80px|||\u00bb custom_margin_phone=\u00bb||40px||false|false\u00bb custom_margin_last_edited=\u00bboff|desktop\u00bb global_colors_info=\u00bb{}\u00bb]<\/p>\n<p>Con una amplia experiencia dirigiendo y optimizando desde consultas peque\u00f1as hasta unidades sanitarias m\u00e1s grandes, os ayudamos a fortalecer el liderazgo, mejorar los flujos de trabajo y elevar la calidad de la atenci\u00f3n sanitaria.<\/p>\n<p>Adem\u00e1s del apoyo humano, tambi\u00e9n tendr\u00e9is acceso a la plataforma digital de Knowyn, una herramienta potente que re\u00fane datos relevantes para el seguimiento, los indicadores clave y la gesti\u00f3n del negocio. Esto facilita tomar decisiones bien fundamentadas, hacer seguimiento de los resultados e impulsar el desarrollo, tanto en el d\u00eda a d\u00eda como a nivel estrat\u00e9gico.   <\/p>\n<p>[\/et_pb_text][et_pb_button button_url=\u00bbhttps:\/\/knowyn.se\/es\/contacto\/#boka-demo\u00bb button_text=\u00bbReservar demo\u00bb _builder_version=\u00bb4.27.5&#8243; _module_preset=\u00bbdefault\u00bb custom_margin=\u00bb||||false|false\u00bb hover_enabled=\u00bb0&#8243; global_colors_info=\u00bb{}\u00bb sticky_enabled=\u00bb0&#8243;][\/et_pb_button][\/et_pb_column][\/et_pb_row][et_pb_row column_structure=\u00bb1_2,1_2&#8243; use_custom_gutter=\u00bbon\u00bb custom_padding_last_edited=\u00bbon|phone\u00bb _builder_version=\u00bb4.27.4&#8243; _module_preset=\u00bbdefault\u00bb positioning=\u00bbabsolute\u00bb position_origin_a=\u00bbcenter_left\u00bb z_index=\u00bb17&#8243; position_origin_a_tablet=\u00bbcenter_right\u00bb position_origin_a_phone=\u00bbcenter_right\u00bb position_origin_a_last_edited=\u00bbon|tablet\u00bb position_origin_f_tablet=\u00bb\u00bb position_origin_f_phone=\u00bb\u00bb position_origin_f_last_edited=\u00bbon|tablet\u00bb position_origin_r_tablet=\u00bb\u00bb position_origin_r_phone=\u00bb\u00bb position_origin_r_last_edited=\u00bbon|tablet\u00bb width=\u00bb100%\u00bb width_tablet=\u00bb100%\u00bb width_phone=\u00bb100%\u00bb width_last_edited=\u00bbon|tablet\u00bb max_width=\u00bbnone\u00bb custom_padding=\u00bb||||false|false\u00bb custom_padding_tablet=\u00bb0px||||false|false\u00bb custom_padding_phone=\u00bb0px||||false|false\u00bb positioning_tablet=\u00bbnone\u00bb positioning_phone=\u00bbnone\u00bb positioning_last_edited=\u00bbon|desktop\u00bb global_colors_info=\u00bb{}\u00bb][et_pb_column type=\u00bb1_2&#8243; _builder_version=\u00bb4.27.4&#8243; _module_preset=\u00bbdefault\u00bb background_image=\u00bbhttps:\/\/knowyn.se\/wp-content\/uploads\/2025\/07\/knowyn-hogre-patientnojdhet-img.webp\u00bb global_colors_info=\u00bb{}\u00bb][et_pb_divider show_divider=\u00bboff\u00bb _builder_version=\u00bb4.27.4&#8243; _module_preset=\u00bbdefault\u00bb min_height=\u00bb420px\u00bb global_colors_info=\u00bb{}\u00bb][\/et_pb_divider][\/et_pb_column][et_pb_column type=\u00bb1_2&#8243; disabled_on=\u00bbon|on|off\u00bb _builder_version=\u00bb4.27.4&#8243; _module_preset=\u00bbdefault\u00bb global_colors_info=\u00bb{}\u00bb][\/et_pb_column][\/et_pb_row][\/et_pb_section][et_pb_section fb_built=\u00bb1&#8243; custom_padding_last_edited=\u00bbon|phone\u00bb _builder_version=\u00bb4.27.4&#8243; _module_preset=\u00bbdefault\u00bb overflow-x=\u00bbhidden\u00bb overflow-y=\u00bbhidden\u00bb custom_padding=\u00bb80px||0px||false|false\u00bb custom_padding_tablet=\u00bb80px||0px||false|false\u00bb custom_padding_phone=\u00bb40px||0px||false|false\u00bb locked=\u00bboff\u00bb global_colors_info=\u00bb{}\u00bb][et_pb_row column_structure=\u00bb1_5,3_5,1_5&#8243; make_equal=\u00bbon\u00bb _builder_version=\u00bb4.27.4&#8243; _module_preset=\u00bbdefault\u00bb width=\u00bb100%\u00bb max_width=\u00bb2560px\u00bb custom_padding=\u00bb||35px||false|false\u00bb global_colors_info=\u00bb{}\u00bb][et_pb_column type=\u00bb1_5&#8243; disabled_on=\u00bbon|on|off\u00bb _builder_version=\u00bb4.27.4&#8243; _module_preset=\u00bbdefault\u00bb background_color=\u00bb#F4F1E1&#8243; background_enable_image=\u00bboff\u00bb background_position=\u00bbcenter_left\u00bb border_radii=\u00bboff||500px|500px|\u00bb global_colors_info=\u00bb{}\u00bb][et_pb_divider show_divider=\u00bboff\u00bb _builder_version=\u00bb4.27.4&#8243; _module_preset=\u00bbdefault\u00bb background_enable_image=\u00bboff\u00bb global_colors_info=\u00bb{}\u00bb][\/et_pb_divider][\/et_pb_column][et_pb_column type=\u00bb3_5&#8243; _builder_version=\u00bb4.27.4&#8243; _module_preset=\u00bbdefault\u00bb global_colors_info=\u00bb{}\u00bb][et_pb_icon font_icon=\u00bb&#x7b;||divi||400&#8243; icon_width=\u00bb80px\u00bb _builder_version=\u00bb4.27.4&#8243; _module_preset=\u00bbdefault\u00bb positioning=\u00bbabsolute\u00bb position_origin_a=\u00bbtop_center\u00bb vertical_offset=\u00bb-46px\u00bb z_index=\u00bb353&#8243; custom_margin=\u00bb0px||-40px||false|false\u00bb custom_padding=\u00bb||||false|false\u00bb global_colors_info=\u00bb{}\u00bb][\/et_pb_icon][dipi_testimonial total_testimonial=\u00bb12&#8243; use_hide_rating=\u00bbon\u00bb review_length=\u00bb25&#8243; testimonial_suppress_filters=\u00bboff\u00bb use_show_popup_rating=\u00bboff\u00bb rating_color=\u00bb#5D529F\u00bb empty_rating_color=\u00bb#E9E9F0&#8243; columns=\u00bb1&#8243; container_padding=\u00bb0px|0px|0px|0px|false|false\u00bb speed=\u00bb3701&#8243; loop=\u00bbon\u00bb autoplay=\u00bbon\u00bb pagination=\u00bbon\u00bb pagi_color=\u00bb#000000&#8243; pagi_active_color=\u00bb#E3DCB5&#8243; img_width=\u00bb90px\u00bb item_padding=\u00bb40px|20px|40px|20px|true|true\u00bb item_bg_color=\u00bb#F4F1E1&#8243; _builder_version=\u00bb4.27.4&#8243; _module_preset=\u00bbdefault\u00bb testimonial_text_font_size=\u00bb20px\u00bb testimonial_text_line_height=\u00bb1.3em\u00bb readmore_font_size=\u00bb16px\u00bb max_width_tablet=\u00bb80%\u00bb max_width_phone=\u00bb90%\u00bb max_width_last_edited=\u00bbon|tablet\u00bb module_alignment=\u00bbcenter\u00bb custom_padding=\u00bb||||false|false\u00bb testimonial_text_font_size_tablet=\u00bb16px\u00bb testimonial_text_font_size_phone=\u00bb15px\u00bb testimonial_text_font_size_last_edited=\u00bbon|phone\u00bb readmore_font_size_tablet=\u00bb16px\u00bb readmore_font_size_phone=\u00bb15px\u00bb readmore_font_size_last_edited=\u00bbon|phone\u00bb custom_css_testimonial_text=\u00bbpadding-left: 40px;||padding-right: 40px;||\u00bb border_radii=\u00bbon|250px|250px|250px|250px\u00bb border_radii_profile_image=\u00bbon|50px|50px|50px|50px\u00bb global_colors_info=\u00bb{}\u00bb][\/dipi_testimonial][\/et_pb_column][et_pb_column type=\u00bb1_5&#8243; disabled_on=\u00bbon|on|off\u00bb _builder_version=\u00bb4.27.4&#8243; _module_preset=\u00bbdefault\u00bb background_color=\u00bb#F4F1E1&#8243; background_enable_image=\u00bboff\u00bb background_position=\u00bbcenter_left\u00bb border_radii=\u00bboff|500px|||500px\u00bb global_colors_info=\u00bb{}\u00bb][et_pb_divider show_divider=\u00bboff\u00bb _builder_version=\u00bb4.27.4&#8243; _module_preset=\u00bbdefault\u00bb background_enable_image=\u00bboff\u00bb global_colors_info=\u00bb{}\u00bb][\/et_pb_divider][\/et_pb_column][\/et_pb_row][\/et_pb_section][et_pb_section fb_built=\u00bb1&#8243; custom_padding_last_edited=\u00bbon|phone\u00bb _builder_version=\u00bb4.27.4&#8243; _module_preset=\u00bbdefault\u00bb custom_padding=\u00bb80px||0px||false|false\u00bb custom_padding_tablet=\u00bb80px||0px||false|false\u00bb custom_padding_phone=\u00bb40px||0px||false|false\u00bb global_colors_info=\u00bb{}\u00bb][et_pb_row _builder_version=\u00bb4.27.4&#8243; _module_preset=\u00bbdefault\u00bb z_index=\u00bb152&#8243; custom_margin=\u00bb||-100px||false|false\u00bb custom_margin_tablet=\u00bb||-80px||false|false\u00bb custom_margin_phone=\u00bb||-28px||false|false\u00bb custom_margin_last_edited=\u00bbon|phone\u00bb custom_padding=\u00bb||0px||false|false\u00bb global_colors_info=\u00bb{}\u00bb][et_pb_column type=\u00bb4_4&#8243; _builder_version=\u00bb4.27.4&#8243; _module_preset=\u00bbdefault\u00bb global_colors_info=\u00bb{}\u00bb][et_pb_image src=\u00bbhttps:\/\/knowyn.se\/wp-content\/uploads\/2025\/07\/Ekonomisk_uppf-Knowyn-proimg.webp\u00bb title_text=\u00bbEcon\u00f3mico_uppf Knowyn proimg\u00bb _builder_version=\u00bb4.27.4&#8243; _module_preset=\u00bbdefault\u00bb position_origin_a=\u00bbbottom_center\u00bb width=\u00bb100%\u00bb animation_style=\u00bbslide\u00bb animation_direction=\u00bbbottom\u00bb border_radii=\u00bbon|15px|15px|15px|15px\u00bb box_shadow_style=\u00bbpreset1&#8243; box_shadow_color=\u00bbrgba(0,0,0,0.2)\u00bb global_colors_info=\u00bb{}\u00bb][\/et_pb_image][\/et_pb_column][\/et_pb_row][\/et_pb_section][et_pb_section fb_built=\u00bb1&#8243; _builder_version=\u00bb4.27.4&#8243; _module_preset=\u00bbdefault\u00bb background_color=\u00bb#5D529F\u00bb z_index=\u00bb488&#8243; custom_margin=\u00bb||||false|false\u00bb global_colors_info=\u00bb{}\u00bb][et_pb_row _builder_version=\u00bb4.27.4&#8243; _module_preset=\u00bbdefault\u00bb background_enable_color=\u00bboff\u00bb custom_padding=\u00bb80px|5%|80px|5%|false|true\u00bb global_colors_info=\u00bb{}\u00bb][et_pb_column type=\u00bb4_4&#8243; _builder_version=\u00bb4.27.4&#8243; _module_preset=\u00bbdefault\u00bb global_colors_info=\u00bb{}\u00bb][et_pb_text _builder_version=\u00bb4.27.4&#8243; _module_preset=\u00bbdefault\u00bb header_5_font=\u00bb|700|||||||\u00bb header_5_text_align=\u00bbcenter\u00bb header_5_text_color=\u00bb#FFFFFF\u00bb header_5_font_size=\u00bb30px\u00bb max_width=\u00bb500px\u00bb module_alignment=\u00bbcenter\u00bb header_5_font_size_tablet=\u00bb30px\u00bb header_5_font_size_phone=\u00bb24px\u00bb header_5_font_size_last_edited=\u00bbon|phone\u00bb global_colors_info=\u00bb{}\u00bb]<\/p>\n<h5>Encuentra pacientes que est\u00e1n esperando a ser reservados<\/h5>\n<p>[\/et_pb_text][et_pb_text _builder_version=\u00bb4.27.4&#8243; _module_preset=\u00bbdefault\u00bb text_text_color=\u00bb#FFFFFF\u00bb text_orientation=\u00bbcenter\u00bb max_width=\u00bb630px\u00bb module_alignment=\u00bbcenter\u00bb global_colors_info=\u00bb{}\u00bb]<\/p>\n<p>Los clientes logran un mejor control, m\u00e1s visitas reservadas, mayor facturaci\u00f3n y mejores resultados.  <strong>Todo esto por solo 229 kr\/por profesional al mes<\/strong><\/p>\n<p>[\/et_pb_text][et_pb_button button_url=\u00bbhttps:\/\/knowyn.online\/checkout\/en\u00bb button_text=\u00bbHAZTE CLIENTE HOY\u00bb button_alignment=\u00bbcenter\u00bb _builder_version=\u00bb4.27.5&#8243; _module_preset=\u00bbdefault\u00bb button_text_color=\u00bb#FFFFFF\u00bb button_border_color=\u00bb#FFFFFF\u00bb custom_margin=\u00bb40px||||false|false\u00bb hover_enabled=\u00bb0&#8243; global_colors_info=\u00bb{}\u00bb button_text_color__hover_enabled=\u00bbon|hover\u00bb button_border_color__hover_enabled=\u00bbon|hover\u00bb button_border_color__hover=\u00bb#FFFFFF\u00bb button_bg_color__hover_enabled=\u00bbon|desktop\u00bb button_bg_color__hover=\u00bb#FFFFFF\u00bb button_bg_enable_color__hover=\u00bbon\u00bb button_text_color__hover=\u00bb#5D529F\u00bb sticky_enabled=\u00bb0&#8243;][\/et_pb_button][\/et_pb_column][\/et_pb_row][\/et_pb_section]<\/p>\n","protected":false},"excerpt":{"rendered":"<p>Apoyo de consultor\u00eda para una cl\u00ednica m\u00e1s inteligenteHoy y en el futuroKnowyn ofrece apoyo profesional a cl\u00ednicas que quieren optimizar su operativa, reforzar su liderazgo y crear un crecimiento sostenible. Con experiencia humana y herramientas digitales, os ayudamos a desarrollar el negocio, desde la estrategia hasta el d\u00eda a d\u00eda. Menos estr\u00e9s, sin huecos en [&hellip;]<\/p>\n","protected":false},"author":2,"featured_media":977,"parent":0,"menu_order":0,"comment_status":"closed","ping_status":"closed","template":"","meta":{"_et_pb_use_builder":"on","_et_pb_old_content":"","_et_gb_content_width":"","footnotes":""},"dipi_cpt_category":[],"class_list":["post-1236","page","type-page","status-publish","has-post-thumbnail","hentry"],"_links":{"self":[{"href":"https:\/\/knowyn.se\/es\/wp-json\/wp\/v2\/pages\/1236","targetHints":{"allow":["GET"]}}],"collection":[{"href":"https:\/\/knowyn.se\/es\/wp-json\/wp\/v2\/pages"}],"about":[{"href":"https:\/\/knowyn.se\/es\/wp-json\/wp\/v2\/types\/page"}],"author":[{"embeddable":true,"href":"https:\/\/knowyn.se\/es\/wp-json\/wp\/v2\/users\/2"}],"replies":[{"embeddable":true,"href":"https:\/\/knowyn.se\/es\/wp-json\/wp\/v2\/comments?post=1236"}],"version-history":[{"count":10,"href":"https:\/\/knowyn.se\/es\/wp-json\/wp\/v2\/pages\/1236\/revisions"}],"predecessor-version":[{"id":1658,"href":"https:\/\/knowyn.se\/es\/wp-json\/wp\/v2\/pages\/1236\/revisions\/1658"}],"wp:featuredmedia":[{"embeddable":true,"href":"https:\/\/knowyn.se\/es\/wp-json\/wp\/v2\/media\/977"}],"wp:attachment":[{"href":"https:\/\/knowyn.se\/es\/wp-json\/wp\/v2\/media?parent=1236"}],"wp:term":[{"taxonomy":"dipi_cpt_category","embeddable":true,"href":"https:\/\/knowyn.se\/es\/wp-json\/wp\/v2\/dipi_cpt_category?post=1236"}],"curies":[{"name":"wp","href":"https:\/\/api.w.org\/{rel}","templated":true}]}}