{"id":1227,"date":"2025-09-04T09:16:19","date_gmt":"2025-09-04T07:16:19","guid":{"rendered":"https:\/\/knowyn.se\/politica-de-privacidad\/"},"modified":"2025-10-29T17:10:32","modified_gmt":"2025-10-29T15:10:32","slug":"politica-de-privacidad","status":"publish","type":"page","link":"https:\/\/knowyn.se\/es\/politica-de-privacidad\/","title":{"rendered":"Pol\u00edtica de privacidad"},"content":{"rendered":"<p>[et_pb_section fb_built=\u00bb1&#8243; custom_padding_last_edited=\u00bbon|phone\u00bb _builder_version=\u00bb4.27.4&#8243; _module_preset=\u00bbdefault\u00bb background_color=\u00bb#F4F1E1&#8243; background_enable_image=\u00bboff\u00bb background_size=\u00bbcustom\u00bb background_position=\u00bbbottom_right\u00bb background_horizontal_offset=\u00bb-170px\u00bb background_vertical_offset=\u00bb-420px\u00bb custom_padding=\u00bb120px||120px||false|false\u00bb custom_padding_tablet=\u00bb120px||120px||false|false\u00bb custom_padding_phone=\u00bb80px||80px||false|false\u00bb locked=\u00bboff\u00bb global_colors_info=\u00bb{}\u00bb][et_pb_row _builder_version=\u00bb4.27.4&#8243; _module_preset=\u00bbdefault\u00bb global_colors_info=\u00bb{}\u00bb][et_pb_column type=\u00bb4_4&#8243; _builder_version=\u00bb4.27.4&#8243; _module_preset=\u00bbdefault\u00bb global_colors_info=\u00bb{}\u00bb][et_pb_text _builder_version=\u00bb4.27.4&#8243; _module_preset=\u00bbdefault\u00bb text_font=\u00bb|300||on|||||\u00bb text_orientation=\u00bbcenter\u00bb custom_margin=\u00bb||||false|false\u00bb global_colors_info=\u00bb{}\u00bb]<\/p>\n<p>KNOWYN<\/p>\n<p>[\/et_pb_text][et_pb_text _builder_version=\u00bb4.27.4&#8243; _module_preset=\u00bbdefault\u00bb header_font=\u00bb|700|||||||\u00bb header_text_align=\u00bbcenter\u00bb header_text_color=\u00bb#5D529F\u00bb header_font_size=\u00bb40px\u00bb max_width=\u00bb550px\u00bb module_alignment=\u00bbcenter\u00bb custom_margin=\u00bb||40px||false|false\u00bb custom_padding=\u00bb||||false|false\u00bb header_font_size_tablet=\u00bb40px\u00bb header_font_size_phone=\u00bb32px\u00bb header_font_size_last_edited=\u00bbon|phone\u00bb global_colors_info=\u00bb{}\u00bb]<\/p>\n<h1>Pol\u00edtica de privacidad<\/h1>\n<p>[\/et_pb_text][et_pb_icon font_icon=\u00bb&#x7e;||divi||400&#8243; icon_width_tablet=\u00bb70px\u00bb icon_width_phone=\u00bb70px\u00bb icon_width_last_edited=\u00bbon|phone\u00bb _builder_version=\u00bb4.27.4&#8243; _module_preset=\u00bbdefault\u00bb global_colors_info=\u00bb{}\u00bb][\/et_pb_icon][\/et_pb_column][\/et_pb_row][\/et_pb_section][et_pb_section fb_built=\u00bb1&#8243; custom_padding_last_edited=\u00bbon|phone\u00bb module_class=\u00bbpa-custom-background-mask-4&#8243; _builder_version=\u00bb4.27.4&#8243; _module_preset=\u00bbdefault\u00bb background_color=\u00bb#FFFFFF\u00bb custom_padding=\u00bb80px||80px||false|false\u00bb custom_padding_tablet=\u00bb||||false|false\u00bb custom_padding_phone=\u00bb||||false|false\u00bb global_colors_info=\u00bb{}\u00bb][et_pb_row make_equal=\u00bbon\u00bb _builder_version=\u00bb4.27.4&#8243; _module_preset=\u00bbdefault\u00bb z_index=\u00bb170&#8243; min_height_tablet=\u00bb420px\u00bb min_height_phone=\u00bb420px\u00bb min_height_last_edited=\u00bboff|desktop\u00bb custom_padding=\u00bb0px||0px||false|false\u00bb global_colors_info=\u00bb{}\u00bb][et_pb_column type=\u00bb4_4&#8243; _builder_version=\u00bb4.27.4&#8243; _module_preset=\u00bbdefault\u00bb global_colors_info=\u00bb{}\u00bb][et_pb_text _builder_version=\u00bb4.27.4&#8243; _module_preset=\u00bbdefault\u00bb text_font=\u00bb|700|||||||\u00bb text_font_size=\u00bb28px\u00bb max_width_tablet=\u00bb100%\u00bb max_width_phone=\u00bb100%\u00bb max_width_last_edited=\u00bbon|tablet\u00bb module_alignment=\u00bbcenter\u00bb custom_margin=\u00bb||60px||false|false\u00bb custom_margin_tablet=\u00bb||80px|||\u00bb custom_margin_phone=\u00bb||40px||false|false\u00bb custom_margin_last_edited=\u00bboff|desktop\u00bb global_colors_info=\u00bb{}\u00bb]<\/p>\n<p>Nuestra pol\u00edtica de privacidad<\/p>\n<p>[\/et_pb_text][et_pb_text _builder_version=\u00bb4.27.4&#8243; _module_preset=\u00bbdefault\u00bb max_width_tablet=\u00bb100%\u00bb max_width_phone=\u00bb100%\u00bb max_width_last_edited=\u00bboff|desktop\u00bb module_alignment=\u00bbcenter\u00bb custom_margin=\u00bb||60px||false|false\u00bb custom_margin_tablet=\u00bb||80px|||\u00bb custom_margin_phone=\u00bb||40px||false|false\u00bb custom_margin_last_edited=\u00bboff|desktop\u00bb hover_enabled=\u00bb0&#8243; global_colors_info=\u00bb{}\u00bb sticky_enabled=\u00bb0&#8243;]<\/p>\n<p>\u00daltima actualizaci\u00f3n: 03-sep-2025<br \/>V\u00e1lida desde: 03-sep-2025<\/p>\n<p>Esta pol\u00edtica de privacidad describe las directrices de Knowyn AB, Viktoriav\u00e4gen 11, 434 93 Vallda, Suecia, correo electr\u00f3nico: <a href=\"mailto:info@knowyn.se\">info@knowyn.se<\/a>, tel\u00e9fono: <a href=\"tel:070-2324822\">070-2324822<\/a>, con respecto a la recopilaci\u00f3n, el uso y la divulgaci\u00f3n de informaci\u00f3n que recopilamos cuando utiliza nuestro sitio web (<a href=\"https:\/\/knowyn.se\/es\/\">https:\/\/knowyn.se\/<\/a>) (el \u00abServicio\u00bb). Al acceder o utilizar el Servicio, usted acepta la recopilaci\u00f3n, el uso y la divulgaci\u00f3n de su informaci\u00f3n de acuerdo con esta pol\u00edtica de privacidad. Si no est\u00e1 de acuerdo con esto, le rogamos que no acceda ni utilice el Servicio.  <\/p>\n<p>Podemos modificar esta pol\u00edtica de privacidad en cualquier momento sin previo aviso y publicaremos la pol\u00edtica revisada en el Servicio. La pol\u00edtica revisada entrar\u00e1 en vigor 180 d\u00edas despu\u00e9s de su publicaci\u00f3n en el Servicio y su acceso o uso continuado del Servicio despu\u00e9s de dicho momento constituir\u00e1 su aceptaci\u00f3n de la pol\u00edtica revisada. Por lo tanto, le recomendamos que revise esta p\u00e1gina con regularidad.  <\/p>\n<h3>Informaci\u00f3n que recopilamos<\/h3>\n<p>Podemos recopilar y tratar los siguientes datos personales sobre usted:<\/p>\n<ul>\n<li>Nombre<\/li>\n<li>Direcci\u00f3n de correo electr\u00f3nico<\/li>\n<li>N\u00famero de tel\u00e9fono m\u00f3vil<\/li>\n<li>Fecha de nacimiento<\/li>\n<li>Direcci\u00f3n<\/li>\n<li>Direcci\u00f3n del trabajo<\/li>\n<li>Informaci\u00f3n de pago<\/li>\n<\/ul>\n<h3>C\u00f3mo utilizamos su informaci\u00f3n<\/h3>\n<p>Utilizamos la informaci\u00f3n que recopilamos sobre usted para los siguientes fines:<\/p>\n<ul>\n<li>Marketing \/ Promoci\u00f3n<\/li>\n<li>Crear cuenta de usuario<\/li>\n<li>Referencias \/ Testimonios<\/li>\n<li>Recopilaci\u00f3n de comentarios de clientes<\/li>\n<li>Aplicaci\u00f3n de t\u00e9rminos y condiciones<\/li>\n<li>Gesti\u00f3n de pagos<\/li>\n<li>Soporte<\/li>\n<li>Informaci\u00f3n administrativa<\/li>\n<li>Publicidad dirigida<\/li>\n<li>Resoluci\u00f3n de conflictos<\/li>\n<\/ul>\n<p>Si queremos utilizar su informaci\u00f3n para cualquier otro prop\u00f3sito, le pediremos su consentimiento y solo utilizaremos su informaci\u00f3n despu\u00e9s de haber recibido su consentimiento y solo para el\/los prop\u00f3sitos para los que haya dado su consentimiento, a menos que estemos obligados a hacer otra cosa por ley.<\/p>\n<h3>C\u00f3mo compartimos su informaci\u00f3n<\/h3>\n<p>No transferiremos sus datos personales a terceros sin obtener su consentimiento, excepto en los casos limitados que se indican a continuaci\u00f3n:<\/p>\n<ul>\n<li>Redes publicitarias<\/li>\n<li>Agencias de marketing<\/li>\n<li>Entidades jur\u00eddicas<\/li>\n<li>Servicios de an\u00e1lisis<\/li>\n<li>Gesti\u00f3n de pagos \/ cobro<\/li>\n<li>Recopilaci\u00f3n y procesamiento de datos<\/li>\n<\/ul>\n<p>Exigimos que dichos terceros solo utilicen los datos personales que les transferimos para el prop\u00f3sito para el que fueron transferidos, y que no los conserven m\u00e1s tiempo del necesario para cumplir el prop\u00f3sito.<\/p>\n<p>Tambi\u00e9n podemos divulgar sus datos personales en las siguientes situaciones:<\/p>\n<ul>\n<li>Para cumplir con la ley, reglamento, orden judicial u otro proceso legal aplicable.<\/li>\n<li>Para aplicar nuestros acuerdos con usted, incluida esta pol\u00edtica de privacidad.<\/li>\n<li>Para responder a las reclamaciones de que su uso del Servicio infringe los derechos de terceros.<\/li>\n<\/ul>\n<p>Si el Servicio o nuestra empresa se fusionan con o son adquiridos por otra empresa, su informaci\u00f3n ser\u00e1 uno de los activos que se transfieran al nuevo propietario.<\/p>\n<h3>Almacenamiento de su informaci\u00f3n<\/h3>\n<p>Conservamos sus datos personales durante 90 d\u00edas a 2 a\u00f1os despu\u00e9s de que se cierre la cuenta de usuario, o durante el tiempo que necesitemos los datos para cumplir los fines establecidos en esta pol\u00edtica de privacidad. Es posible que necesitemos conservar cierta informaci\u00f3n durante m\u00e1s tiempo para, por ejemplo, la contabilidad, la presentaci\u00f3n de informes de acuerdo con la ley aplicable, o por otras razones leg\u00edtimas, como el mantenimiento de los derechos legales y la prevenci\u00f3n del fraude. La informaci\u00f3n anonimizada restante o la informaci\u00f3n agregada, que no le identifica (ni directa ni indirectamente), puede almacenarse indefinidamente.   <\/p>\n<h3>Sus derechos<\/h3>\n<p>Dependiendo de la ley aplicable, puede tener derecho a acceder, rectificar o eliminar sus datos personales, obtener una copia de sus datos personales, restringir u oponerse al tratamiento de sus datos, pedirnos que transfiramos (portemos) sus datos a otra parte, revocar el consentimiento que haya dado para el tratamiento, as\u00ed como el derecho a presentar una reclamaci\u00f3n ante una autoridad de control. Para ejercer estos derechos, puede ponerse en contacto con nosotros a trav\u00e9s de info@knowyn.se<br \/>. Responderemos a su solicitud de acuerdo con la ley aplicable.  <\/p>\n<p>Puede renunciar en cualquier momento a la mercadotecnia directa o a la creaci\u00f3n de perfiles que realicemos con fines de mercadotecnia escribi\u00e9ndonos a <a href=\"mailto:info@knowyn.se\">info@knowyn.se<\/a>.<\/p>\n<p>Tenga en cuenta que si no nos permite recopilar o tratar la informaci\u00f3n necesaria, o revoca el consentimiento para dicho tratamiento, no podr\u00e1 acceder ni utilizar los servicios para los que se necesitaba la informaci\u00f3n.<\/p>\n<h3>Cookies, etc.<\/h3>\n<p>Para obtener m\u00e1s informaci\u00f3n sobre c\u00f3mo utilizamos las cookies y sus opciones en relaci\u00f3n con estas tecnolog\u00edas, consulte nuestra pol\u00edtica de cookies.<\/p>\n<h3>Seguridad<\/h3>\n<p>La seguridad de su informaci\u00f3n es importante para nosotros y utilizamos medidas de seguridad razonables para protegerla contra la p\u00e9rdida, el uso indebido o el acceso no autorizado, la alteraci\u00f3n o la divulgaci\u00f3n de sus datos. Dadas las inherentes, no podemos garantizar la seguridad absoluta. Por lo tanto, no podemos asegurar ni garantizar la seguridad de la informaci\u00f3n que nos transmita, y usted lo hace por su cuenta y riesgo.  <\/p>\n<h3>Enlaces a terceros y uso de su informaci\u00f3n<\/h3>\n<p>El Servicio puede contener enlaces a otros sitios web que no son operados por nosotros. Esta pol\u00edtica de privacidad no cubre las pr\u00e1cticas de estos terceros. Le recomendamos encarecidamente que revise la pol\u00edtica de privacidad de cada sitio web que visite. No tenemos control ni asumimos ninguna responsabilidad por el contenido, las pol\u00edticas de privacidad o las pr\u00e1cticas de los sitios web o servicios de terceros.   <\/p>\n<h3>Responsable de la protecci\u00f3n de datos \/ Persona de contacto<\/h3>\n<p>Si tiene alguna pregunta o comentario sobre nuestro tratamiento de sus datos, puede ponerse en contacto con nuestro responsable de la protecci\u00f3n de datos en:<br \/>Knowyn AB, Viktoriav\u00e4gen 11, 434 93 Vallda, Suecia<br \/>Correo electr\u00f3nico: <a href=\"mailto:info@knowyn.se\">info@knowyn.se<\/a><\/p>\n<p>Trataremos sus comentarios de acuerdo con la ley aplicable.<\/p>\n<p>[\/et_pb_text][et_pb_button button_text=\u00bbA la p\u00e1gina de inicio\u00bb button_alignment=\u00bbleft\u00bb _builder_version=\u00bb4.27.4&#8243; _module_preset=\u00bbdefault\u00bb custom_margin=\u00bb|15px|||false|false\u00bb locked=\u00bboff\u00bb global_colors_info=\u00bb{}\u00bb][\/et_pb_button][\/et_pb_column][\/et_pb_row][\/et_pb_section][et_pb_section fb_built=\u00bb1&#8243; custom_padding_last_edited=\u00bbon|phone\u00bb _builder_version=\u00bb4.27.4&#8243; _module_preset=\u00bbdefault\u00bb custom_padding=\u00bb80px||0px||false|false\u00bb custom_padding_tablet=\u00bb80px||0px||false|false\u00bb custom_padding_phone=\u00bb40px||0px||false|false\u00bb global_colors_info=\u00bb{}\u00bb][et_pb_row _builder_version=\u00bb4.27.4&#8243; _module_preset=\u00bbdefault\u00bb z_index=\u00bb152&#8243; custom_margin=\u00bb||-120px||false|false\u00bb custom_margin_tablet=\u00bb||-80px||false|false\u00bb custom_margin_phone=\u00bb||-40px||false|false\u00bb custom_margin_last_edited=\u00bbon|tablet\u00bb custom_padding=\u00bb||0px||false|false\u00bb global_colors_info=\u00bb{}\u00bb][et_pb_column type=\u00bb4_4&#8243; _builder_version=\u00bb4.27.4&#8243; _module_preset=\u00bbdefault\u00bb global_colors_info=\u00bb{}\u00bb][et_pb_image src=\u00bbhttps:\/\/knowyndev.hemsida.eu\/wp-content\/uploads\/2025\/07\/Patienter-Knowyn.webp\u00bb title_text=\u00bbPacientes Knowyn\u00bb _builder_version=\u00bb4.27.4&#8243; _module_preset=\u00bbdefault\u00bb position_origin_a=\u00bbbottom_center\u00bb width=\u00bb100%\u00bb animation_style=\u00bbslide\u00bb animation_direction=\u00bbbottom\u00bb border_radii=\u00bbon|15px|15px|15px|15px\u00bb box_shadow_style=\u00bbpreset1&#8243; box_shadow_color=\u00bbrgba(0,0,0,0.2)\u00bb global_colors_info=\u00bb{}\u00bb][\/et_pb_image][\/et_pb_column][\/et_pb_row][\/et_pb_section][et_pb_section fb_built=\u00bb1&#8243; _builder_version=\u00bb4.27.4&#8243; _module_preset=\u00bbdefault\u00bb background_color=\u00bb#5D529F\u00bb z_index=\u00bb488&#8243; custom_margin=\u00bb||||false|false\u00bb global_colors_info=\u00bb{}\u00bb][et_pb_row _builder_version=\u00bb4.27.4&#8243; _module_preset=\u00bbdefault\u00bb background_enable_color=\u00bboff\u00bb custom_padding=\u00bb80px|5%|80px|5%|false|true\u00bb global_colors_info=\u00bb{}\u00bb][et_pb_column type=\u00bb4_4&#8243; _builder_version=\u00bb4.27.4&#8243; _module_preset=\u00bbdefault\u00bb global_colors_info=\u00bb{}\u00bb][et_pb_text _builder_version=\u00bb4.27.4&#8243; _module_preset=\u00bbdefault\u00bb header_5_font=\u00bb|700|||||||\u00bb header_5_text_align=\u00bbcenter\u00bb header_5_text_color=\u00bb#FFFFFF\u00bb header_5_font_size=\u00bb30px\u00bb max_width=\u00bb500px\u00bb module_alignment=\u00bbcenter\u00bb header_5_font_size_tablet=\u00bb30px\u00bb header_5_font_size_phone=\u00bb24px\u00bb header_5_font_size_last_edited=\u00bbon|phone\u00bb global_colors_info=\u00bb{}\u00bb]<\/p>\n<h5>Encuentre pacientes que est\u00e1n esperando a ser citados<\/h5>\n<p>[\/et_pb_text][et_pb_text _builder_version=\u00bb4.27.4&#8243; _module_preset=\u00bbdefault\u00bb text_text_color=\u00bb#FFFFFF\u00bb text_orientation=\u00bbcenter\u00bb max_width=\u00bb630px\u00bb module_alignment=\u00bbcenter\u00bb global_colors_info=\u00bb{}\u00bb]<\/p>\n<p>Los clientes experimentan un mejor control, m\u00e1s visitas reservadas, mayor facturaci\u00f3n y mejores resultados. <strong>Todo esto por solo 229 kr\/odont\u00f3logo al mes<\/strong><\/p>\n<p>[\/et_pb_text][et_pb_button button_text=\u00bbCONVI\u00c9RTETE EN CLIENTE HOY\u00bb button_alignment=\u00bbcenter\u00bb _builder_version=\u00bb4.27.4&#8243; _module_preset=\u00bbdefault\u00bb button_text_color=\u00bb#FFFFFF\u00bb button_border_color=\u00bb#FFFFFF\u00bb custom_margin=\u00bb40px||||false|false\u00bb hover_enabled=\u00bb0&#8243; global_colors_info=\u00bb{}\u00bb button_text_color__hover_enabled=\u00bbon|hover\u00bb button_border_color__hover_enabled=\u00bbon|hover\u00bb button_border_color__hover=\u00bb#FFFFFF\u00bb button_bg_color__hover_enabled=\u00bbon|desktop\u00bb button_bg_color__hover=\u00bb#FFFFFF\u00bb button_bg_enable_color__hover=\u00bbon\u00bb button_text_color__hover=\u00bb#5D529F\u00bb button_url=\u00bbhttps:\/\/knowyn.online\/checkout\/\u00bb sticky_enabled=\u00bb0&#8243;][\/et_pb_button][\/et_pb_column][\/et_pb_row][\/et_pb_section]<\/p>\n","protected":false},"excerpt":{"rendered":"<p>KNOWYNPol\u00edtica de privacidadNuestra pol\u00edtica de privacidad\u00daltima actualizaci\u00f3n: 03-sep-2025V\u00e1lida desde: 03-sep-2025 Esta pol\u00edtica de privacidad describe las directrices de Knowyn AB, Viktoriav\u00e4gen 11, 434 93 Vallda, Suecia, correo electr\u00f3nico: info@knowyn.se, tel\u00e9fono: 070-2324822, con respecto a la recopilaci\u00f3n, el uso y la divulgaci\u00f3n de informaci\u00f3n que recopilamos cuando utiliza nuestro sitio web (https:\/\/knowyn.se\/) (el \u00abServicio\u00bb). Al acceder [&hellip;]<\/p>\n","protected":false},"author":2,"featured_media":0,"parent":0,"menu_order":0,"comment_status":"closed","ping_status":"closed","template":"","meta":{"_et_pb_use_builder":"on","_et_pb_old_content":"","_et_gb_content_width":"","footnotes":""},"dipi_cpt_category":[],"class_list":["post-1227","page","type-page","status-publish","hentry"],"_links":{"self":[{"href":"https:\/\/knowyn.se\/es\/wp-json\/wp\/v2\/pages\/1227","targetHints":{"allow":["GET"]}}],"collection":[{"href":"https:\/\/knowyn.se\/es\/wp-json\/wp\/v2\/pages"}],"about":[{"href":"https:\/\/knowyn.se\/es\/wp-json\/wp\/v2\/types\/page"}],"author":[{"embeddable":true,"href":"https:\/\/knowyn.se\/es\/wp-json\/wp\/v2\/users\/2"}],"replies":[{"embeddable":true,"href":"https:\/\/knowyn.se\/es\/wp-json\/wp\/v2\/comments?post=1227"}],"version-history":[{"count":2,"href":"https:\/\/knowyn.se\/es\/wp-json\/wp\/v2\/pages\/1227\/revisions"}],"predecessor-version":[{"id":1229,"href":"https:\/\/knowyn.se\/es\/wp-json\/wp\/v2\/pages\/1227\/revisions\/1229"}],"wp:attachment":[{"href":"https:\/\/knowyn.se\/es\/wp-json\/wp\/v2\/media?parent=1227"}],"wp:term":[{"taxonomy":"dipi_cpt_category","embeddable":true,"href":"https:\/\/knowyn.se\/es\/wp-json\/wp\/v2\/dipi_cpt_category?post=1227"}],"curies":[{"name":"wp","href":"https:\/\/api.w.org\/{rel}","templated":true}]}}