{"id":1218,"date":"2025-09-03T17:44:37","date_gmt":"2025-09-03T15:44:37","guid":{"rendered":"https:\/\/knowyn.se\/politica-de-cookies\/"},"modified":"2025-10-29T17:00:32","modified_gmt":"2025-10-29T15:00:32","slug":"politica-de-cookies","status":"publish","type":"page","link":"https:\/\/knowyn.se\/es\/politica-de-cookies\/","title":{"rendered":"Pol\u00edtica de cookies"},"content":{"rendered":"<p>[et_pb_section fb_built=\u00bb1&#8243; custom_padding_last_edited=\u00bbon|phone\u00bb _builder_version=\u00bb4.27.4&#8243; _module_preset=\u00bbdefault\u00bb background_color=\u00bb#F4F1E1&#8243; background_enable_image=\u00bboff\u00bb background_size=\u00bbcustom\u00bb background_position=\u00bbbottom_right\u00bb background_horizontal_offset=\u00bb-170px\u00bb background_vertical_offset=\u00bb-420px\u00bb custom_padding=\u00bb120px||120px||false|false\u00bb custom_padding_tablet=\u00bb120px||120px||false|false\u00bb custom_padding_phone=\u00bb80px||80px||false|false\u00bb locked=\u00bboff\u00bb global_colors_info=\u00bb{}\u00bb][et_pb_row _builder_version=\u00bb4.27.4&#8243; _module_preset=\u00bbdefault\u00bb global_colors_info=\u00bb{}\u00bb][et_pb_column type=\u00bb4_4&#8243; _builder_version=\u00bb4.27.4&#8243; _module_preset=\u00bbdefault\u00bb global_colors_info=\u00bb{}\u00bb][et_pb_text _builder_version=\u00bb4.27.4&#8243; _module_preset=\u00bbdefault\u00bb text_font=\u00bb|300||on|||||\u00bb text_orientation=\u00bbcenter\u00bb custom_margin=\u00bb||||false|false\u00bb global_colors_info=\u00bb{}\u00bb]<\/p>\n<p>KNOWYN<\/p>\n<p>[\/et_pb_text][et_pb_text _builder_version=\u00bb4.27.4&#8243; _module_preset=\u00bbdefault\u00bb header_font=\u00bb|700|||||||\u00bb header_text_align=\u00bbcenter\u00bb header_text_color=\u00bb#5D529F\u00bb header_font_size=\u00bb40px\u00bb max_width=\u00bb550px\u00bb module_alignment=\u00bbcenter\u00bb custom_margin=\u00bb||40px||false|false\u00bb custom_padding=\u00bb||||false|false\u00bb header_font_size_tablet=\u00bb40px\u00bb header_font_size_phone=\u00bb32px\u00bb header_font_size_last_edited=\u00bbon|phone\u00bb global_colors_info=\u00bb{}\u00bb]<\/p>\n<h1>Pol\u00edtica de cookies<\/h1>\n<p>[\/et_pb_text][et_pb_icon font_icon=\u00bb&#xf564;||fa||900&#8243; icon_width_tablet=\u00bb70px\u00bb icon_width_phone=\u00bb70px\u00bb icon_width_last_edited=\u00bbon|phone\u00bb _builder_version=\u00bb4.27.4&#8243; _module_preset=\u00bbdefault\u00bb global_colors_info=\u00bb{}\u00bb][\/et_pb_icon][\/et_pb_column][\/et_pb_row][\/et_pb_section][et_pb_section fb_built=\u00bb1&#8243; custom_padding_last_edited=\u00bbon|phone\u00bb module_class=\u00bbpa-custom-background-mask-4&#8243; _builder_version=\u00bb4.27.4&#8243; _module_preset=\u00bbdefault\u00bb background_color=\u00bb#FFFFFF\u00bb custom_padding=\u00bb80px||80px||false|false\u00bb custom_padding_tablet=\u00bb||||false|false\u00bb custom_padding_phone=\u00bb||||false|false\u00bb global_colors_info=\u00bb{}\u00bb][et_pb_row make_equal=\u00bbon\u00bb _builder_version=\u00bb4.27.4&#8243; _module_preset=\u00bbdefault\u00bb z_index=\u00bb170&#8243; min_height_tablet=\u00bb420px\u00bb min_height_phone=\u00bb420px\u00bb min_height_last_edited=\u00bboff|desktop\u00bb custom_padding=\u00bb0px||0px||false|false\u00bb global_colors_info=\u00bb{}\u00bb][et_pb_column type=\u00bb4_4&#8243; _builder_version=\u00bb4.27.4&#8243; _module_preset=\u00bbdefault\u00bb global_colors_info=\u00bb{}\u00bb][et_pb_text _builder_version=\u00bb4.27.4&#8243; _module_preset=\u00bbdefault\u00bb text_font=\u00bb|700|||||||\u00bb text_font_size=\u00bb28px\u00bb max_width_tablet=\u00bb100%\u00bb max_width_phone=\u00bb100%\u00bb max_width_last_edited=\u00bbon|tablet\u00bb module_alignment=\u00bbcenter\u00bb custom_margin=\u00bb||60px||false|false\u00bb custom_margin_tablet=\u00bb||80px|||\u00bb custom_margin_phone=\u00bb||40px||false|false\u00bb custom_margin_last_edited=\u00bboff|desktop\u00bb global_colors_info=\u00bb{}\u00bb]<\/p>\n<p>Nuestra pol\u00edtica de cookies<\/p>\n<p>[\/et_pb_text][et_pb_text _builder_version=\u00bb4.27.4&#8243; _module_preset=\u00bbdefault\u00bb max_width_tablet=\u00bb100%\u00bb max_width_phone=\u00bb100%\u00bb max_width_last_edited=\u00bboff|desktop\u00bb module_alignment=\u00bbcenter\u00bb custom_margin=\u00bb||40px||false|false\u00bb custom_margin_tablet=\u00bb||80px|||\u00bb custom_margin_phone=\u00bb||40px||false|false\u00bb custom_margin_last_edited=\u00bboff|desktop\u00bb global_colors_info=\u00bb{}\u00bb]<\/p>\n<h3>\u00bfQu\u00e9 son las cookies?<\/h3>\n<p>Esta pol\u00edtica de cookies explica qu\u00e9 son las cookies y c\u00f3mo las utilizamos, qu\u00e9 tipos de cookies utilizamos, es decir, la informaci\u00f3n que recopilamos mediante cookies y c\u00f3mo se utiliza esa informaci\u00f3n, y c\u00f3mo gestionar la configuraci\u00f3n de las cookies. Las cookies son peque\u00f1os archivos de texto que se utilizan para almacenar peque\u00f1as cantidades de informaci\u00f3n. Se almacenan en su dispositivo cuando el sitio web se carga en su navegador. Estas cookies nos ayudan a que el sitio web funcione correctamente, a que sea m\u00e1s seguro, a ofrecer una mejor experiencia de usuario y a comprender c\u00f3mo funciona el sitio web y a analizar qu\u00e9 funciona y d\u00f3nde es necesario mejorar.    <\/p>\n<p>&nbsp;<\/p>\n<h3>\u00bfC\u00f3mo utilizamos las cookies?<\/h3>\n<p>Al igual que la mayor\u00eda de los servicios en l\u00ednea, nuestro sitio web utiliza cookies de origen y de terceros para varios fines. Las cookies de origen son principalmente necesarias para que el sitio web funcione correctamente y no recopilan ninguno de sus datos de identificaci\u00f3n personal. Las cookies de terceros que se utilizan en nuestro sitio web sirven principalmente para comprender c\u00f3mo funciona el sitio web, c\u00f3mo interact\u00faa usted con nuestro sitio web, mantener nuestros servicios seguros, ofrecer anuncios que sean relevantes para usted y, en general, proporcionarle una experiencia de usuario mejorada y ayudar a acelerar sus futuras interacciones con nuestro sitio web.  <\/p>\n<p>[\/et_pb_text][et_pb_code _builder_version=\u00bb4.27.4&#8243; _module_preset=\u00bbdefault\u00bb custom_margin=\u00bb||45px||false|false\u00bb global_colors_info=\u00bb{}\u00bb]<\/p>\n<style><!-- [et_pb_line_break_holder] -->  a.cky-banner-element {<!-- [et_pb_line_break_holder] -->    padding: 8px 20px;<!-- [et_pb_line_break_holder] -->    background: #5d529f;<!-- [et_pb_line_break_holder] -->    color: #fff;<!-- [et_pb_line_break_holder] -->    border: 1px solid #5d529f;<!-- [et_pb_line_break_holder] -->    box-sizing: border-box;<!-- [et_pb_line_break_holder] -->    border-radius: 50px;<!-- [et_pb_line_break_holder] -->    cursor: pointer;<!-- [et_pb_line_break_holder] -->    text-transform: uppercase;<!-- [et_pb_line_break_holder] -->    font-size: 15px;<!-- [et_pb_line_break_holder] -->      font-weight: 700;<!-- [et_pb_line_break_holder] -->  }<!-- [et_pb_line_break_holder] --><\/style>\n<p><!-- [et_pb_line_break_holder] --><!-- [et_pb_line_break_holder] --><\/p>\n<h3>Cookies que utilizamos<\/h3>\n<p><!-- [et_pb_line_break_holder] --><\/p>\n<div class=\"cky-audit-table-element\"><\/div>\n<h3 style=\"margin-bottom: 30px\">Gestionar las preferencias de cookies<\/h3>\n<p><a class=\"cky-banner-element\">Configuraci\u00f3n de cookies<\/a>[\/et_pb_code][et_pb_text _builder_version=\u00bb4.27.4&#8243; _module_preset=\u00bbdefault\u00bb max_width_tablet=\u00bb100%\u00bb max_width_phone=\u00bb100%\u00bb max_width_last_edited=\u00bboff|desktop\u00bb module_alignment=\u00bbcenter\u00bb custom_margin=\u00bb||60px||false|false\u00bb custom_margin_tablet=\u00bb||80px|||\u00bb custom_margin_phone=\u00bb||40px||false|false\u00bb custom_margin_last_edited=\u00bboff|desktop\u00bb global_colors_info=\u00bb{}\u00bb]<\/p>\n<div>\n<p>Puede cambiar su configuraci\u00f3n de cookies en cualquier momento haciendo clic en el bot\u00f3n de arriba. Esto le permitir\u00e1 volver a visitar el banner de consentimiento de cookies y cambiar su configuraci\u00f3n o retirar su consentimiento inmediatamente. <\/p>\n<p>Adem\u00e1s de esto, varios navegadores proporcionan diferentes m\u00e9todos para bloquear y eliminar las cookies utilizadas por los sitios web. Puede cambiar la configuraci\u00f3n de su navegador para bloquear\/eliminar las cookies. Aqu\u00ed tiene enlaces a documentos de soporte sobre c\u00f3mo gestionar y eliminar cookies de los principales navegadores.<br \/>Chrome:  <span> <\/span><a target=\"_blank\" rel=\"noopener noreferrer\" href=\"https:\/\/support.google.com\/accounts\/answer\/32050\">https:\/\/support.google.com\/accounts\/answer\/32050<\/a><br \/>Safari:<span> <\/span><a target=\"_blank\" rel=\"noopener noreferrer\" href=\"https:\/\/support.apple.com\/en-in\/guide\/safari\/sfri11471\/mac\">https:\/\/support.apple.com\/en-in\/guide\/safari\/sfri11471\/mac<\/a><br \/>Firefox:<span> <\/span><a target=\"_blank\" rel=\"noopener noreferrer\" href=\"https:\/\/support.mozilla.org\/en-US\/kb\/clear-cookies-and-site-data-firefox?redirectslug=delete-cookies-remove-info-websites-stored&amp;redirectlocale=en-US\">https:\/\/support.mozilla.org\/en-US\/kb\/clear-cookies-and-site-data-firefox?redirectslug=delete-cookies-remove-info-websites-stored&amp;redirectlocale=en-US<\/a><br \/>Internet Explorer:<span> <\/span><a target=\"_blank\" rel=\"noopener noreferrer\" href=\"https:\/\/support.microsoft.com\/en-us\/topic\/how-to-delete-cookie-files-in-internet-explorer-bca9446f-d873-78de-77ba-d42645fa52fc\">https:\/\/support.microsoft.com\/en-us\/topic\/how-to-delete-cookie-files-in-internet-explorer-bca9446f-d873-78de-77ba-d42645fa52fc<\/a><br \/>Si utiliza otro navegador, visite los documentos de soporte oficiales del navegador.<\/p>\n<\/div>\n<h3><span> <\/span><\/h3>\n<p class=\"cookie-policy-p\">Pol\u00edtica de cookies generada por<span> <\/span><a target=\"_blank\" href=\"https:\/\/www.cookieyes.com\/?utm_source=CP&amp;utm_medium=footer&amp;utm_campaign=UW\" rel=\"noopener\">CookieYes &#8211; Cookie Policy Generator<\/a>.<\/p>\n<p>[\/et_pb_text][et_pb_button button_url=\u00bbhttps:\/\/knowyn.se\/es\/\u00bb button_text=\u00bbA la p\u00e1gina de inicio\u00bb button_alignment=\u00bbleft\u00bb _builder_version=\u00bb4.27.4&#8243; _module_preset=\u00bbdefault\u00bb custom_margin=\u00bb|15px|||false|false\u00bb hover_enabled=\u00bb0&#8243; locked=\u00bboff\u00bb global_colors_info=\u00bb{}\u00bb sticky_enabled=\u00bb0&#8243;][\/et_pb_button][\/et_pb_column][\/et_pb_row][\/et_pb_section][et_pb_section fb_built=\u00bb1&#8243; custom_padding_last_edited=\u00bbon|phone\u00bb _builder_version=\u00bb4.27.4&#8243; _module_preset=\u00bbdefault\u00bb custom_padding=\u00bb80px||0px||false|false\u00bb custom_padding_tablet=\u00bb80px||0px||false|false\u00bb custom_padding_phone=\u00bb40px||0px||false|false\u00bb global_colors_info=\u00bb{}\u00bb][et_pb_row _builder_version=\u00bb4.27.4&#8243; _module_preset=\u00bbdefault\u00bb z_index=\u00bb152&#8243; custom_margin=\u00bb||-120px||false|false\u00bb custom_margin_tablet=\u00bb||-80px||false|false\u00bb custom_margin_phone=\u00bb||-40px||false|false\u00bb custom_margin_last_edited=\u00bbon|tablet\u00bb custom_padding=\u00bb||0px||false|false\u00bb global_colors_info=\u00bb{}\u00bb][et_pb_column type=\u00bb4_4&#8243; _builder_version=\u00bb4.27.4&#8243; _module_preset=\u00bbdefault\u00bb global_colors_info=\u00bb{}\u00bb][et_pb_image src=\u00bbhttps:\/\/knowyndev.hemsida.eu\/wp-content\/uploads\/2025\/07\/Patienter-Knowyn.webp\u00bb title_text=\u00bbPacientes Knowyn\u00bb _builder_version=\u00bb4.27.4&#8243; _module_preset=\u00bbdefault\u00bb position_origin_a=\u00bbbottom_center\u00bb width=\u00bb100%\u00bb animation_style=\u00bbslide\u00bb animation_direction=\u00bbbottom\u00bb border_radii=\u00bbon|15px|15px|15px|15px\u00bb box_shadow_style=\u00bbpreset1&#8243; box_shadow_color=\u00bbrgba(0,0,0,0.2)\u00bb global_colors_info=\u00bb{}\u00bb][\/et_pb_image][\/et_pb_column][\/et_pb_row][\/et_pb_section][et_pb_section fb_built=\u00bb1&#8243; _builder_version=\u00bb4.27.4&#8243; _module_preset=\u00bbdefault\u00bb background_color=\u00bb#5D529F\u00bb z_index=\u00bb488&#8243; custom_margin=\u00bb||||false|false\u00bb global_colors_info=\u00bb{}\u00bb][et_pb_row _builder_version=\u00bb4.27.4&#8243; _module_preset=\u00bbdefault\u00bb background_enable_color=\u00bboff\u00bb custom_padding=\u00bb80px|5%|80px|5%|false|true\u00bb global_colors_info=\u00bb{}\u00bb][et_pb_column type=\u00bb4_4&#8243; _builder_version=\u00bb4.27.4&#8243; _module_preset=\u00bbdefault\u00bb global_colors_info=\u00bb{}\u00bb][et_pb_text _builder_version=\u00bb4.27.4&#8243; _module_preset=\u00bbdefault\u00bb header_5_font=\u00bb|700|||||||\u00bb header_5_text_align=\u00bbcenter\u00bb header_5_text_color=\u00bb#FFFFFF\u00bb header_5_font_size=\u00bb30px\u00bb max_width=\u00bb500px\u00bb module_alignment=\u00bbcenter\u00bb header_5_font_size_tablet=\u00bb30px\u00bb header_5_font_size_phone=\u00bb24px\u00bb header_5_font_size_last_edited=\u00bbon|phone\u00bb global_colors_info=\u00bb{}\u00bb]<\/p>\n<h5>Encuentre pacientes que est\u00e1n esperando a ser citados<\/h5>\n<p>[\/et_pb_text][et_pb_text _builder_version=\u00bb4.27.4&#8243; _module_preset=\u00bbdefault\u00bb text_text_color=\u00bb#FFFFFF\u00bb text_orientation=\u00bbcenter\u00bb max_width=\u00bb630px\u00bb module_alignment=\u00bbcenter\u00bb global_colors_info=\u00bb{}\u00bb]<\/p>\n<p>Los clientes experimentan un mejor control, m\u00e1s visitas reservadas, mayor facturaci\u00f3n y mejores resultados. <strong>Todo esto por solo 229 kr\/odont\u00f3logo al mes<\/strong><\/p>\n<p>[\/et_pb_text][et_pb_button button_text=\u00bbCONVI\u00c9RTETE EN CLIENTE HOY\u00bb button_alignment=\u00bbcenter\u00bb _builder_version=\u00bb4.27.4&#8243; _module_preset=\u00bbdefault\u00bb button_text_color=\u00bb#FFFFFF\u00bb button_border_color=\u00bb#FFFFFF\u00bb custom_margin=\u00bb40px||||false|false\u00bb hover_enabled=\u00bb0&#8243; global_colors_info=\u00bb{}\u00bb button_text_color__hover_enabled=\u00bbon|hover\u00bb button_border_color__hover_enabled=\u00bbon|hover\u00bb button_border_color__hover=\u00bb#FFFFFF\u00bb button_bg_color__hover_enabled=\u00bbon|desktop\u00bb button_bg_color__hover=\u00bb#FFFFFF\u00bb button_bg_enable_color__hover=\u00bbon\u00bb button_text_color__hover=\u00bb#5D529F\u00bb button_url=\u00bbhttps:\/\/knowyn.online\/checkout\/\u00bb sticky_enabled=\u00bb0&#8243;][\/et_pb_button][\/et_pb_column][\/et_pb_row][\/et_pb_section]<\/p>\n","protected":false},"excerpt":{"rendered":"<p>KNOWYNPol\u00edtica de cookiesNuestra pol\u00edtica de cookies\u00bfQu\u00e9 son las cookies? Esta pol\u00edtica de cookies explica qu\u00e9 son las cookies y c\u00f3mo las utilizamos, qu\u00e9 tipos de cookies utilizamos, es decir, la informaci\u00f3n que recopilamos mediante cookies y c\u00f3mo se utiliza esa informaci\u00f3n, y c\u00f3mo gestionar la configuraci\u00f3n de las cookies. Las cookies son peque\u00f1os archivos de [&hellip;]<\/p>\n","protected":false},"author":2,"featured_media":0,"parent":0,"menu_order":0,"comment_status":"closed","ping_status":"closed","template":"","meta":{"_et_pb_use_builder":"on","_et_pb_old_content":"","_et_gb_content_width":"","footnotes":""},"dipi_cpt_category":[],"class_list":["post-1218","page","type-page","status-publish","hentry"],"_links":{"self":[{"href":"https:\/\/knowyn.se\/es\/wp-json\/wp\/v2\/pages\/1218","targetHints":{"allow":["GET"]}}],"collection":[{"href":"https:\/\/knowyn.se\/es\/wp-json\/wp\/v2\/pages"}],"about":[{"href":"https:\/\/knowyn.se\/es\/wp-json\/wp\/v2\/types\/page"}],"author":[{"embeddable":true,"href":"https:\/\/knowyn.se\/es\/wp-json\/wp\/v2\/users\/2"}],"replies":[{"embeddable":true,"href":"https:\/\/knowyn.se\/es\/wp-json\/wp\/v2\/comments?post=1218"}],"version-history":[{"count":2,"href":"https:\/\/knowyn.se\/es\/wp-json\/wp\/v2\/pages\/1218\/revisions"}],"predecessor-version":[{"id":1220,"href":"https:\/\/knowyn.se\/es\/wp-json\/wp\/v2\/pages\/1218\/revisions\/1220"}],"wp:attachment":[{"href":"https:\/\/knowyn.se\/es\/wp-json\/wp\/v2\/media?parent=1218"}],"wp:term":[{"taxonomy":"dipi_cpt_category","embeddable":true,"href":"https:\/\/knowyn.se\/es\/wp-json\/wp\/v2\/dipi_cpt_category?post=1218"}],"curies":[{"name":"wp","href":"https:\/\/api.w.org\/{rel}","templated":true}]}}