{"id":948,"date":"2025-07-17T22:33:47","date_gmt":"2025-07-17T20:33:47","guid":{"rendered":"https:\/\/knowyn.se\/artikler\/"},"modified":"2026-02-12T14:57:10","modified_gmt":"2026-02-12T12:57:10","slug":"artikler","status":"publish","type":"page","link":"https:\/\/knowyn.se\/da\/artikler\/","title":{"rendered":"Artikler"},"content":{"rendered":"<p>[et_pb_section fb_built=&#8221;1&#8243; custom_padding_last_edited=&#8221;on|phone&#8221; _builder_version=&#8221;4.27.4&#8243; _module_preset=&#8221;default&#8221; background_color=&#8221;#F4F1E1&#8243; background_image=&#8221;https:\/\/knowyn.se\/wp-content\/uploads\/2025\/07\/knowyn-landning-art-img.webp&#8221; custom_padding=&#8221;120px||120px||false|false&#8221; custom_padding_tablet=&#8221;120px||120px||false|false&#8221; custom_padding_phone=&#8221;80px||80px||false|false&#8221; locked=&#8221;off&#8221; global_colors_info=&#8221;{}&#8221;][et_pb_row _builder_version=&#8221;4.27.4&#8243; _module_preset=&#8221;default&#8221; global_colors_info=&#8221;{}&#8221;][et_pb_column type=&#8221;4_4&#8243; _builder_version=&#8221;4.27.4&#8243; _module_preset=&#8221;default&#8221; global_colors_info=&#8221;{}&#8221;][et_pb_text _builder_version=&#8221;4.27.4&#8243; _module_preset=&#8221;default&#8221; text_font=&#8221;|300||on|||||&#8221; text_text_color=&#8221;#FFFFFF&#8221; text_orientation=&#8221;center&#8221; custom_margin=&#8221;||||false|false&#8221; global_colors_info=&#8221;{}&#8221;]<\/p>\n<p>Historien bag Knowyn<\/p>\n<p>[\/et_pb_text][et_pb_text _builder_version=&#8221;4.27.4&#8243; _module_preset=&#8221;default&#8221; header_font=&#8221;|700|||||||&#8221; header_text_align=&#8221;center&#8221; header_text_color=&#8221;#FFFFFF&#8221; header_font_size=&#8221;40px&#8221; max_width=&#8221;550px&#8221; module_alignment=&#8221;center&#8221; custom_margin=&#8221;||0px||false|false&#8221; custom_padding=&#8221;||||false|false&#8221; header_font_size_tablet=&#8221;40px&#8221; header_font_size_phone=&#8221;32px&#8221; header_font_size_last_edited=&#8221;on|phone&#8221; global_colors_info=&#8221;{}&#8221;]<\/p>\n<h1>Her kan du l\u00e6se mere om vores seneste nyheder, webinarer og brancheopdateringer<\/h1>\n<p>[\/et_pb_text][\/et_pb_column][\/et_pb_row][\/et_pb_section][et_pb_section fb_built=&#8221;1&#8243; custom_padding_last_edited=&#8221;on|phone&#8221; admin_label=&#8221;About&#8221; _builder_version=&#8221;4.27.4&#8243; _module_preset=&#8221;default&#8221; custom_padding=&#8221;40px||120px||false|false&#8221; custom_padding_tablet=&#8221;40px||120px||false|false&#8221; custom_padding_phone=&#8221;40px||80px||false|false&#8221; locked=&#8221;off&#8221; collapsed=&#8221;off&#8221; global_colors_info=&#8221;{}&#8221;][et_pb_row _builder_version=&#8221;4.27.4&#8243; _module_preset=&#8221;_initial&#8221; width=&#8221;100%&#8221; max_width=&#8221;2580px&#8221; custom_padding=&#8221;0px||||false|false&#8221; global_colors_info=&#8221;{}&#8221;][et_pb_column type=&#8221;4_4&#8243; _builder_version=&#8221;4.27.3&#8243; _module_preset=&#8221;default&#8221; global_colors_info=&#8221;{}&#8221;][dipi_blog_slider posts_number=&#8221;3&#8243; use_thumbnail_height=&#8221;on&#8221; thumbnail_height=&#8221;350px&#8221; show_more=&#8221;on&#8221; show_more_text=&#8221;L\u00e6s mere&#8221; show_author=&#8221;off&#8221; show_date=&#8221;off&#8221; columns=&#8221;3&#8243; space_between=&#8221;31&#8243; speed=&#8221;901&#8243; loop=&#8221;on&#8221; autoplay=&#8221;on&#8221; autoplay_speed=&#8221;7001&#8243; pagination=&#8221;on&#8221; centered=&#8221;on&#8221; navigation_color=&#8221;#5D529F&#8221; pagination_color=&#8221;#5D529F&#8221; pagination_active_color=&#8221;#5D529F&#8221; image_animation=&#8221;zoomin&#8221; item_bg_color=&#8221;#F4F1E1&#8243; thumbnail_height_tablet=&#8221;350px&#8221; thumbnail_height_phone=&#8221;200px&#8221; thumbnail_height_last_edited=&#8221;on|tablet&#8221; columns_tablet=&#8221;1&#8243; columns_phone=&#8221;1&#8243; columns_last_edited=&#8221;on|phone&#8221; space_between_tablet=&#8221;5&#8243; space_between_phone=&#8221;5&#8243; space_between_last_edited=&#8221;on|tablet&#8221; module_class=&#8221;blogslidersettings&#8221; _builder_version=&#8221;4.27.4&#8243; _module_preset=&#8221;_initial&#8221; header_font=&#8221;|700|||||||&#8221; header_text_color=&#8221;#000000&#8243; body_font=&#8221;|300|||||||&#8221; body_text_color=&#8221;#000000&#8243; body_font_size=&#8221;16px&#8221; cat_font=&#8221;|700||on|||||&#8221; cat_font_size=&#8221;12px&#8221; background_enable_color=&#8221;off&#8221; custom_button=&#8221;on&#8221; button_text_color=&#8221;#F4F1E1&#8243; button_bg_color=&#8221;#5D529F&#8221; button_font=&#8221;|700||on|||||&#8221; button_use_icon=&#8221;off&#8221; button_alignment=&#8221;left&#8221; button_custom_padding=&#8221;5px|20px|5px|20px|true|true&#8221; header_font_size_tablet=&#8221;&#8221; header_font_size_phone=&#8221;26px&#8221; header_font_size_last_edited=&#8221;on|phone&#8221; button_border_color_last_edited=&#8221;off|desktop&#8221; custom_css_post_read_mopre=&#8221;margin-top: 20px;&#8221; custom_css_not_active_slides=&#8221;opacity: 0.2!important;&#8221; border_width_all_item=&#8221;25px&#8221; border_color_all_item=&#8221;#F4F1E1&#8243; border_width_all_item_tablet=&#8221;30px&#8221; border_width_all_item_phone=&#8221;20px&#8221; border_width_all_item_last_edited=&#8221;on|desktop&#8221; global_colors_info=&#8221;{}&#8221; button_text_color__hover=&#8221;#5D529F&#8221; button_text_color__hover_enabled=&#8221;on|hover&#8221; button_bg_color__hover=&#8221;#F4F1E1&#8243; button_bg_color__hover_enabled=&#8221;on|hover&#8221; button_bg_enable_color__hover=&#8221;on&#8221; button_border_color__hover_enabled=&#8221;off|desktop&#8221; custom_css_post_read_mopre_last_edited=&#8221;off|phone&#8221;][\/dipi_blog_slider][\/et_pb_column][\/et_pb_row][\/et_pb_section][et_pb_section fb_built=&#8221;1&#8243; custom_padding_last_edited=&#8221;on|phone&#8221; admin_label=&#8221;Gallery&#8221; _builder_version=&#8221;4.27.4&#8243; _module_preset=&#8221;default&#8221; background_color=&#8221;#E9E9F0&#8243; custom_margin=&#8221;||||false|false&#8221; custom_padding=&#8221;200px|||||&#8221; custom_padding_tablet=&#8221;150px||||false|false&#8221; custom_padding_phone=&#8221;100px||||false|false&#8221; top_divider_style=&#8221;curve&#8221; top_divider_color=&#8221;#ffffff&#8221; top_divider_flip=&#8221;vertical&#8221; top_divider_height_tablet=&#8221;&#8221; top_divider_height_phone=&#8221;50px&#8221; top_divider_height_last_edited=&#8221;on|tablet&#8221; saved_tabs=&#8221;all&#8221; locked=&#8221;off&#8221; collapsed=&#8221;off&#8221; global_colors_info=&#8221;{}&#8221;][et_pb_row _builder_version=&#8221;4.27.3&#8243; _module_preset=&#8221;_initial&#8221; width=&#8221;90%&#8221; global_colors_info=&#8221;{}&#8221;][et_pb_column type=&#8221;4_4&#8243; _builder_version=&#8221;4.27.3&#8243; _module_preset=&#8221;default&#8221; global_colors_info=&#8221;{}&#8221;][et_pb_text _builder_version=&#8221;4.27.4&#8243; _module_preset=&#8221;_initial&#8221; text_line_height=&#8221;1.4em&#8221; header_2_font_size=&#8221;3vw&#8221; header_3_font=&#8221;|700|||||||&#8221; header_3_text_align=&#8221;center&#8221; header_3_text_color=&#8221;#000000&#8243; header_3_font_size=&#8221;34px&#8221; max_width=&#8221;800px&#8221; module_alignment=&#8221;center&#8221; header_3_font_size_tablet=&#8221;32px&#8221; header_3_font_size_phone=&#8221;26px&#8221; header_3_font_size_last_edited=&#8221;on|phone&#8221; global_colors_info=&#8221;{}&#8221;]<\/p>\n<h3>Flere artikler<\/h3>\n<p>[\/et_pb_text][et_pb_text _builder_version=&#8221;4.27.4&#8243; _module_preset=&#8221;_initial&#8221; text_orientation=&#8221;center&#8221; max_width=&#8221;800px&#8221; module_alignment=&#8221;center&#8221; global_colors_info=&#8221;{}&#8221;]<\/p>\n<p>Her samler vi alle nyheder om vores arbejde hos Knowyn. L\u00e6s mere om samarbejder med vores kunder, webinarer, kongresser og kurser. Vi br\u00e6nder for at \u00e6ndre tandl\u00e6gebranchen ved at skabe en l\u00f8sning, der reducerer stress i hverdagen, letter administrationen og samtidig fylder stolene.  <\/p>\n<p>[\/et_pb_text][\/et_pb_column][\/et_pb_row][et_pb_row make_equal=&#8221;on&#8221; _builder_version=&#8221;4.27.3&#8243; _module_preset=&#8221;_initial&#8221; width=&#8221;90%&#8221; global_colors_info=&#8221;{}&#8221;][et_pb_column type=&#8221;4_4&#8243; _builder_version=&#8221;4.27.3&#8243; _module_preset=&#8221;default&#8221; global_colors_info=&#8221;{}&#8221;][et_pb_blog posts_number=&#8221;6&#8243; meta_date=&#8221;m\/j Y&#8221; excerpt_length=&#8221;265&#8243; show_more=&#8221;on&#8221; show_author=&#8221;off&#8221; module_class=&#8221;dipi-styled-blog&#8221; _builder_version=&#8221;4.27.4&#8243; _module_preset=&#8221;default&#8221; header_font=&#8221;&#8211;et_global_heading_font|700|||||||&#8221; header_text_color=&#8221;#000000&#8243; header_font_size=&#8221;22px&#8221; body_font=&#8221;|300|||||||&#8221; body_text_color=&#8221;#000000&#8243; meta_font=&#8221;|||on|||||&#8221; meta_text_color=&#8221;#5D529F&#8221; meta_font_size=&#8221;12px&#8221; read_more_font=&#8221;|||on|||||&#8221; read_more_text_color=&#8221;#FFFFFF&#8221; pagination_font_size=&#8221;14px&#8221; background_enable_color=&#8221;off&#8221; custom_css_title=&#8221;margin-bottom: 15px;&#8221; border_width_all=&#8221;0px&#8221; global_colors_info=&#8221;{}&#8221;][\/et_pb_blog][\/et_pb_column][\/et_pb_row][\/et_pb_section]<\/p>\n","protected":false},"excerpt":{"rendered":"<p>Historien bag KnowynHer kan du l\u00e6se mere om vores seneste nyheder, webinarer og brancheopdateringer<div class=\"et_pb_module dipi_blog_slider dipi_blog_slider_0 &#8221;blogslidersettings&#8221;\">\n\t\t\t\t\n\t\t\t\t\n\t\t\t\t\n\t\t\t\t\n\t\t\t\t\n\t\t\t\t\n\t\t\t\t<div class=\"et_pb_module_inner\">\n\t\t\t\t\t\n\t\t    <div class=\"dipi-blog-slider-main preloading\" \n\t\t    data-columnsphone=\"&#8221;1&#8243;\"\n\t\t    data-columnstablet=\"&#8221;1&#8243;\"\n\t\t    data-columnsdesktop=\"&#8221;3&#8243;\"\n\t\t    data-spacebetween=\"&#8221;31&#8243;\"\n\t\t    data-loop=\"&#8221;on&#8221;\"\n\t\t    data-speed=\"&#8221;901&#8243;\"\n\t\t    data-navigation=\"off\"\n\t\t    data-pagination=\"&#8221;on&#8221;\"\n\t\t    data-autoplay=\"&#8221;on&#8221;\"\n\t\t    data-autoplayspeed=\"&#8221;7001&#8243;\"\n\t\t    data-pauseonhover=\"on\"\n\t\t    data-effect=\"slide\"\n\t\t    data-rotate=\"50\"\n\t\t    data-dynamicbullets=\"on\"\n\t\t    data-ordernumber=\"0\"\n\t\t    data-centered=\"&#8221;on&#8221;\"\n\t\t    data-spacebetween_tablet=\"&#8221;5&#8243;\"\n\t\t    data-spacebetween_phone=\"&#8221;5&#8243;\"\n\t\t    data-shadow=\"true\">\n\t\t        <div class=\"swiper-container\">\n\t\t            <div class=\"dipi-blog-slider-wrapper\">\n\t\t                <div class=\"dipi-blog-post clearfix category-uncategorized-da\">\n<div class=\"dipi-entry-featured-image-url dipi-&#8221;zoomin&#8221;\">\n\n\t\t<a    \n        class=\"dipi-blog-post-overlay-link\"\n        href=\"https:\/\/knowyn.se\/da\/nordic-dental-summit-2025\/\"\n        target=\"\"\n        aria-label=\"Nordic Dental Summit 2025!\"\n    ><\/a>\n\t\n    <div class=\"dipi-blog-post-overlay\">\n            <\/div>\n\n    <img\n                decoding=\"async\"\n                loading=\"lazy\"\n                class=\"wp-post-image\"\n                src=\"https:\/\/knowyn.se\/wp-content\/uploads\/2025\/10\/Nordic-Dental-QR.png\"\n                alt=\"\"\n                srcset=\"https:\/\/knowyn.se\/wp-content\/uploads\/2025\/10\/Nordic-Dental-QR.png 768w, https:\/\/knowyn.se\/wp-content\/uploads\/2025\/10\/Nordic-Dental-QR.png 980w, https:\/\/knowyn.se\/wp-content\/uploads\/2025\/10\/Nordic-Dental-QR.png 1024w\"\n                sizes=\"(max-width: 768px) 768px, (max-width: 980px) 980px, 1024px\"\n            \/>\n            \n<\/div><div class=\"dipi-post-content\">\n    <div class=\"dipi-categories\">\n        <a href=\"https:\/\/knowyn.se\/da\/category\/uncategorized-da\/\" rel=\"tag\">Uncategorized @da<\/a>    <\/div>\n    <h2 class=\"dipi-entry-title\">\n        <a href=\"https:\/\/knowyn.se\/da\/nordic-dental-summit-2025\/\" \n        target=\"\"\n        aria-label=\"Nordic Dental Summit 2025!\"\n    >\n            Nordic Dental Summit 2025!        <\/a>\n    <\/h2>    <div class=\"dipi-post-text\">\nVil du have chancen for at vinde en plads til \u00e5rets begivenhed inden for tandpleje? I l\u00f8bet af to dage, 28-29\/11, starter en helt ny platform for uddannelse inden for...<\/div>\n    <\/div><!-- dipi-post-content --><\/div><!-- dipi-blog-post -->\n\n\t\t            <\/div>\n\t\t        <\/div>\n\t\t        \n\t\t        <div class=\"swiper-container-horizontal\">\n\t\t            \n\t\t        <\/div>\n\t\t    <\/div>\n\t\t\t\t<\/div>\n\t\t\t<\/div><\/p>\n","protected":false},"author":2,"featured_media":949,"parent":0,"menu_order":0,"comment_status":"closed","ping_status":"closed","template":"","meta":{"_et_pb_use_builder":"on","_et_pb_old_content":"","_et_gb_content_width":"","footnotes":""},"dipi_cpt_category":[],"class_list":["post-948","page","type-page","status-publish","has-post-thumbnail","hentry"],"_links":{"self":[{"href":"https:\/\/knowyn.se\/da\/wp-json\/wp\/v2\/pages\/948","targetHints":{"allow":["GET"]}}],"collection":[{"href":"https:\/\/knowyn.se\/da\/wp-json\/wp\/v2\/pages"}],"about":[{"href":"https:\/\/knowyn.se\/da\/wp-json\/wp\/v2\/types\/page"}],"author":[{"embeddable":true,"href":"https:\/\/knowyn.se\/da\/wp-json\/wp\/v2\/users\/2"}],"replies":[{"embeddable":true,"href":"https:\/\/knowyn.se\/da\/wp-json\/wp\/v2\/comments?post=948"}],"version-history":[{"count":4,"href":"https:\/\/knowyn.se\/da\/wp-json\/wp\/v2\/pages\/948\/revisions"}],"predecessor-version":[{"id":1587,"href":"https:\/\/knowyn.se\/da\/wp-json\/wp\/v2\/pages\/948\/revisions\/1587"}],"wp:featuredmedia":[{"embeddable":true,"href":"https:\/\/knowyn.se\/da\/wp-json\/wp\/v2\/media\/949"}],"wp:attachment":[{"href":"https:\/\/knowyn.se\/da\/wp-json\/wp\/v2\/media?parent=948"}],"wp:term":[{"taxonomy":"dipi_cpt_category","embeddable":true,"href":"https:\/\/knowyn.se\/da\/wp-json\/wp\/v2\/dipi_cpt_category?post=948"}],"curies":[{"name":"wp","href":"https:\/\/api.w.org\/{rel}","templated":true}]}}