{"id":1239,"date":"2025-07-19T22:19:16","date_gmt":"2025-07-19T20:19:16","guid":{"rendered":"https:\/\/knowyn.se\/kontakt\/"},"modified":"2026-02-12T15:20:37","modified_gmt":"2026-02-12T13:20:37","slug":"kontakt","status":"publish","type":"page","link":"https:\/\/knowyn.se\/da\/kontakt\/","title":{"rendered":"Kontakt"},"content":{"rendered":"<p>[et_pb_section fb_built=&#8221;1&#8243; custom_padding_last_edited=&#8221;on|phone&#8221; _builder_version=&#8221;4.27.4&#8243; _module_preset=&#8221;default&#8221; use_background_color_gradient=&#8221;on&#8221; background_color_gradient_direction=&#8221;90deg&#8221; background_color_gradient_stops=&#8221;rgba(93,82,159,0.8) 0%|rgba(244,241,225,0.55) 100%&#8221; background_color_gradient_overlays_image=&#8221;on&#8221; background_image=&#8221;https:\/\/knowyn.se\/wp-content\/uploads\/2025\/07\/knowyn-hogre-patientnojdhet-img.webp&#8221; custom_padding=&#8221;120px||120px||false|false&#8221; custom_padding_tablet=&#8221;120px||120px||false|false&#8221; custom_padding_phone=&#8221;80px||80px||false|false&#8221; global_colors_info=&#8221;{}&#8221;][et_pb_row column_structure=&#8221;1_2,1_2&#8243; _builder_version=&#8221;4.27.4&#8243; _module_preset=&#8221;default&#8221; global_colors_info=&#8221;{}&#8221;][et_pb_column type=&#8221;1_2&#8243; _builder_version=&#8221;4.27.4&#8243; _module_preset=&#8221;default&#8221; global_colors_info=&#8221;{}&#8221;][et_pb_text _builder_version=&#8221;4.27.4&#8243; _module_preset=&#8221;default&#8221; header_font=&#8221;|700|||||||&#8221; header_text_color=&#8221;#F4F1E1&#8243; header_font_size=&#8221;40px&#8221; max_width=&#8221;380px&#8221; custom_margin=&#8221;||0px||false|false&#8221; custom_padding=&#8221;||||false|false&#8221; header_font_size_tablet=&#8221;40px&#8221; header_font_size_phone=&#8221;32px&#8221; header_font_size_last_edited=&#8221;on|phone&#8221; global_colors_info=&#8221;{}&#8221;]<\/p>\n<h1>Kom i kontakt med os<\/h1>\n<p>[\/et_pb_text][et_pb_text _builder_version=&#8221;4.27.4&#8243; _module_preset=&#8221;default&#8221; text_font=&#8221;|700|||||||&#8221; text_text_color=&#8221;#F4F1E1&#8243; link_text_color=&#8221;#F4F1E1&#8243; global_colors_info=&#8221;{}&#8221; link_text_color__hover_enabled=&#8221;on|hover&#8221; link_text_color__hover=&#8221;#E3DCB5&#8243;]<\/p>\n<p><a href=\"https:\/\/calendar.google.com\/calendar\/embed?src=magnus%40knowyn.se&amp;ctz=Europe%2FStockholm\">Book demo<\/a><\/p>\n<p>[\/et_pb_text][et_pb_text _builder_version=&#8221;4.27.4&#8243; _module_preset=&#8221;default&#8221; text_text_color=&#8221;#FFFFFF&#8221; custom_margin=&#8221;||40px|||&#8221; global_colors_info=&#8221;{}&#8221;]<\/p>\n<p>Knowyn tilbyder professionel st\u00f8tte til klinikker, der \u00f8nsker<br \/>at effektivisere deres drift, styrke deres lederskab og skabe<br \/>b\u00e6redygtig v\u00e6kst. Med b\u00e5de menneskelig ekspertise og digitale<br \/>v\u00e6rkt\u00f8jer hj\u00e6lper vi jer med at udvikle virksomheden, fra<br \/>strategi til hverdag. <\/p>\n<p>[\/et_pb_text][dipi_button_grid flex_direction=&#8221;row&#8221; justify_content=&#8221;flex-start&#8221; _builder_version=&#8221;4.27.5&#8243; _module_preset=&#8221;default&#8221; custom_button_grid=&#8221;on&#8221; custom_margin=&#8221;||||false|false&#8221; custom_padding=&#8221;||||false|false&#8221; global_colors_info=&#8221;{}&#8221;][dipi_button_grid_child button_id=&#8221;bd&#8221; button_type=&#8221;dp_button&#8221; button_text=&#8221;Book demo&#8221; button_link=&#8221;https:\/\/knowyn.se\/da\/kontakt\/#boka-demo&#8221; _builder_version=&#8221;4.27.5&#8243; _module_preset=&#8221;default&#8221; custom_button=&#8221;on&#8221; button_text_color=&#8221;#FFFFFF&#8221; button_bg_color=&#8221;#5D529F&#8221; button_border_width=&#8221;2px&#8221; button_border_color=&#8221;#5D529F&#8221; button_font=&#8221;|700||on|||||&#8221; button_use_icon=&#8221;off&#8221; custom_margin=&#8221;|||0px|false|false&#8221; global_colors_info=&#8221;{}&#8221; button_text_color__hover_enabled=&#8221;on|hover&#8221; button_text_color__hover=&#8221;#5D529F&#8221; button_bg_color__hover_enabled=&#8221;on|desktop&#8221; button_bg_color__hover=&#8221;#FFFFFF&#8221; button_bg_enable_color__hover=&#8221;on&#8221; button_border_color__hover_enabled=&#8221;on|hover&#8221; button_border_color__hover=&#8221;#FFFFFF&#8221;][\/dipi_button_grid_child][dipi_button_grid_child button_id=&#8221;bk&#8221; button_type=&#8221;dp_button&#8221; button_text=&#8221;bliv kunde&#8221; button_link=&#8221;https:\/\/knowyn.online\/checkout\/da&#8221; _builder_version=&#8221;4.27.5&#8243; _module_preset=&#8221;default&#8221; custom_button=&#8221;on&#8221; button_text_color=&#8221;#FFFFFF&#8221; button_bg_color=&#8221;RGBA(255,255,255,0)&#8221; button_border_width=&#8221;2px&#8221; button_border_color=&#8221;#FFFFFF&#8221; button_font=&#8221;|700||on|||||&#8221; global_colors_info=&#8221;{}&#8221; button_text_color__hover_enabled=&#8221;on|hover&#8221; button_text_color__hover=&#8221;#5D529F&#8221; button_bg_color__hover_enabled=&#8221;on|desktop&#8221; button_bg_color__hover=&#8221;#FFFFFF&#8221; button_bg_enable_color__hover=&#8221;on&#8221; button_border_color__hover_enabled=&#8221;on|hover&#8221; button_border_color__hover=&#8221;#FFFFFF&#8221;][\/dipi_button_grid_child][\/dipi_button_grid][\/et_pb_column][et_pb_column type=&#8221;1_2&#8243; _builder_version=&#8221;4.27.4&#8243; _module_preset=&#8221;default&#8221; global_colors_info=&#8221;{}&#8221;][\/et_pb_column][\/et_pb_row][\/et_pb_section][et_pb_section fb_built=&#8221;1&#8243; custom_padding_last_edited=&#8221;on|phone&#8221; _builder_version=&#8221;4.27.4&#8243; _module_preset=&#8221;default&#8221; custom_padding_tablet=&#8221;&#8221; custom_padding_phone=&#8221;||20px||false|false&#8221; global_colors_info=&#8221;{}&#8221;][et_pb_row _builder_version=&#8221;4.27.4&#8243; _module_preset=&#8221;default&#8221; global_colors_info=&#8221;{}&#8221;][et_pb_column type=&#8221;4_4&#8243; _builder_version=&#8221;4.27.4&#8243; _module_preset=&#8221;default&#8221; global_colors_info=&#8221;{}&#8221;][et_pb_text _builder_version=&#8221;4.27.4&#8243; _module_preset=&#8221;default&#8221; text_font=&#8221;|700|||||||&#8221; header_font=&#8221;|700|||||||&#8221; header_3_font=&#8221;|700|||||||&#8221; header_3_text_align=&#8221;center&#8221; header_3_font_size=&#8221;26px&#8221; global_colors_info=&#8221;{}&#8221;]<\/p>\n<h3>Kontaktoplysninger &amp; demobooking<\/h3>\n<p>[\/et_pb_text][\/et_pb_column][\/et_pb_row][et_pb_row column_structure=&#8221;1_3,1_3,1_3&#8243; make_equal=&#8221;on&#8221; module_id=&#8221;boka-demo&#8221; _builder_version=&#8221;4.27.4&#8243; _module_preset=&#8221;default&#8221; global_colors_info=&#8221;{}&#8221;][et_pb_column type=&#8221;1_3&#8243; _builder_version=&#8221;4.27.4&#8243; _module_preset=&#8221;default&#8221; background_color=&#8221;#5D529F&#8221; custom_padding=&#8221;80px|20px|80px|20px|true|true&#8221; border_radii=&#8221;on|20px|20px|20px|20px&#8221; global_colors_info=&#8221;{}&#8221;][et_pb_text _builder_version=&#8221;4.27.4&#8243; _module_preset=&#8221;default&#8221; text_text_color=&#8221;#FFFFFF&#8221; link_text_color=&#8221;#FFFFFF&#8221; header_4_font=&#8221;|700|||||||&#8221; header_4_text_align=&#8221;center&#8221; header_4_text_color=&#8221;#F4F1E1&#8243; text_orientation=&#8221;center&#8221; global_colors_info=&#8221;{}&#8221; link_text_color__hover_enabled=&#8221;on|hover&#8221; link_text_color__hover=&#8221;#F4F1E1&#8243;]<\/p>\n<h4>Magnus Rosell<\/h4>\n<p><a href=\"mailto:magnus@knowyn.se\">magnus@knowyn.se<\/a><\/p>\n<p>Book en demo med mig.<\/p>\n<p>[\/et_pb_text][et_pb_button button_url=&#8221;https:\/\/calendar.app.google\/N1MhRHsKuftZ6QNj6&#8243; button_text=&#8221;Demo Magnus&#8221; button_alignment=&#8221;center&#8221; _builder_version=&#8221;4.27.4&#8243; _module_preset=&#8221;default&#8221; button_text_color=&#8221;#FFFFFF&#8221; button_bg_color=&#8221;RGBA(255,255,255,0)&#8221; button_border_color=&#8221;#FFFFFF&#8221; custom_margin=&#8221;35px||||false|false&#8221; button_bg_color_last_edited=&#8221;off|desktop&#8221; global_colors_info=&#8221;{}&#8221; button_bg_color__hover_enabled=&#8221;on|hover&#8221; button_bg_color__hover=&#8221;#FFFFFF&#8221; button_bg_enable_color__hover=&#8221;on&#8221; button_text_color__hover_enabled=&#8221;on|desktop&#8221; button_text_color__hover=&#8221;#5D529F&#8221; button_border_width__hover_enabled=&#8221;off|desktop&#8221; button_border_color__hover_enabled=&#8221;on|hover&#8221; button_border_color__hover=&#8221;#FFFFFF&#8221;][\/et_pb_button][\/et_pb_column][et_pb_column type=&#8221;1_3&#8243; _builder_version=&#8221;4.27.4&#8243; _module_preset=&#8221;default&#8221; background_color=&#8221;#5D529F&#8221; custom_padding=&#8221;80px|20px|80px|20px|true|true&#8221; border_radii=&#8221;on|20px|20px|20px|20px&#8221; global_colors_info=&#8221;{}&#8221;][et_pb_text _builder_version=&#8221;4.27.4&#8243; _module_preset=&#8221;default&#8221; text_text_color=&#8221;#FFFFFF&#8221; link_text_color=&#8221;#FFFFFF&#8221; header_4_font=&#8221;|700|||||||&#8221; header_4_text_align=&#8221;center&#8221; header_4_text_color=&#8221;#F4F1E1&#8243; text_orientation=&#8221;center&#8221; global_colors_info=&#8221;{}&#8221; link_text_color__hover_enabled=&#8221;on|hover&#8221; link_text_color__hover=&#8221;#F4F1E1&#8243;]<\/p>\n<h4>Marcus Dagnelid<\/h4>\n<p><a href=\"mailto:marcus@knowyn.se\">marcus@knowyn.se<\/a><\/p>\n<p>Book en demo med mig.<\/p>\n<p>[\/et_pb_text][et_pb_button button_url=&#8221;https:\/\/calendar.app.google\/RdE9pkVGY4GdFbbU6&#8243; button_text=&#8221;Demo Marcus&#8221; button_alignment=&#8221;center&#8221; _builder_version=&#8221;4.27.4&#8243; _module_preset=&#8221;default&#8221; button_text_color=&#8221;#FFFFFF&#8221; button_bg_color=&#8221;RGBA(255,255,255,0)&#8221; button_border_color=&#8221;#FFFFFF&#8221; custom_margin=&#8221;35px||||false|false&#8221; button_bg_color_last_edited=&#8221;off|desktop&#8221; global_colors_info=&#8221;{}&#8221; button_bg_color__hover_enabled=&#8221;on|hover&#8221; button_bg_color__hover=&#8221;#FFFFFF&#8221; button_bg_enable_color__hover=&#8221;on&#8221; button_text_color__hover_enabled=&#8221;on|desktop&#8221; button_text_color__hover=&#8221;#5D529F&#8221; button_border_width__hover_enabled=&#8221;off|desktop&#8221; button_border_color__hover_enabled=&#8221;on|hover&#8221; button_border_color__hover=&#8221;#FFFFFF&#8221;][\/et_pb_button][\/et_pb_column][et_pb_column type=&#8221;1_3&#8243; _builder_version=&#8221;4.27.4&#8243; _module_preset=&#8221;default&#8221; background_color=&#8221;#5D529F&#8221; custom_padding=&#8221;80px|20px|80px|20px|true|true&#8221; border_radii=&#8221;on|20px|20px|20px|20px&#8221; global_colors_info=&#8221;{}&#8221;][et_pb_text _builder_version=&#8221;4.27.4&#8243; _module_preset=&#8221;default&#8221; text_text_color=&#8221;#FFFFFF&#8221; link_text_color=&#8221;#FFFFFF&#8221; header_4_font=&#8221;|700|||||||&#8221; header_4_text_align=&#8221;center&#8221; header_4_text_color=&#8221;#F4F1E1&#8243; text_orientation=&#8221;center&#8221; global_colors_info=&#8221;{}&#8221; link_text_color__hover_enabled=&#8221;on|hover&#8221; link_text_color__hover=&#8221;#F4F1E1&#8243;]<\/p>\n<h4>Tekniske sp\u00f8rgsm\u00e5l\/support<\/h4>\n<p><a href=\"mailto:support@knowyn.se\">support@knowyn.se<\/a><\/p>\n<p>[\/et_pb_text][et_pb_icon font_icon=&#8221;&#xf509;||fa||900&#8243; icon_color=&#8221;#FFFFFF&#8221; icon_width=&#8221;78px&#8221; _builder_version=&#8221;4.27.4&#8243; _module_preset=&#8221;default&#8221; custom_margin=&#8221;35px||||false|false&#8221; global_colors_info=&#8221;{}&#8221;][\/et_pb_icon][\/et_pb_column][\/et_pb_row][\/et_pb_section][et_pb_section fb_built=&#8221;1&#8243; custom_padding_last_edited=&#8221;on|phone&#8221; _builder_version=&#8221;4.27.4&#8243; _module_preset=&#8221;default&#8221; custom_padding=&#8221;80px||0px||false|false&#8221; custom_padding_tablet=&#8221;80px||0px||false|false&#8221; custom_padding_phone=&#8221;20px||0px||false|false&#8221; global_colors_info=&#8221;{}&#8221;][et_pb_row _builder_version=&#8221;4.27.4&#8243; _module_preset=&#8221;default&#8221; z_index=&#8221;152&#8243; custom_margin=&#8221;||-80px||false|false&#8221; custom_margin_tablet=&#8221;||-80px||false|false&#8221; custom_margin_phone=&#8221;||-40px||false|false&#8221; custom_margin_last_edited=&#8221;on|phone&#8221; custom_padding=&#8221;||0px||false|false&#8221; global_colors_info=&#8221;{}&#8221;][et_pb_column type=&#8221;4_4&#8243; _builder_version=&#8221;4.27.4&#8243; _module_preset=&#8221;default&#8221; global_colors_info=&#8221;{}&#8221;][et_pb_image src=&#8221;https:\/\/knowyn.se\/wp-content\/uploads\/2025\/07\/Patienter-Knowyn.webp&#8221; title_text=&#8221;Patienter Knowyn&#8221; _builder_version=&#8221;4.27.4&#8243; _module_preset=&#8221;default&#8221; position_origin_a=&#8221;bottom_center&#8221; width=&#8221;100%&#8221; animation_style=&#8221;slide&#8221; animation_direction=&#8221;bottom&#8221; border_radii=&#8221;on|15px|15px|15px|15px&#8221; box_shadow_style=&#8221;preset1&#8243; box_shadow_color=&#8221;rgba(0,0,0,0.2)&#8221; global_colors_info=&#8221;{}&#8221;][\/et_pb_image][\/et_pb_column][\/et_pb_row][\/et_pb_section][et_pb_section fb_built=&#8221;1&#8243; _builder_version=&#8221;4.27.4&#8243; _module_preset=&#8221;default&#8221; background_color=&#8221;#5D529F&#8221; z_index=&#8221;488&#8243; custom_margin=&#8221;||||false|false&#8221; global_colors_info=&#8221;{}&#8221;][et_pb_row _builder_version=&#8221;4.27.4&#8243; _module_preset=&#8221;default&#8221; background_enable_color=&#8221;off&#8221; max_width=&#8221;500px&#8221; custom_padding=&#8221;80px||80px||false|false&#8221; global_colors_info=&#8221;{}&#8221;][et_pb_column type=&#8221;4_4&#8243; _builder_version=&#8221;4.27.4&#8243; _module_preset=&#8221;default&#8221; global_colors_info=&#8221;{}&#8221;][et_pb_text _builder_version=&#8221;4.27.4&#8243; _module_preset=&#8221;default&#8221; header_5_font=&#8221;||||||||&#8221; header_5_text_align=&#8221;center&#8221; header_5_text_color=&#8221;#FFFFFF&#8221; header_5_font_size=&#8221;30px&#8221; module_alignment=&#8221;center&#8221; custom_padding=&#8221;||50px||false|false&#8221; header_5_font_size_tablet=&#8221;30px&#8221; header_5_font_size_phone=&#8221;24px&#8221; header_5_font_size_last_edited=&#8221;on|phone&#8221; global_colors_info=&#8221;{}&#8221;]<\/p>\n<h5>For at forst\u00e5 v\u00e6rkt\u00f8jets fulde kraft anbefales en <strong>personlig demo<\/strong>. Bagefter er det umuligt at v\u00e6re uden! <\/h5>\n<p>[\/et_pb_text][dipi_button_grid flex_direction=&#8221;row&#8221; _builder_version=&#8221;4.27.5&#8243; _module_preset=&#8221;default&#8221; global_colors_info=&#8221;{}&#8221;][dipi_button_grid_child button_id=&#8221;bd&#8221; button_type=&#8221;dp_button&#8221; button_text=&#8221;Book demo&#8221; button_link=&#8221;https:\/\/knowyn.se\/da\/kontakt\/#boka-demo&#8221; _builder_version=&#8221;4.27.5&#8243; _module_preset=&#8221;default&#8221; custom_button=&#8221;on&#8221; button_text_color=&#8221;#5D529F&#8221; button_bg_color=&#8221;#FFFFFF&#8221; button_border_width=&#8221;2px&#8221; button_border_color=&#8221;#FFFFFF&#8221; button_font=&#8221;|700||on|||||&#8221; global_colors_info=&#8221;{}&#8221; button_text_color__hover_enabled=&#8221;on|hover&#8221; button_text_color__hover=&#8221;#FFFFFF&#8221; button_bg_color__hover_enabled=&#8221;on|hover&#8221; button_bg_color__hover=&#8221;#5D529F&#8221; button_bg_enable_color__hover=&#8221;on&#8221;][\/dipi_button_grid_child][dipi_button_grid_child button_id=&#8221;bk&#8221; button_type=&#8221;dp_button&#8221; button_text=&#8221;bliv kunde&#8221; button_link=&#8221;https:\/\/knowyn.online\/checkout\/da&#8221; _builder_version=&#8221;4.27.5&#8243; _module_preset=&#8221;default&#8221; custom_button=&#8221;on&#8221; button_text_color=&#8221;#FFFFFF&#8221; button_bg_color=&#8221;#5D529F&#8221; button_border_width=&#8221;2px&#8221; button_border_color=&#8221;#FFFFFF&#8221; button_font=&#8221;|700||on|||||&#8221; global_colors_info=&#8221;{}&#8221; button_text_color__hover_enabled=&#8221;on|hover&#8221; button_text_color__hover=&#8221;#5D529F&#8221; button_bg_color__hover_enabled=&#8221;on|hover&#8221; button_bg_color__hover=&#8221;#FFFFFF&#8221; button_bg_enable_color__hover=&#8221;on&#8221;][\/dipi_button_grid_child][\/dipi_button_grid][\/et_pb_column][\/et_pb_row][\/et_pb_section]<\/p>\n","protected":false},"excerpt":{"rendered":"<p>Kom i kontakt med osBook demoKnowyn tilbyder professionel st\u00f8tte til klinikker, der \u00f8nskerat effektivisere deres drift, styrke deres lederskab og skabeb\u00e6redygtig v\u00e6kst. Med b\u00e5de menneskelig ekspertise og digitalev\u00e6rkt\u00f8jer hj\u00e6lper vi jer med at udvikle virksomheden, frastrategi til hverdag. <div class=\"et_pb_module dipi_button_grid dipi_button_grid_0\">\n\t\t\t\t\n\t\t\t\t\n\t\t\t\t\n\t\t\t\t\n\t\t\t\t\n\t\t\t\t\n\t\t\t\t<div class=\"et_pb_module_inner\">\n\t\t\t\t\t<div class=\"dipi-button-grid-container\">\n                \n            <\/div>\n\t\t\t\t<\/div>\n\t\t\t<\/div><div class=\"et_pb_module dipi_button_grid_child dipi_button_grid_child_0\">\n\t\t\t\t\n\t\t\t\t\n\t\t\t\t\n\t\t\t\t\n\t\t\t\t\n\t\t\t\t\n\t\t\t\t<div class=\"et_pb_module_inner\">\n\t\t\t\t\t<div class=\"dipi-text-grid dipi-text-wrap\"><\/div>\n\t\t\t\t<\/div>\n\t\t\t<\/div><\/p>\n","protected":false},"author":2,"featured_media":981,"parent":0,"menu_order":0,"comment_status":"closed","ping_status":"closed","template":"","meta":{"_et_pb_use_builder":"on","_et_pb_old_content":"","_et_gb_content_width":"","footnotes":""},"dipi_cpt_category":[],"class_list":["post-1239","page","type-page","status-publish","has-post-thumbnail","hentry"],"_links":{"self":[{"href":"https:\/\/knowyn.se\/da\/wp-json\/wp\/v2\/pages\/1239","targetHints":{"allow":["GET"]}}],"collection":[{"href":"https:\/\/knowyn.se\/da\/wp-json\/wp\/v2\/pages"}],"about":[{"href":"https:\/\/knowyn.se\/da\/wp-json\/wp\/v2\/types\/page"}],"author":[{"embeddable":true,"href":"https:\/\/knowyn.se\/da\/wp-json\/wp\/v2\/users\/2"}],"replies":[{"embeddable":true,"href":"https:\/\/knowyn.se\/da\/wp-json\/wp\/v2\/comments?post=1239"}],"version-history":[{"count":5,"href":"https:\/\/knowyn.se\/da\/wp-json\/wp\/v2\/pages\/1239\/revisions"}],"predecessor-version":[{"id":1608,"href":"https:\/\/knowyn.se\/da\/wp-json\/wp\/v2\/pages\/1239\/revisions\/1608"}],"wp:featuredmedia":[{"embeddable":true,"href":"https:\/\/knowyn.se\/da\/wp-json\/wp\/v2\/media\/981"}],"wp:attachment":[{"href":"https:\/\/knowyn.se\/da\/wp-json\/wp\/v2\/media?parent=1239"}],"wp:term":[{"taxonomy":"dipi_cpt_category","embeddable":true,"href":"https:\/\/knowyn.se\/da\/wp-json\/wp\/v2\/dipi_cpt_category?post=1239"}],"curies":[{"name":"wp","href":"https:\/\/api.w.org\/{rel}","templated":true}]}}