{"id":1221,"date":"2025-09-04T09:16:19","date_gmt":"2025-09-04T07:16:19","guid":{"rendered":"https:\/\/knowyn.se\/privatlivspolitik\/"},"modified":"2025-10-29T17:08:13","modified_gmt":"2025-10-29T15:08:13","slug":"privatlivspolitik","status":"publish","type":"page","link":"https:\/\/knowyn.se\/da\/privatlivspolitik\/","title":{"rendered":"Privatlivspolitik"},"content":{"rendered":"<p>[et_pb_section fb_built=&#8221;1&#8243; custom_padding_last_edited=&#8221;on|phone&#8221; _builder_version=&#8221;4.27.4&#8243; _module_preset=&#8221;default&#8221; background_color=&#8221;#F4F1E1&#8243; background_enable_image=&#8221;off&#8221; background_size=&#8221;custom&#8221; background_position=&#8221;bottom_right&#8221; background_horizontal_offset=&#8221;-170px&#8221; background_vertical_offset=&#8221;-420px&#8221; custom_padding=&#8221;120px||120px||false|false&#8221; custom_padding_tablet=&#8221;120px||120px||false|false&#8221; custom_padding_phone=&#8221;80px||80px||false|false&#8221; locked=&#8221;off&#8221; global_colors_info=&#8221;{}&#8221;][et_pb_row _builder_version=&#8221;4.27.4&#8243; _module_preset=&#8221;default&#8221; global_colors_info=&#8221;{}&#8221;][et_pb_column type=&#8221;4_4&#8243; _builder_version=&#8221;4.27.4&#8243; _module_preset=&#8221;default&#8221; global_colors_info=&#8221;{}&#8221;][et_pb_text _builder_version=&#8221;4.27.4&#8243; _module_preset=&#8221;default&#8221; text_font=&#8221;|300||on|||||&#8221; text_orientation=&#8221;center&#8221; custom_margin=&#8221;||||false|false&#8221; global_colors_info=&#8221;{}&#8221;]<\/p>\n<p>KNOWYN<\/p>\n<p>[\/et_pb_text][et_pb_text _builder_version=&#8221;4.27.4&#8243; _module_preset=&#8221;default&#8221; header_font=&#8221;|700|||||||&#8221; header_text_align=&#8221;center&#8221; header_text_color=&#8221;#5D529F&#8221; header_font_size=&#8221;40px&#8221; max_width=&#8221;550px&#8221; module_alignment=&#8221;center&#8221; custom_margin=&#8221;||40px||false|false&#8221; custom_padding=&#8221;||||false|false&#8221; header_font_size_tablet=&#8221;40px&#8221; header_font_size_phone=&#8221;32px&#8221; header_font_size_last_edited=&#8221;on|phone&#8221; global_colors_info=&#8221;{}&#8221;]<\/p>\n<h1>Privatlivspolitik<\/h1>\n<p>[\/et_pb_text][et_pb_icon font_icon=&#8221;&#x7e;||divi||400&#8243; icon_width_tablet=&#8221;70px&#8221; icon_width_phone=&#8221;70px&#8221; icon_width_last_edited=&#8221;on|phone&#8221; _builder_version=&#8221;4.27.4&#8243; _module_preset=&#8221;default&#8221; global_colors_info=&#8221;{}&#8221;][\/et_pb_icon][\/et_pb_column][\/et_pb_row][\/et_pb_section][et_pb_section fb_built=&#8221;1&#8243; custom_padding_last_edited=&#8221;on|phone&#8221; module_class=&#8221;pa-custom-background-mask-4&#8243; _builder_version=&#8221;4.27.4&#8243; _module_preset=&#8221;default&#8221; background_color=&#8221;#FFFFFF&#8221; custom_padding=&#8221;80px||80px||false|false&#8221; custom_padding_tablet=&#8221;||||false|false&#8221; custom_padding_phone=&#8221;||||false|false&#8221; global_colors_info=&#8221;{}&#8221;][et_pb_row make_equal=&#8221;on&#8221; _builder_version=&#8221;4.27.4&#8243; _module_preset=&#8221;default&#8221; z_index=&#8221;170&#8243; min_height_tablet=&#8221;420px&#8221; min_height_phone=&#8221;420px&#8221; min_height_last_edited=&#8221;off|desktop&#8221; custom_padding=&#8221;0px||0px||false|false&#8221; global_colors_info=&#8221;{}&#8221;][et_pb_column type=&#8221;4_4&#8243; _builder_version=&#8221;4.27.4&#8243; _module_preset=&#8221;default&#8221; global_colors_info=&#8221;{}&#8221;][et_pb_text _builder_version=&#8221;4.27.4&#8243; _module_preset=&#8221;default&#8221; text_font=&#8221;|700|||||||&#8221; text_font_size=&#8221;28px&#8221; max_width_tablet=&#8221;100%&#8221; max_width_phone=&#8221;100%&#8221; max_width_last_edited=&#8221;on|tablet&#8221; module_alignment=&#8221;center&#8221; custom_margin=&#8221;||60px||false|false&#8221; custom_margin_tablet=&#8221;||80px|||&#8221; custom_margin_phone=&#8221;||40px||false|false&#8221; custom_margin_last_edited=&#8221;off|desktop&#8221; global_colors_info=&#8221;{}&#8221;]<\/p>\n<p>Vores privatlivspolitik<\/p>\n<p>[\/et_pb_text][et_pb_text _builder_version=&#8221;4.27.4&#8243; _module_preset=&#8221;default&#8221; max_width_tablet=&#8221;100%&#8221; max_width_phone=&#8221;100%&#8221; max_width_last_edited=&#8221;off|desktop&#8221; module_alignment=&#8221;center&#8221; custom_margin=&#8221;||60px||false|false&#8221; custom_margin_tablet=&#8221;||80px|||&#8221; custom_margin_phone=&#8221;||40px||false|false&#8221; custom_margin_last_edited=&#8221;off|desktop&#8221; hover_enabled=&#8221;0&#8243; global_colors_info=&#8221;{}&#8221; sticky_enabled=&#8221;0&#8243;]<\/p>\n<p>Senest opdateret: 03-sep-2025<br \/>Gyldig fra: 03-sep-2025<\/p>\n<p>Denne privatlivspolitik beskriver retningslinjerne for Knowyn AB, Viktoriav\u00e4gen 11, 434 93 Vallda, Sverige, e-mail: <a href=\"mailto:info@knowyn.se\">info@knowyn.se<\/a>, telefon: <a href=\"tel:070-2324822\">070-2324822<\/a>, vedr\u00f8rende indsamling, brug og videregivelse af oplysninger, som vi indsamler, n\u00e5r du bruger vores hjemmeside (<a href=\"https:\/\/knowyn.se\/da\/\">https:\/\/knowyn.se\/<\/a>) (&#8220;Tjenesten&#8221;). Ved at f\u00e5 adgang til eller bruge Tjenesten samtykker du til indsamling, brug og videregivelse af dine oplysninger i overensstemmelse med denne privatlivspolitik. Hvis du ikke samtykker til dette, beder vi dig om ikke at f\u00e5 adgang til eller bruge Tjenesten.  <\/p>\n<p>Vi kan \u00e6ndre denne privatlivspolitik n\u00e5r som helst uden forudg\u00e5ende varsel til dig og vil offentligg\u00f8re den reviderede politik p\u00e5 Tjenesten. Den reviderede politik tr\u00e6der i kraft 180 dage efter, at den er blevet offentliggjort p\u00e5 Tjenesten, og din fortsatte adgang til eller brug af Tjenesten efter et s\u00e5dant tidspunkt udg\u00f8r din accept af den reviderede politik. Vi anbefaler derfor, at du regelm\u00e6ssigt gennemg\u00e5r denne side.  <\/p>\n<h3>Oplysninger vi indsamler<\/h3>\n<p>Vi kan komme til at indsamle og behandle f\u00f8lgende personoplysninger om dig:<\/p>\n<ul>\n<li>Navn<\/li>\n<li>E-mailadresse<\/li>\n<li>Mobilnummer<\/li>\n<li>F\u00f8dselsdato<\/li>\n<li>Adresse<\/li>\n<li>Arbejdsadresse<\/li>\n<li>Betalingsoplysninger<\/li>\n<\/ul>\n<h3>Hvordan vi bruger dine oplysninger<\/h3>\n<p>Vi bruger de oplysninger, vi indsamler om dig, til f\u00f8lgende form\u00e5l:<\/p>\n<ul>\n<li>Markedsf\u00f8ring \/ Promotion<\/li>\n<li>Opret brugerkonto<\/li>\n<li>Referencer \/ Anbefalinger<\/li>\n<li>Indsamling af kundefeedback<\/li>\n<li>H\u00e5ndh\u00e6velse af vilk\u00e5r<\/li>\n<li>H\u00e5ndtering af betalinger<\/li>\n<li>Support<\/li>\n<li>Administrativ information<\/li>\n<li>M\u00e5lrettet annoncering<\/li>\n<li>Tvistl\u00f8sning<\/li>\n<\/ul>\n<p>Hvis vi \u00f8nsker at bruge dine oplysninger til andre form\u00e5l, vil vi bede om dit samtykke og kun bruge dine oplysninger, efter vi har f\u00e5et dit samtykke, og kun til det\/de form\u00e5l, du har samtykket til, medmindre vi er forpligtet til at g\u00f8re andet if\u00f8lge loven.<\/p>\n<h3>Hvordan vi deler dine oplysninger<\/h3>\n<p>Vi vil ikke overf\u00f8re dine personoplysninger til tredjeparter uden at indhente dit samtykke, undtagen i begr\u00e6nsede tilf\u00e6lde som angivet nedenfor:<\/p>\n<ul>\n<li>Annoncenetv\u00e6rk<\/li>\n<li>Marketingbureauer<\/li>\n<li>Juridiske enheder<\/li>\n<li>Analysetjenester<\/li>\n<li>Betalingsh\u00e5ndtering \/ inddrivelse<\/li>\n<li>Dataindsamling &amp; -behandling<\/li>\n<\/ul>\n<p>Vi kr\u00e6ver, at s\u00e5danne tredjeparter kun bruger de personoplysninger, vi overf\u00f8rer til dem, til det form\u00e5l, som de blev overf\u00f8rt til, og ikke opbevarer dem l\u00e6ngere end n\u00f8dvendigt for at opfylde form\u00e5let.<\/p>\n<p>Vi kan ogs\u00e5 videregive dine personoplysninger i f\u00f8lgende situationer:<\/p>\n<ul>\n<li>For at opfylde g\u00e6ldende lov, forordning, domstolsafg\u00f8relse eller anden juridisk proces.<\/li>\n<li>For at h\u00e5ndh\u00e6ve vores aftaler med dig, herunder denne privatlivspolitik.<\/li>\n<li>For at svare p\u00e5 p\u00e5stande om, at din brug af Tjenesten kr\u00e6nker tredjeparters rettigheder.<\/li>\n<\/ul>\n<p>Hvis Tjenesten eller vores virksomhed fusioneres med eller opk\u00f8bes af en anden virksomhed, vil dine oplysninger v\u00e6re et af de aktiver, der overf\u00f8res til den nye ejer.<\/p>\n<h3>Opbevaring af dine oplysninger<\/h3>\n<p>Vi opbevarer dine personoplysninger i 90 dage til 2 \u00e5r efter, at brugerkontoen er afsluttet, eller s\u00e5 l\u00e6nge vi har brug for oplysningerne til at opfylde de form\u00e5l, der er angivet i denne privatlivspolitik. Vi kan have brug for at opbevare visse oplysninger i l\u00e6ngere tid til f.eks. bogf\u00f8ring, rapportering i overensstemmelse med g\u00e6ldende lov eller af andre legitime grunde s\u00e5som opretholdelse af juridiske rettigheder og forebyggelse af svindel. Resterende anonymiserede oplysninger eller aggregerede oplysninger, som ikke identificerer dig (hverken direkte eller indirekte), kan opbevares p\u00e5 ubestemt tid.   <\/p>\n<h3>Dine rettigheder<\/h3>\n<p>Afh\u00e6ngigt af hvilken lov der g\u00e6lder, kan du have ret til at f\u00e5 adgang til, rette eller slette dine personoplysninger, f\u00e5 en kopi af dine personoplysninger, begr\u00e6nse eller g\u00f8re indsigelse mod behandling af dine oplysninger, bede os overf\u00f8re (portere) dine oplysninger til en anden part, tilbagekalde samtykke, du har givet til behandling, samt ret til at indgive klage til tilsynsmyndigheden. For at ud\u00f8ve disse rettigheder kan du kontakte os via info@knowyn.se<br \/>. Vi vil svare p\u00e5 din anmodning i overensstemmelse med g\u00e6ldende lov.  <\/p>\n<p>Du kan til enhver tid frav\u00e6lge direkte markedsf\u00f8ring eller profilering, vi udf\u00f8rer til markedsf\u00f8ringsform\u00e5l, ved at skrive til os p\u00e5 <a href=\"mailto:info@knowyn.se\">info@knowyn.se<\/a>.<\/p>\n<p>Bem\u00e6rk, at hvis du ikke tillader os at indsamle eller behandle n\u00f8dvendige oplysninger, eller tilbagekalder samtykke til s\u00e5dan behandling, kan du muligvis ikke f\u00e5 adgang til eller bruge de tjenester, som oplysningerne var n\u00f8dvendige for.<\/p>\n<h3>Cookies m.m.<\/h3>\n<p>For at l\u00e6se mere om, hvordan vi bruger cookies og dine valgmuligheder i forbindelse med disse teknologier, se vores cookiepolitik.<\/p>\n<h3>Sikkerhed<\/h3>\n<p>Sikkerheden for dine oplysninger er vigtig for os, og vi bruger rimelige sikkerhedsforanstaltninger til at beskytte mod tab, misbrug eller uautoriseret adgang til, \u00e6ndring af eller videregivelse af dine oplysninger. I betragtning af de iboende risici kan vi dog ikke garantere absolut sikkerhed. Derfor kan vi ikke sikre eller garantere sikkerheden for oplysninger, du overf\u00f8rer til os, og du g\u00f8r dette p\u00e5 egen risiko.  <\/p>\n<h3>Links til tredjeparter &amp; brug af dine oplysninger<\/h3>\n<p>Tjenesten kan indeholde links til andre hjemmesider, som ikke drives af os. Denne privatlivspolitik d\u00e6kker ikke disse tredjeparters praksis. Vi anbefaler st\u00e6rkt, at du gennemg\u00e5r privatlivspolitikken for hver hjemmeside, du bes\u00f8ger. Vi har ingen kontrol over og p\u00e5tager os intet ansvar for indhold, privatlivspolitikker eller praksis p\u00e5 tredjeparters hjemmesider eller tjenester.   <\/p>\n<h3>Databeskyttelsesr\u00e5dgiver \/ Kontaktperson<\/h3>\n<p>Hvis du har sp\u00f8rgsm\u00e5l eller kommentarer vedr\u00f8rende vores behandling af dine oplysninger, kan du kontakte vores databeskyttelsesr\u00e5dgiver p\u00e5:<br \/>Knowyn AB, Viktoriav\u00e4gen 11, 434 93 Vallda, Sverige<br \/>E-mail: <a href=\"mailto:info@knowyn.se\">info@knowyn.se<\/a><\/p>\n<p>Vi vil behandle dine kommentarer i overensstemmelse med g\u00e6ldende lov.<\/p>\n<p>[\/et_pb_text][et_pb_button button_text=&#8221;Til startsiden&#8221; button_alignment=&#8221;left&#8221; _builder_version=&#8221;4.27.4&#8243; _module_preset=&#8221;default&#8221; custom_margin=&#8221;|15px|||false|false&#8221; locked=&#8221;off&#8221; global_colors_info=&#8221;{}&#8221;][\/et_pb_button][\/et_pb_column][\/et_pb_row][\/et_pb_section][et_pb_section fb_built=&#8221;1&#8243; custom_padding_last_edited=&#8221;on|phone&#8221; _builder_version=&#8221;4.27.4&#8243; _module_preset=&#8221;default&#8221; custom_padding=&#8221;80px||0px||false|false&#8221; custom_padding_tablet=&#8221;80px||0px||false|false&#8221; custom_padding_phone=&#8221;40px||0px||false|false&#8221; global_colors_info=&#8221;{}&#8221;][et_pb_row _builder_version=&#8221;4.27.4&#8243; _module_preset=&#8221;default&#8221; z_index=&#8221;152&#8243; custom_margin=&#8221;||-120px||false|false&#8221; custom_margin_tablet=&#8221;||-80px||false|false&#8221; custom_margin_phone=&#8221;||-40px||false|false&#8221; custom_margin_last_edited=&#8221;on|tablet&#8221; custom_padding=&#8221;||0px||false|false&#8221; global_colors_info=&#8221;{}&#8221;][et_pb_column type=&#8221;4_4&#8243; _builder_version=&#8221;4.27.4&#8243; _module_preset=&#8221;default&#8221; global_colors_info=&#8221;{}&#8221;][et_pb_image src=&#8221;https:\/\/knowyndev.hemsida.eu\/wp-content\/uploads\/2025\/07\/Patienter-Knowyn.webp&#8221; title_text=&#8221;Patienter Knowyn&#8221; _builder_version=&#8221;4.27.4&#8243; _module_preset=&#8221;default&#8221; position_origin_a=&#8221;bottom_center&#8221; width=&#8221;100%&#8221; animation_style=&#8221;slide&#8221; animation_direction=&#8221;bottom&#8221; border_radii=&#8221;on|15px|15px|15px|15px&#8221; box_shadow_style=&#8221;preset1&#8243; box_shadow_color=&#8221;rgba(0,0,0,0.2)&#8221; global_colors_info=&#8221;{}&#8221;][\/et_pb_image][\/et_pb_column][\/et_pb_row][\/et_pb_section][et_pb_section fb_built=&#8221;1&#8243; _builder_version=&#8221;4.27.4&#8243; _module_preset=&#8221;default&#8221; background_color=&#8221;#5D529F&#8221; z_index=&#8221;488&#8243; custom_margin=&#8221;||||false|false&#8221; global_colors_info=&#8221;{}&#8221;][et_pb_row _builder_version=&#8221;4.27.4&#8243; _module_preset=&#8221;default&#8221; background_enable_color=&#8221;off&#8221; custom_padding=&#8221;80px|5%|80px|5%|false|true&#8221; global_colors_info=&#8221;{}&#8221;][et_pb_column type=&#8221;4_4&#8243; _builder_version=&#8221;4.27.4&#8243; _module_preset=&#8221;default&#8221; global_colors_info=&#8221;{}&#8221;][et_pb_text _builder_version=&#8221;4.27.4&#8243; _module_preset=&#8221;default&#8221; header_5_font=&#8221;|700|||||||&#8221; header_5_text_align=&#8221;center&#8221; header_5_text_color=&#8221;#FFFFFF&#8221; header_5_font_size=&#8221;30px&#8221; max_width=&#8221;500px&#8221; module_alignment=&#8221;center&#8221; header_5_font_size_tablet=&#8221;30px&#8221; header_5_font_size_phone=&#8221;24px&#8221; header_5_font_size_last_edited=&#8221;on|phone&#8221; global_colors_info=&#8221;{}&#8221;]<\/p>\n<h5>Find patienter, der venter p\u00e5 at blive booket<\/h5>\n<p>[\/et_pb_text][et_pb_text _builder_version=&#8221;4.27.4&#8243; _module_preset=&#8221;default&#8221; text_text_color=&#8221;#FFFFFF&#8221; text_orientation=&#8221;center&#8221; max_width=&#8221;630px&#8221; module_alignment=&#8221;center&#8221; global_colors_info=&#8221;{}&#8221;]<\/p>\n<p>Kunder oplever bedre kontrol, flere bookede bes\u00f8g, \u00f8get oms\u00e6tning og bedre resultater. <strong>Alt dette for kun 229kr\/behandler per m\u00e5ned<\/strong><\/p>\n<p>[\/et_pb_text][et_pb_button button_text=&#8221;BLIV KUNDE I DAG&#8221; button_alignment=&#8221;center&#8221; _builder_version=&#8221;4.27.4&#8243; _module_preset=&#8221;default&#8221; button_text_color=&#8221;#FFFFFF&#8221; button_border_color=&#8221;#FFFFFF&#8221; custom_margin=&#8221;40px||||false|false&#8221; hover_enabled=&#8221;0&#8243; global_colors_info=&#8221;{}&#8221; button_text_color__hover_enabled=&#8221;on|hover&#8221; button_border_color__hover_enabled=&#8221;on|hover&#8221; button_border_color__hover=&#8221;#FFFFFF&#8221; button_bg_color__hover_enabled=&#8221;on|desktop&#8221; button_bg_color__hover=&#8221;#FFFFFF&#8221; button_bg_enable_color__hover=&#8221;on&#8221; button_text_color__hover=&#8221;#5D529F&#8221; button_url=&#8221;https:\/\/knowyn.online\/checkout\/&#8221; sticky_enabled=&#8221;0&#8243;][\/et_pb_button][\/et_pb_column][\/et_pb_row][\/et_pb_section]<\/p>\n","protected":false},"excerpt":{"rendered":"<p>KNOWYNPrivatlivspolitikVores privatlivspolitikSenest opdateret: 03-sep-2025Gyldig fra: 03-sep-2025 Denne privatlivspolitik beskriver retningslinjerne for Knowyn AB, Viktoriav\u00e4gen 11, 434 93 Vallda, Sverige, e-mail: info@knowyn.se, telefon: 070-2324822, vedr\u00f8rende indsamling, brug og videregivelse af oplysninger, som vi indsamler, n\u00e5r du bruger vores hjemmeside (https:\/\/knowyn.se\/) (&#8220;Tjenesten&#8221;). Ved at f\u00e5 adgang til eller bruge Tjenesten samtykker du til indsamling, brug og videregivelse [&hellip;]<\/p>\n","protected":false},"author":2,"featured_media":0,"parent":0,"menu_order":0,"comment_status":"closed","ping_status":"closed","template":"","meta":{"_et_pb_use_builder":"on","_et_pb_old_content":"","_et_gb_content_width":"","footnotes":""},"dipi_cpt_category":[],"class_list":["post-1221","page","type-page","status-publish","hentry"],"_links":{"self":[{"href":"https:\/\/knowyn.se\/da\/wp-json\/wp\/v2\/pages\/1221","targetHints":{"allow":["GET"]}}],"collection":[{"href":"https:\/\/knowyn.se\/da\/wp-json\/wp\/v2\/pages"}],"about":[{"href":"https:\/\/knowyn.se\/da\/wp-json\/wp\/v2\/types\/page"}],"author":[{"embeddable":true,"href":"https:\/\/knowyn.se\/da\/wp-json\/wp\/v2\/users\/2"}],"replies":[{"embeddable":true,"href":"https:\/\/knowyn.se\/da\/wp-json\/wp\/v2\/comments?post=1221"}],"version-history":[{"count":2,"href":"https:\/\/knowyn.se\/da\/wp-json\/wp\/v2\/pages\/1221\/revisions"}],"predecessor-version":[{"id":1223,"href":"https:\/\/knowyn.se\/da\/wp-json\/wp\/v2\/pages\/1221\/revisions\/1223"}],"wp:attachment":[{"href":"https:\/\/knowyn.se\/da\/wp-json\/wp\/v2\/media?parent=1221"}],"wp:term":[{"taxonomy":"dipi_cpt_category","embeddable":true,"href":"https:\/\/knowyn.se\/da\/wp-json\/wp\/v2\/dipi_cpt_category?post=1221"}],"curies":[{"name":"wp","href":"https:\/\/api.w.org\/{rel}","templated":true}]}}